{"id":46149,"date":"2022-07-14T09:39:03","date_gmt":"2022-07-14T07:39:03","guid":{"rendered":"https:\/\/label.nl\/lernfunktionen"},"modified":"2025-09-08T17:14:56","modified_gmt":"2025-09-08T15:14:56","slug":"lernfunktionen","status":"publish","type":"page","link":"https:\/\/label.nl\/de\/materialien-2\/lernen-sie\/lernfunktionen\/","title":{"rendered":"Lernfunktionen"},"content":{"rendered":"\t\t<div data-elementor-type=\"wp-page\" data-elementor-id=\"46149\" class=\"elementor elementor-46149 elementor-37500\" data-elementor-post-type=\"page\">\n\t\t\t\t\t\t<section class=\"elementor-section elementor-top-section elementor-element elementor-element-5dd0bb2 elementor-section-boxed elementor-section-height-default elementor-section-height-default\" data-id=\"5dd0bb2\" data-element_type=\"section\" data-e-type=\"section\">\n\t\t\t\t\t\t<div class=\"elementor-container elementor-column-gap-default\">\n\t\t\t\t\t<div class=\"elementor-column elementor-col-100 elementor-top-column elementor-element elementor-element-d601925\" data-id=\"d601925\" data-element_type=\"column\" data-e-type=\"column\">\n\t\t\t<div class=\"elementor-widget-wrap elementor-element-populated\">\n\t\t\t\t\t\t<div class=\"elementor-element elementor-element-5bc2d7a elementor-widget elementor-widget-heading\" data-id=\"5bc2d7a\" data-element_type=\"widget\" data-e-type=\"widget\" data-widget_type=\"heading.default\">\n\t\t\t\t<div class=\"elementor-widget-container\">\n\t\t\t\t\t<h2 class=\"elementor-heading-title elementor-size-default\">Die folgenden nat\u00fcrlichen Merkmale k\u00f6nnen in Leder vorkommen:<\/h2>\t\t\t\t<\/div>\n\t\t\t\t<\/div>\n\t\t\t\t\t<\/div>\n\t\t<\/div>\n\t\t\t\t\t<\/div>\n\t\t<\/section>\n\t\t\t\t<section class=\"elementor-section elementor-top-section elementor-element elementor-element-ff9147c elementor-section-boxed elementor-section-height-default elementor-section-height-default\" data-id=\"ff9147c\" data-element_type=\"section\" data-e-type=\"section\">\n\t\t\t\t\t\t<div class=\"elementor-container elementor-column-gap-default\">\n\t\t\t\t\t<div class=\"elementor-column elementor-col-25 elementor-top-column elementor-element elementor-element-60f26ec\" data-id=\"60f26ec\" data-element_type=\"column\" data-e-type=\"column\">\n\t\t\t<div class=\"elementor-widget-wrap elementor-element-populated\">\n\t\t\t\t\t\t<div class=\"elementor-element elementor-element-2636237 elementor-widget elementor-widget-image\" data-id=\"2636237\" data-element_type=\"widget\" data-e-type=\"widget\" data-widget_type=\"image.default\">\n\t\t\t\t<div class=\"elementor-widget-container\">\n\t\t\t\t\t\t\t\t\t\t\t\t<figure class=\"wp-caption\">\n\t\t\t\t\t\t\t\t\t\t<img decoding=\"async\" src=\"https:\/\/label.nl\/wp-content\/uploads\/2025\/09\/Horzelbeten.jpg\" title=\"Horzelbeten\" alt=\"Horzelbeten\" class=\"elementor-animation-grow\" loading=\"lazy\" \/>\t\t\t\t\t\t\t\t\t\t\t<figcaption class=\"widget-image-caption wp-caption-text\">Bremsenstiche und andere Insektenstiche d\u00fcrfen an sichtbaren Stellen verarbeitet werden.<\/figcaption>\n\t\t\t\t\t\t\t\t\t\t<\/figure>\n\t\t\t\t\t\t\t\t\t<\/div>\n\t\t\t\t<\/div>\n\t\t\t\t\t<\/div>\n\t\t<\/div>\n\t\t\t\t<div class=\"elementor-column elementor-col-25 elementor-top-column elementor-element elementor-element-0bf6da9\" data-id=\"0bf6da9\" data-element_type=\"column\" data-e-type=\"column\">\n\t\t\t<div class=\"elementor-widget-wrap elementor-element-populated\">\n\t\t\t\t\t\t<div class=\"elementor-element elementor-element-841b875 elementor-widget elementor-widget-image\" data-id=\"841b875\" data-element_type=\"widget\" data-e-type=\"widget\" data-widget_type=\"image.default\">\n\t\t\t\t<div class=\"elementor-widget-container\">\n\t\t\t\t\t\t\t\t\t\t\t\t<figure class=\"wp-caption\">\n\t\t\t\t\t\t\t\t\t\t<img fetchpriority=\"high\" decoding=\"async\" width=\"800\" height=\"455\" src=\"https:\/\/label.nl\/wp-content\/uploads\/2025\/09\/Hoornverwonding-1024x583.jpg\" class=\"elementor-animation-grow attachment-large size-large wp-image-55898\" alt=\"\" srcset=\"https:\/\/label.nl\/wp-content\/uploads\/2025\/09\/Hoornverwonding-1024x583.jpg 1024w, https:\/\/label.nl\/wp-content\/uploads\/2025\/09\/Hoornverwonding-300x171.jpg 300w, https:\/\/label.nl\/wp-content\/uploads\/2025\/09\/Hoornverwonding-768x437.jpg 768w, https:\/\/label.nl\/wp-content\/uploads\/2025\/09\/Hoornverwonding-600x342.jpg 600w, https:\/\/label.nl\/wp-content\/uploads\/2025\/09\/Hoornverwonding.jpg 1029w\" sizes=\"(max-width: 800px) 100vw, 800px\" \/>\t\t\t\t\t\t\t\t\t\t\t<figcaption class=\"widget-image-caption wp-caption-text\">Hornverletzungen und Sch\u00fcrfwunden d\u00fcrfen, sofern verheilt, sichtbar verpolstert werden.<\/figcaption>\n\t\t\t\t\t\t\t\t\t\t<\/figure>\n\t\t\t\t\t\t\t\t\t<\/div>\n\t\t\t\t<\/div>\n\t\t\t\t\t<\/div>\n\t\t<\/div>\n\t\t\t\t<div class=\"elementor-column elementor-col-25 elementor-top-column elementor-element elementor-element-34b7317\" data-id=\"34b7317\" data-element_type=\"column\" data-e-type=\"column\">\n\t\t\t<div class=\"elementor-widget-wrap elementor-element-populated\">\n\t\t\t\t\t\t<div class=\"elementor-element elementor-element-cb6a94f elementor-widget elementor-widget-image\" data-id=\"cb6a94f\" data-element_type=\"widget\" data-e-type=\"widget\" data-widget_type=\"image.default\">\n\t\t\t\t<div class=\"elementor-widget-container\">\n\t\t\t\t\t\t\t\t\t\t\t\t<figure class=\"wp-caption\">\n\t\t\t\t\t\t\t\t\t\t<img decoding=\"async\" width=\"800\" height=\"451\" src=\"https:\/\/label.nl\/wp-content\/uploads\/2025\/09\/Insectenbeten.jpg\" class=\"elementor-animation-grow attachment-large size-large wp-image-55901\" alt=\"\" srcset=\"https:\/\/label.nl\/wp-content\/uploads\/2025\/09\/Insectenbeten.jpg 1014w, https:\/\/label.nl\/wp-content\/uploads\/2025\/09\/Insectenbeten-300x169.jpg 300w, https:\/\/label.nl\/wp-content\/uploads\/2025\/09\/Insectenbeten-768x433.jpg 768w, https:\/\/label.nl\/wp-content\/uploads\/2025\/09\/Insectenbeten-600x338.jpg 600w\" sizes=\"(max-width: 800px) 100vw, 800px\" \/>\t\t\t\t\t\t\t\t\t\t\t<figcaption class=\"widget-image-caption wp-caption-text\">Insektenstiche beeintr\u00e4chtigen die Qualit\u00e4t des Leders nicht.<\/figcaption>\n\t\t\t\t\t\t\t\t\t\t<\/figure>\n\t\t\t\t\t\t\t\t\t<\/div>\n\t\t\t\t<\/div>\n\t\t\t\t\t<\/div>\n\t\t<\/div>\n\t\t\t\t<div class=\"elementor-column elementor-col-25 elementor-top-column elementor-element elementor-element-cf5bce6\" data-id=\"cf5bce6\" data-element_type=\"column\" data-e-type=\"column\">\n\t\t\t<div class=\"elementor-widget-wrap elementor-element-populated\">\n\t\t\t\t\t\t<div class=\"elementor-element elementor-element-597960b elementor-widget elementor-widget-image\" data-id=\"597960b\" data-element_type=\"widget\" data-e-type=\"widget\" data-widget_type=\"image.default\">\n\t\t\t\t<div class=\"elementor-widget-container\">\n\t\t\t\t\t\t\t\t\t\t\t\t<figure class=\"wp-caption\">\n\t\t\t\t\t\t\t\t\t\t<img decoding=\"async\" width=\"800\" height=\"458\" src=\"https:\/\/label.nl\/wp-content\/uploads\/2025\/09\/Mestvlekken.jpg\" class=\"elementor-animation-grow attachment-large size-large wp-image-55904\" alt=\"\" srcset=\"https:\/\/label.nl\/wp-content\/uploads\/2025\/09\/Mestvlekken.jpg 1024w, https:\/\/label.nl\/wp-content\/uploads\/2025\/09\/Mestvlekken-300x172.jpg 300w, https:\/\/label.nl\/wp-content\/uploads\/2025\/09\/Mestvlekken-768x440.jpg 768w, https:\/\/label.nl\/wp-content\/uploads\/2025\/09\/Mestvlekken-600x343.jpg 600w\" sizes=\"(max-width: 800px) 100vw, 800px\" \/>\t\t\t\t\t\t\t\t\t\t\t<figcaption class=\"widget-image-caption wp-caption-text\">Dungflecken sind nat\u00fcrliche Merkmale in Leder.<\/figcaption>\n\t\t\t\t\t\t\t\t\t\t<\/figure>\n\t\t\t\t\t\t\t\t\t<\/div>\n\t\t\t\t<\/div>\n\t\t\t\t\t<\/div>\n\t\t<\/div>\n\t\t\t\t\t<\/div>\n\t\t<\/section>\n\t\t\t\t<section class=\"elementor-section elementor-top-section elementor-element elementor-element-e7f0131 elementor-section-boxed elementor-section-height-default elementor-section-height-default\" data-id=\"e7f0131\" data-element_type=\"section\" data-e-type=\"section\">\n\t\t\t\t\t\t<div class=\"elementor-container elementor-column-gap-default\">\n\t\t\t\t\t<div class=\"elementor-column elementor-col-25 elementor-top-column elementor-element elementor-element-dab8450\" data-id=\"dab8450\" data-element_type=\"column\" data-e-type=\"column\">\n\t\t\t<div class=\"elementor-widget-wrap elementor-element-populated\">\n\t\t\t\t\t\t<div class=\"elementor-element elementor-element-aacf7b2 elementor-widget elementor-widget-image\" data-id=\"aacf7b2\" data-element_type=\"widget\" data-e-type=\"widget\" data-widget_type=\"image.default\">\n\t\t\t\t<div class=\"elementor-widget-container\">\n\t\t\t\t\t\t\t\t\t\t\t\t<figure class=\"wp-caption\">\n\t\t\t\t\t\t\t\t\t\t<img decoding=\"async\" src=\"https:\/\/label.nl\/wp-content\/uploads\/2025\/09\/Nekplooien.jpg\" title=\"Nekplooien\" alt=\"Nekplooien\" class=\"elementor-animation-grow\" loading=\"lazy\" \/>\t\t\t\t\t\t\t\t\t\t\t<figcaption class=\"widget-image-caption wp-caption-text\">Nackenfalten verleihen ein robustes Aussehen.<\/figcaption>\n\t\t\t\t\t\t\t\t\t\t<\/figure>\n\t\t\t\t\t\t\t\t\t<\/div>\n\t\t\t\t<\/div>\n\t\t\t\t\t<\/div>\n\t\t<\/div>\n\t\t\t\t<div class=\"elementor-column elementor-col-25 elementor-top-column elementor-element elementor-element-e9de253\" data-id=\"e9de253\" data-element_type=\"column\" data-e-type=\"column\">\n\t\t\t<div class=\"elementor-widget-wrap elementor-element-populated\">\n\t\t\t\t\t\t<div class=\"elementor-element elementor-element-432fc00 elementor-widget elementor-widget-image\" data-id=\"432fc00\" data-element_type=\"widget\" data-e-type=\"widget\" data-widget_type=\"image.default\">\n\t\t\t\t<div class=\"elementor-widget-container\">\n\t\t\t\t\t\t\t\t\t\t\t\t<figure class=\"wp-caption\">\n\t\t\t\t\t\t\t\t\t\t<img loading=\"lazy\" decoding=\"async\" width=\"800\" height=\"459\" src=\"https:\/\/label.nl\/wp-content\/uploads\/2025\/09\/Nerven.jpg\" class=\"elementor-animation-grow attachment-large size-large wp-image-55910\" alt=\"\" srcset=\"https:\/\/label.nl\/wp-content\/uploads\/2025\/09\/Nerven.jpg 1024w, https:\/\/label.nl\/wp-content\/uploads\/2025\/09\/Nerven-300x172.jpg 300w, https:\/\/label.nl\/wp-content\/uploads\/2025\/09\/Nerven-768x441.jpg 768w, https:\/\/label.nl\/wp-content\/uploads\/2025\/09\/Nerven-600x345.jpg 600w\" sizes=\"(max-width: 800px) 100vw, 800px\" \/>\t\t\t\t\t\t\t\t\t\t\t<figcaption class=\"widget-image-caption wp-caption-text\">Narben zeigen, dass das Vieh gut gepflegt wurde.<\/figcaption>\n\t\t\t\t\t\t\t\t\t\t<\/figure>\n\t\t\t\t\t\t\t\t\t<\/div>\n\t\t\t\t<\/div>\n\t\t\t\t\t<\/div>\n\t\t<\/div>\n\t\t\t\t<div class=\"elementor-column elementor-col-25 elementor-top-column elementor-element elementor-element-b15fc23\" data-id=\"b15fc23\" data-element_type=\"column\" data-e-type=\"column\">\n\t\t\t<div class=\"elementor-widget-wrap elementor-element-populated\">\n\t\t\t\t\t\t<div class=\"elementor-element elementor-element-c89b867 elementor-widget elementor-widget-image\" data-id=\"c89b867\" data-element_type=\"widget\" data-e-type=\"widget\" data-widget_type=\"image.default\">\n\t\t\t\t<div class=\"elementor-widget-container\">\n\t\t\t\t\t\t\t\t\t\t\t\t<figure class=\"wp-caption\">\n\t\t\t\t\t\t\t\t\t\t<img loading=\"lazy\" decoding=\"async\" width=\"800\" height=\"458\" src=\"https:\/\/label.nl\/wp-content\/uploads\/2025\/09\/Prikkeldraad-1024x586.jpg\" class=\"elementor-animation-grow attachment-large size-large wp-image-55913\" alt=\"\" srcset=\"https:\/\/label.nl\/wp-content\/uploads\/2025\/09\/Prikkeldraad-1024x586.jpg 1024w, https:\/\/label.nl\/wp-content\/uploads\/2025\/09\/Prikkeldraad-300x172.jpg 300w, https:\/\/label.nl\/wp-content\/uploads\/2025\/09\/Prikkeldraad-768x439.jpg 768w, https:\/\/label.nl\/wp-content\/uploads\/2025\/09\/Prikkeldraad-600x343.jpg 600w, https:\/\/label.nl\/wp-content\/uploads\/2025\/09\/Prikkeldraad.jpg 1026w\" sizes=\"(max-width: 800px) 100vw, 800px\" \/>\t\t\t\t\t\t\t\t\t\t\t<figcaption class=\"widget-image-caption wp-caption-text\">Stacheldrahtbesch\u00e4digungen und Adern sind typische Merkmale von echtem Leder.<\/figcaption>\n\t\t\t\t\t\t\t\t\t\t<\/figure>\n\t\t\t\t\t\t\t\t\t<\/div>\n\t\t\t\t<\/div>\n\t\t\t\t\t<\/div>\n\t\t<\/div>\n\t\t\t\t<div class=\"elementor-column elementor-col-25 elementor-top-column elementor-element elementor-element-989923c\" data-id=\"989923c\" data-element_type=\"column\" data-e-type=\"column\">\n\t\t\t<div class=\"elementor-widget-wrap elementor-element-populated\">\n\t\t\t\t\t\t<div class=\"elementor-element elementor-element-a6cdebe elementor-widget elementor-widget-image\" data-id=\"a6cdebe\" data-element_type=\"widget\" data-e-type=\"widget\" data-widget_type=\"image.default\">\n\t\t\t\t<div class=\"elementor-widget-container\">\n\t\t\t\t\t\t\t\t\t\t\t\t<figure class=\"wp-caption\">\n\t\t\t\t\t\t\t\t\t\t<img loading=\"lazy\" decoding=\"async\" width=\"800\" height=\"455\" src=\"https:\/\/label.nl\/wp-content\/uploads\/2025\/09\/Zoutvlekken.jpg\" class=\"elementor-animation-grow attachment-large size-large wp-image-55916\" alt=\"\" srcset=\"https:\/\/label.nl\/wp-content\/uploads\/2025\/09\/Zoutvlekken.jpg 1023w, https:\/\/label.nl\/wp-content\/uploads\/2025\/09\/Zoutvlekken-300x171.jpg 300w, https:\/\/label.nl\/wp-content\/uploads\/2025\/09\/Zoutvlekken-768x437.jpg 768w, https:\/\/label.nl\/wp-content\/uploads\/2025\/09\/Zoutvlekken-600x341.jpg 600w\" sizes=\"(max-width: 800px) 100vw, 800px\" \/>\t\t\t\t\t\t\t\t\t\t\t<figcaption class=\"widget-image-caption wp-caption-text\">Salzflecken k\u00f6nnen w\u00e4hrend des Gerbungsprozesses entstehen.<\/figcaption>\n\t\t\t\t\t\t\t\t\t\t<\/figure>\n\t\t\t\t\t\t\t\t\t<\/div>\n\t\t\t\t<\/div>\n\t\t\t\t\t<\/div>\n\t\t<\/div>\n\t\t\t\t\t<\/div>\n\t\t<\/section>\n\t\t\t\t<\/div>\n\t\t","protected":false},"excerpt":{"rendered":"<p>Die folgenden nat\u00fcrlichen Merkmale k\u00f6nnen in Leder vorkommen: Bremsenstiche und andere Insektenstiche d\u00fcrfen an sichtbaren Stellen verarbeitet werden. Hornverletzungen und Sch\u00fcrfwunden d\u00fcrfen, sofern verheilt, sichtbar verpolstert werden. Insektenstiche beeintr\u00e4chtigen die Qualit\u00e4t des Leders nicht. Dungflecken sind nat\u00fcrliche Merkmale in Leder. Nackenfalten verleihen ein robustes Aussehen. Narben zeigen, dass das Vieh gut gepflegt wurde. Stacheldrahtbesch\u00e4digungen und [&hellip;]<\/p>\n","protected":false},"author":2,"featured_media":0,"parent":46168,"menu_order":0,"comment_status":"closed","ping_status":"closed","template":"","meta":{"_acf_changed":false,"footnotes":""},"class_list":["post-46149","page","type-page","status-publish","hentry"],"acf":[],"_links":{"self":[{"href":"https:\/\/label.nl\/de\/wp-json\/wp\/v2\/pages\/46149","targetHints":{"allow":["GET"]}}],"collection":[{"href":"https:\/\/label.nl\/de\/wp-json\/wp\/v2\/pages"}],"about":[{"href":"https:\/\/label.nl\/de\/wp-json\/wp\/v2\/types\/page"}],"author":[{"embeddable":true,"href":"https:\/\/label.nl\/de\/wp-json\/wp\/v2\/users\/2"}],"replies":[{"embeddable":true,"href":"https:\/\/label.nl\/de\/wp-json\/wp\/v2\/comments?post=46149"}],"version-history":[{"count":6,"href":"https:\/\/label.nl\/de\/wp-json\/wp\/v2\/pages\/46149\/revisions"}],"predecessor-version":[{"id":55947,"href":"https:\/\/label.nl\/de\/wp-json\/wp\/v2\/pages\/46149\/revisions\/55947"}],"up":[{"embeddable":true,"href":"https:\/\/label.nl\/de\/wp-json\/wp\/v2\/pages\/46168"}],"wp:attachment":[{"href":"https:\/\/label.nl\/de\/wp-json\/wp\/v2\/media?parent=46149"}],"curies":[{"name":"wp","href":"https:\/\/api.w.org\/{rel}","templated":true}]}}