{"id":46152,"date":"2023-03-16T12:38:24","date_gmt":"2023-03-16T12:38:24","guid":{"rendered":"https:\/\/label.nl\/chiel-janssen"},"modified":"2024-04-30T13:25:42","modified_gmt":"2024-04-30T11:25:42","slug":"chiel-janssen","status":"publish","type":"page","link":"https:\/\/label.nl\/de\/chiel-janssen\/","title":{"rendered":"Chiel Janssen"},"content":{"rendered":"\t\t<div data-elementor-type=\"wp-page\" data-elementor-id=\"46152\" class=\"elementor elementor-46152 elementor-45689\" data-elementor-post-type=\"page\">\n\t\t\t\t\t\t<section class=\"elementor-section elementor-top-section elementor-element elementor-element-c0ba46b elementor-section-boxed elementor-section-height-default elementor-section-height-default\" data-id=\"c0ba46b\" data-element_type=\"section\" data-e-type=\"section\">\n\t\t\t\t\t\t<div class=\"elementor-container elementor-column-gap-default\">\n\t\t\t\t\t<div class=\"elementor-column elementor-col-100 elementor-top-column elementor-element elementor-element-8337fd1\" data-id=\"8337fd1\" data-element_type=\"column\" data-e-type=\"column\">\n\t\t\t<div class=\"elementor-widget-wrap elementor-element-populated\">\n\t\t\t\t\t\t<div class=\"elementor-element elementor-element-020eb1b elementor-widget elementor-widget-heading\" data-id=\"020eb1b\" data-element_type=\"widget\" data-e-type=\"widget\" data-widget_type=\"heading.default\">\n\t\t\t\t<div class=\"elementor-widget-container\">\n\t\t\t\t\t<h2 class=\"elementor-heading-title elementor-size-default\">Chiel Janssen<\/h2>\t\t\t\t<\/div>\n\t\t\t\t<\/div>\n\t\t\t\t\t<\/div>\n\t\t<\/div>\n\t\t\t\t\t<\/div>\n\t\t<\/section>\n\t\t\t\t<section class=\"elementor-section elementor-top-section elementor-element elementor-element-aed7165 elementor-section-boxed elementor-section-height-default elementor-section-height-default\" data-id=\"aed7165\" data-element_type=\"section\" data-e-type=\"section\">\n\t\t\t\t\t\t<div class=\"elementor-container elementor-column-gap-default\">\n\t\t\t\t\t<div class=\"elementor-column elementor-col-50 elementor-top-column elementor-element elementor-element-436ef31\" data-id=\"436ef31\" data-element_type=\"column\" data-e-type=\"column\">\n\t\t\t<div class=\"elementor-widget-wrap elementor-element-populated\">\n\t\t\t\t\t\t<div class=\"elementor-element elementor-element-ceaca37 elementor-widget elementor-widget-text-editor\" data-id=\"ceaca37\" data-element_type=\"widget\" data-e-type=\"widget\" data-widget_type=\"text-editor.default\">\n\t\t\t\t<div class=\"elementor-widget-container\">\n\t\t\t\t\t\t\t\t\t<p>Wenn es um Entw\u00fcrfe geht, bin ich sehr pragmatisch, ich m\u00f6chte die Arbeit so schnell und gut wie m\u00f6glich erledigen.<br \/>Mit meinem Hintergrund in bildender Kunst und Industriedesign habe ich die perfekte Balance zwischen Emotion und Konstruktion gefunden.<\/p>\n\t\t\t\t\t\t\t\t<\/div>\n\t\t\t\t<\/div>\n\t\t\t\t\t<\/div>\n\t\t<\/div>\n\t\t\t\t<div class=\"elementor-column elementor-col-50 elementor-top-column elementor-element elementor-element-5851fba\" data-id=\"5851fba\" data-element_type=\"column\" data-e-type=\"column\">\n\t\t\t<div class=\"elementor-widget-wrap elementor-element-populated\">\n\t\t\t\t\t\t<div class=\"elementor-element elementor-element-844e412 elementor-widget elementor-widget-image\" data-id=\"844e412\" data-element_type=\"widget\" data-e-type=\"widget\" data-widget_type=\"image.default\">\n\t\t\t\t<div class=\"elementor-widget-container\">\n\t\t\t\t\t\t\t\t\t\t\t\t\t\t\t<img fetchpriority=\"high\" decoding=\"async\" width=\"800\" height=\"889\" src=\"https:\/\/label.nl\/wp-content\/uploads\/2023\/03\/ChielJanssen_website-formaat-1.png\" class=\"attachment-large size-large wp-image-45853\" alt=\"\" srcset=\"https:\/\/label.nl\/wp-content\/uploads\/2023\/03\/ChielJanssen_website-formaat-1.png 900w, https:\/\/label.nl\/wp-content\/uploads\/2023\/03\/ChielJanssen_website-formaat-1-270x300.png 270w, https:\/\/label.nl\/wp-content\/uploads\/2023\/03\/ChielJanssen_website-formaat-1-768x853.png 768w, https:\/\/label.nl\/wp-content\/uploads\/2023\/03\/ChielJanssen_website-formaat-1-600x667.png 600w\" sizes=\"(max-width: 800px) 100vw, 800px\" \/>\t\t\t\t\t\t\t\t\t\t\t\t\t\t\t<\/div>\n\t\t\t\t<\/div>\n\t\t\t\t\t<\/div>\n\t\t<\/div>\n\t\t\t\t\t<\/div>\n\t\t<\/section>\n\t\t\t\t<section class=\"elementor-section elementor-top-section elementor-element elementor-element-3fccbb2 elementor-section-boxed elementor-section-height-default elementor-section-height-default\" data-id=\"3fccbb2\" data-element_type=\"section\" data-e-type=\"section\">\n\t\t\t\t\t\t<div class=\"elementor-container elementor-column-gap-default\">\n\t\t\t\t\t<div class=\"elementor-column elementor-col-100 elementor-top-column elementor-element elementor-element-9950b34\" data-id=\"9950b34\" data-element_type=\"column\" data-e-type=\"column\">\n\t\t\t<div class=\"elementor-widget-wrap elementor-element-populated\">\n\t\t\t\t\t\t<div class=\"elementor-element elementor-element-f2fa50d elementor-widget-divider--view-line elementor-widget elementor-widget-divider\" data-id=\"f2fa50d\" data-element_type=\"widget\" data-e-type=\"widget\" data-widget_type=\"divider.default\">\n\t\t\t\t<div class=\"elementor-widget-container\">\n\t\t\t\t\t\t\t<div class=\"elementor-divider\">\n\t\t\t<span class=\"elementor-divider-separator\">\n\t\t\t\t\t\t<\/span>\n\t\t<\/div>\n\t\t\t\t\t\t<\/div>\n\t\t\t\t<\/div>\n\t\t\t\t\t<\/div>\n\t\t<\/div>\n\t\t\t\t\t<\/div>\n\t\t<\/section>\n\t\t\t\t<section class=\"elementor-section elementor-top-section elementor-element elementor-element-b9dfafd elementor-section-boxed elementor-section-height-default elementor-section-height-default\" data-id=\"b9dfafd\" data-element_type=\"section\" data-e-type=\"section\">\n\t\t\t\t\t\t<div class=\"elementor-container elementor-column-gap-default\">\n\t\t\t\t\t<div class=\"elementor-column elementor-col-16 elementor-top-column elementor-element elementor-element-c0f8b91\" data-id=\"c0f8b91\" data-element_type=\"column\" data-e-type=\"column\">\n\t\t\t<div class=\"elementor-widget-wrap elementor-element-populated\">\n\t\t\t\t\t\t<div class=\"elementor-element elementor-element-61dbc41 elementor-widget elementor-widget-image\" data-id=\"61dbc41\" data-element_type=\"widget\" data-e-type=\"widget\" data-widget_type=\"image.default\">\n\t\t\t\t<div class=\"elementor-widget-container\">\n\t\t\t\t\t\t\t\t\t\t\t\t\t\t\t\t<a href=\"https:\/\/label.nl\/collectie\/banken\/buck-bank\">\n\t\t\t\t\t\t\t<img decoding=\"async\" src=\"https:\/\/label.nl\/wp-content\/uploads\/2023\/02\/LABEL-buck-bank-sfeerbeeld-1.jpg\" title=\"\" alt=\"\" loading=\"lazy\" \/>\t\t\t\t\t\t\t\t<\/a>\n\t\t\t\t\t\t\t\t\t\t\t\t\t\t\t<\/div>\n\t\t\t\t<\/div>\n\t\t\t\t\t<\/div>\n\t\t<\/div>\n\t\t\t\t<div class=\"elementor-column elementor-col-16 elementor-top-column elementor-element elementor-element-353f6a7\" data-id=\"353f6a7\" data-element_type=\"column\" data-e-type=\"column\">\n\t\t\t<div class=\"elementor-widget-wrap elementor-element-populated\">\n\t\t\t\t\t\t<div class=\"elementor-element elementor-element-d348447 elementor-widget elementor-widget-image\" data-id=\"d348447\" data-element_type=\"widget\" data-e-type=\"widget\" data-widget_type=\"image.default\">\n\t\t\t\t<div class=\"elementor-widget-container\">\n\t\t\t\t\t\t\t\t\t\t\t\t\t\t\t\t<a href=\"https:\/\/label.nl\/collectie\/footstools\/buck\">\n\t\t\t\t\t\t\t<img decoding=\"async\" width=\"800\" height=\"800\" src=\"https:\/\/label.nl\/wp-content\/uploads\/2023\/02\/LABEL-buck-bank-sfeerbeeld-4.jpg\" class=\"attachment-large size-large wp-image-45036\" alt=\"Buck Bank - LABEL Vandenberg\" srcset=\"https:\/\/label.nl\/wp-content\/uploads\/2023\/02\/LABEL-buck-bank-sfeerbeeld-4.jpg 1000w, https:\/\/label.nl\/wp-content\/uploads\/2023\/02\/LABEL-buck-bank-sfeerbeeld-4-300x300.jpg 300w, https:\/\/label.nl\/wp-content\/uploads\/2023\/02\/LABEL-buck-bank-sfeerbeeld-4-150x150.jpg 150w, https:\/\/label.nl\/wp-content\/uploads\/2023\/02\/LABEL-buck-bank-sfeerbeeld-4-768x768.jpg 768w, https:\/\/label.nl\/wp-content\/uploads\/2023\/02\/LABEL-buck-bank-sfeerbeeld-4-500x500.jpg 500w, https:\/\/label.nl\/wp-content\/uploads\/2023\/02\/LABEL-buck-bank-sfeerbeeld-4-600x600.jpg 600w, https:\/\/label.nl\/wp-content\/uploads\/2023\/02\/LABEL-buck-bank-sfeerbeeld-4-100x100.jpg 100w\" sizes=\"(max-width: 800px) 100vw, 800px\" \/>\t\t\t\t\t\t\t\t<\/a>\n\t\t\t\t\t\t\t\t\t\t\t\t\t\t\t<\/div>\n\t\t\t\t<\/div>\n\t\t\t\t\t<\/div>\n\t\t<\/div>\n\t\t\t\t<div class=\"elementor-column elementor-col-16 elementor-top-column elementor-element elementor-element-9c737ca\" data-id=\"9c737ca\" data-element_type=\"column\" data-e-type=\"column\">\n\t\t\t<div class=\"elementor-widget-wrap\">\n\t\t\t\t\t\t\t<\/div>\n\t\t<\/div>\n\t\t\t\t<div class=\"elementor-column elementor-col-16 elementor-top-column elementor-element elementor-element-23741bc\" data-id=\"23741bc\" data-element_type=\"column\" data-e-type=\"column\">\n\t\t\t<div class=\"elementor-widget-wrap\">\n\t\t\t\t\t\t\t<\/div>\n\t\t<\/div>\n\t\t\t\t<div class=\"elementor-column elementor-col-16 elementor-top-column elementor-element elementor-element-3152527\" data-id=\"3152527\" data-element_type=\"column\" data-e-type=\"column\">\n\t\t\t<div class=\"elementor-widget-wrap\">\n\t\t\t\t\t\t\t<\/div>\n\t\t<\/div>\n\t\t\t\t<div class=\"elementor-column elementor-col-16 elementor-top-column elementor-element elementor-element-e18064b\" data-id=\"e18064b\" data-element_type=\"column\" data-e-type=\"column\">\n\t\t\t<div class=\"elementor-widget-wrap\">\n\t\t\t\t\t\t\t<\/div>\n\t\t<\/div>\n\t\t\t\t\t<\/div>\n\t\t<\/section>\n\t\t\t\t<\/div>\n\t\t","protected":false},"excerpt":{"rendered":"<p>Chiel Janssen Wenn es um Entw\u00fcrfe geht, bin ich sehr pragmatisch, ich m\u00f6chte die Arbeit so schnell und gut wie m\u00f6glich erledigen.Mit meinem Hintergrund in bildender Kunst und Industriedesign habe ich die perfekte Balance zwischen Emotion und Konstruktion gefunden.<\/p>\n","protected":false},"author":7,"featured_media":0,"parent":0,"menu_order":0,"comment_status":"closed","ping_status":"closed","template":"","meta":{"_acf_changed":false,"footnotes":""},"class_list":["post-46152","page","type-page","status-publish","hentry"],"acf":[],"_links":{"self":[{"href":"https:\/\/label.nl\/de\/wp-json\/wp\/v2\/pages\/46152","targetHints":{"allow":["GET"]}}],"collection":[{"href":"https:\/\/label.nl\/de\/wp-json\/wp\/v2\/pages"}],"about":[{"href":"https:\/\/label.nl\/de\/wp-json\/wp\/v2\/types\/page"}],"author":[{"embeddable":true,"href":"https:\/\/label.nl\/de\/wp-json\/wp\/v2\/users\/7"}],"replies":[{"embeddable":true,"href":"https:\/\/label.nl\/de\/wp-json\/wp\/v2\/comments?post=46152"}],"version-history":[{"count":1,"href":"https:\/\/label.nl\/de\/wp-json\/wp\/v2\/pages\/46152\/revisions"}],"predecessor-version":[{"id":50626,"href":"https:\/\/label.nl\/de\/wp-json\/wp\/v2\/pages\/46152\/revisions\/50626"}],"wp:attachment":[{"href":"https:\/\/label.nl\/de\/wp-json\/wp\/v2\/media?parent=46152"}],"curies":[{"name":"wp","href":"https:\/\/api.w.org\/{rel}","templated":true}]}}