{"id":46166,"date":"2022-07-14T22:51:38","date_gmt":"2022-07-14T20:51:38","guid":{"rendered":"https:\/\/label.nl\/holz\/holz-stahl"},"modified":"2024-11-04T01:01:51","modified_gmt":"2024-11-03T23:01:51","slug":"holz-stahl","status":"publish","type":"page","link":"https:\/\/label.nl\/de\/materialien-2\/holz\/holz-stahl\/","title":{"rendered":"Holz-Stahl"},"content":{"rendered":"\t\t<div data-elementor-type=\"wp-page\" data-elementor-id=\"46166\" class=\"elementor elementor-46166 elementor-38351\" data-elementor-post-type=\"page\">\n\t\t\t\t\t\t<section class=\"elementor-section elementor-top-section elementor-element elementor-element-b1e506b elementor-section-content-middle elementor-section-boxed elementor-section-height-default elementor-section-height-default\" data-id=\"b1e506b\" data-element_type=\"section\" data-e-type=\"section\">\n\t\t\t\t\t\t<div class=\"elementor-container elementor-column-gap-no\">\n\t\t\t\t\t<div class=\"elementor-column elementor-col-50 elementor-top-column elementor-element elementor-element-86593fc\" data-id=\"86593fc\" data-element_type=\"column\" data-e-type=\"column\">\n\t\t\t<div class=\"elementor-widget-wrap elementor-element-populated\">\n\t\t\t\t\t\t<div class=\"elementor-element elementor-element-2b56503 elementor-widget elementor-widget-image\" data-id=\"2b56503\" data-element_type=\"widget\" data-e-type=\"widget\" data-widget_type=\"image.default\">\n\t\t\t\t<div class=\"elementor-widget-container\">\n\t\t\t\t\t\t\t\t\t\t\t\t\t\t\t<img decoding=\"async\" src=\"https:\/\/label.nl\/wp-content\/uploads\/2022\/07\/Bureau-Secretaire-Passion-Noten-detail-1-1440x1000.jpg\" title=\"Bureau &#8211; Secretaire Passion Noten detail 1\" alt=\"Bureau - Secretaire Passion Noten detail 1\" loading=\"lazy\" \/>\t\t\t\t\t\t\t\t\t\t\t\t\t\t\t<\/div>\n\t\t\t\t<\/div>\n\t\t\t\t\t<\/div>\n\t\t<\/div>\n\t\t\t\t<div class=\"elementor-column elementor-col-50 elementor-top-column elementor-element elementor-element-acf1f40\" data-id=\"acf1f40\" data-element_type=\"column\" data-e-type=\"column\" data-settings=\"{&quot;background_background&quot;:&quot;classic&quot;}\">\n\t\t\t<div class=\"elementor-widget-wrap elementor-element-populated\">\n\t\t\t\t\t\t<div class=\"elementor-element elementor-element-9bbd963 elementor-widget elementor-widget-heading\" data-id=\"9bbd963\" data-element_type=\"widget\" data-e-type=\"widget\" data-widget_type=\"heading.default\">\n\t\t\t\t<div class=\"elementor-widget-container\">\n\t\t\t\t\t<h2 class=\"elementor-heading-title elementor-size-default\">Holz<\/h2>\t\t\t\t<\/div>\n\t\t\t\t<\/div>\n\t\t\t\t<div class=\"elementor-element elementor-element-aa2b993 elementor-widget elementor-widget-text-editor\" data-id=\"aa2b993\" data-element_type=\"widget\" data-e-type=\"widget\" data-widget_type=\"text-editor.default\">\n\t\t\t\t<div class=\"elementor-widget-container\">\n\t\t\t\t\t\t\t\t\t<div title=\"Seite 1\">\n<div class=\"page\" title=\"Seite 1\">\n<div class=\"section\">\n<div class=\"layoutArea\">\n<div class=\"column\">\n<div class=\"page\" title=\"Seite 2\">\n<div class=\"layoutArea\">\n<div class=\"column\">\n<div class=\"page\" title=\"Seite 1\">\n<div class=\"layoutArea\">\n<div class=\"column\">\n<div>\n<p>Holz ist ein von Mutter Natur geschaffenes Produkt. Holz hat Charakter, eine warme Farbe und ist leicht zu bearbeiten. Aber Holz hat auch Eigenschaften, die man bei der Bestellung und Verarbeitung sehr genau beachten muss.  <br \/>Jede Holzart hat ihren eigenen Geruch, ihre eigene Struktur, Biegefestigkeit, Zugfestigkeit, Dauerhaftigkeit, H\u00e4rte und so weiter. Es gibt viele Arten von Holz, und jede hat ihre eigenen spezifischen Eigenschaften. Informieren Sie sich daher sorgf\u00e4ltig, ob die gew\u00e4hlte Holzart und das Design f\u00fcr Ihre Anwendung geeignet sind.<\/p>\n<\/div>\n<div>\n<p>Holz schrumpft und dehnt sich je nach Temperatur und Feuchtigkeit aus, was zu Rissen f\u00fchren kann.<\/p>\n<\/div>\n<\/div>\n<\/div>\n<\/div>\n<\/div>\n<\/div>\n<\/div>\n<\/div>\n<\/div>\n<\/div>\n<\/div>\n<\/div>\n\t\t\t\t\t\t\t\t<\/div>\n\t\t\t\t<\/div>\n\t\t\t\t<div class=\"elementor-element elementor-element-8142cd6 elementor-widget elementor-widget-button\" data-id=\"8142cd6\" data-element_type=\"widget\" data-e-type=\"widget\" data-widget_type=\"button.default\">\n\t\t\t\t<div class=\"elementor-widget-container\">\n\t\t\t\t\t\t\t\t\t<div class=\"elementor-button-wrapper\">\n\t\t\t\t\t<a class=\"elementor-button elementor-button-link elementor-size-sm elementor-animation-grow\" href=\"https:\/\/label.nl\/de\/materialien-2\/holz\/\">\n\t\t\t\t\t\t<span class=\"elementor-button-content-wrapper\">\n\t\t\t\t\t\t\t\t\t<span class=\"elementor-button-text\">Mehr lesen<\/span>\n\t\t\t\t\t<\/span>\n\t\t\t\t\t<\/a>\n\t\t\t\t<\/div>\n\t\t\t\t\t\t\t\t<\/div>\n\t\t\t\t<\/div>\n\t\t\t\t\t<\/div>\n\t\t<\/div>\n\t\t\t\t\t<\/div>\n\t\t<\/section>\n\t\t\t\t<section class=\"elementor-section elementor-top-section elementor-element elementor-element-f0464c3 elementor-section-full_width elementor-section-height-default elementor-section-height-default\" data-id=\"f0464c3\" data-element_type=\"section\" data-e-type=\"section\">\n\t\t\t\t\t\t<div class=\"elementor-container elementor-column-gap-default\">\n\t\t\t\t\t<div class=\"elementor-column elementor-col-100 elementor-top-column elementor-element elementor-element-afdae44\" data-id=\"afdae44\" data-element_type=\"column\" data-e-type=\"column\">\n\t\t\t<div class=\"elementor-widget-wrap\">\n\t\t\t\t\t\t\t<\/div>\n\t\t<\/div>\n\t\t\t\t\t<\/div>\n\t\t<\/section>\n\t\t\t\t<\/div>\n\t\t","protected":false},"excerpt":{"rendered":"<p>Holz Holz ist ein von Mutter Natur geschaffenes Produkt. Holz hat Charakter, eine warme Farbe und ist leicht zu bearbeiten. Aber Holz hat auch Eigenschaften, die man bei der Bestellung und Verarbeitung sehr genau beachten muss. Jede Holzart hat ihren eigenen Geruch, ihre eigene Struktur, Biegefestigkeit, Zugfestigkeit, Dauerhaftigkeit, H\u00e4rte und so weiter. Es gibt viele [&hellip;]<\/p>\n","protected":false},"author":2,"featured_media":0,"parent":46150,"menu_order":0,"comment_status":"closed","ping_status":"closed","template":"","meta":{"_acf_changed":false,"footnotes":""},"class_list":["post-46166","page","type-page","status-publish","hentry"],"acf":[],"_links":{"self":[{"href":"https:\/\/label.nl\/de\/wp-json\/wp\/v2\/pages\/46166","targetHints":{"allow":["GET"]}}],"collection":[{"href":"https:\/\/label.nl\/de\/wp-json\/wp\/v2\/pages"}],"about":[{"href":"https:\/\/label.nl\/de\/wp-json\/wp\/v2\/types\/page"}],"author":[{"embeddable":true,"href":"https:\/\/label.nl\/de\/wp-json\/wp\/v2\/users\/2"}],"replies":[{"embeddable":true,"href":"https:\/\/label.nl\/de\/wp-json\/wp\/v2\/comments?post=46166"}],"version-history":[{"count":1,"href":"https:\/\/label.nl\/de\/wp-json\/wp\/v2\/pages\/46166\/revisions"}],"predecessor-version":[{"id":51505,"href":"https:\/\/label.nl\/de\/wp-json\/wp\/v2\/pages\/46166\/revisions\/51505"}],"up":[{"embeddable":true,"href":"https:\/\/label.nl\/de\/wp-json\/wp\/v2\/pages\/46150"}],"wp:attachment":[{"href":"https:\/\/label.nl\/de\/wp-json\/wp\/v2\/media?parent=46166"}],"curies":[{"name":"wp","href":"https:\/\/api.w.org\/{rel}","templated":true}]}}