{"id":46168,"date":"2022-07-11T10:21:37","date_gmt":"2022-07-11T10:21:37","guid":{"rendered":"https:\/\/label.nl\/lernen-sie"},"modified":"2023-04-28T14:34:25","modified_gmt":"2023-04-28T14:34:25","slug":"lernen-sie","status":"publish","type":"page","link":"https:\/\/label.nl\/de\/materialien-2\/lernen-sie\/","title":{"rendered":"Leder"},"content":{"rendered":"\t\t<div data-elementor-type=\"wp-page\" data-elementor-id=\"46168\" class=\"elementor elementor-46168 elementor-36064\" data-elementor-post-type=\"page\">\n\t\t\t\t\t\t<section class=\"elementor-section elementor-top-section elementor-element elementor-element-d618020 elementor-section-boxed elementor-section-height-default elementor-section-height-default\" data-id=\"d618020\" data-element_type=\"section\" data-e-type=\"section\">\n\t\t\t\t\t\t<div class=\"elementor-container elementor-column-gap-default\">\n\t\t\t\t\t<div class=\"elementor-column elementor-col-100 elementor-top-column elementor-element elementor-element-2a06578\" data-id=\"2a06578\" data-element_type=\"column\" data-e-type=\"column\">\n\t\t\t<div class=\"elementor-widget-wrap elementor-element-populated\">\n\t\t\t\t\t\t<div class=\"elementor-element elementor-element-8e347fd elementor-widget elementor-widget-heading\" data-id=\"8e347fd\" data-element_type=\"widget\" data-e-type=\"widget\" data-widget_type=\"heading.default\">\n\t\t\t\t<div class=\"elementor-widget-container\">\n\t\t\t\t\t<h2 class=\"elementor-heading-title elementor-size-default\">Leder<\/h2>\t\t\t\t<\/div>\n\t\t\t\t<\/div>\n\t\t\t\t<div class=\"elementor-element elementor-element-b5d7c41 elementor-widget elementor-widget-text-editor\" data-id=\"b5d7c41\" data-element_type=\"widget\" data-e-type=\"widget\" data-widget_type=\"text-editor.default\">\n\t\t\t\t<div class=\"elementor-widget-container\">\n\t\t\t\t\t\t\t\t\t<div class=\"page\" title=\"Seite 1\">\n<div class=\"section\">\n<div class=\"layoutArea\">\n<div class=\"column\">\n<p class=\"elementor-heading-title elementor-size-default elementor-inline-editing pen\" style=\"font-family: 'Mackinac Pro', sans-serif; line-height: 1.1em; color: #000000; outline-style: initial; outline-width: 0px; font-style: italic; letter-spacing: 1.6px; word-spacing: 0.1em;\" data-elementor-setting-key=\"title\" data-pen-placeholder=\"Hier typen...\">\n<p style=\"font-weight: 400;\">Wir lieben Leder! Als Naturprodukt ist Leder das Gesicht unserer Sitzm\u00f6bel. Wir w\u00e4hlen die Felle sorgf\u00e4ltig nach Qualit\u00e4t aus! Der nat\u00fcrliche Charakter der Haut soll sichtbar bleiben. Sch\u00e4tzen Sie den nat\u00fcrlichen Charakter und eventuelle Unvollkommenheiten des Leders, die den Charakter Ihres M\u00f6bels und seines Leders unterstreichen.<\/p>\n<\/div>\n<\/div>\n<\/div>\n<\/div>\n\t\t\t\t\t\t\t\t<\/div>\n\t\t\t\t<\/div>\n\t\t\t\t\t<\/div>\n\t\t<\/div>\n\t\t\t\t\t<\/div>\n\t\t<\/section>\n\t\t\t\t<section class=\"elementor-section elementor-top-section elementor-element elementor-element-c7ccb07 elementor-section-boxed elementor-section-height-default elementor-section-height-default\" data-id=\"c7ccb07\" data-element_type=\"section\" data-e-type=\"section\">\n\t\t\t\t\t\t<div class=\"elementor-container elementor-column-gap-no\">\n\t\t\t\t\t<div class=\"elementor-column elementor-col-100 elementor-top-column elementor-element elementor-element-6af4ded\" data-id=\"6af4ded\" data-element_type=\"column\" data-e-type=\"column\">\n\t\t\t<div class=\"elementor-widget-wrap elementor-element-populated\">\n\t\t\t\t\t\t<div class=\"elementor-element elementor-element-a026de0 elementor-widget elementor-widget-image\" data-id=\"a026de0\" data-element_type=\"widget\" data-e-type=\"widget\" data-widget_type=\"image.default\">\n\t\t\t\t<div class=\"elementor-widget-container\">\n\t\t\t\t\t\t\t\t\t\t\t\t\t\t\t<img decoding=\"async\" src=\"https:\/\/label.nl\/wp-content\/uploads\/2022\/07\/ES3_4791-1440x1000.jpg\" title=\"ES3_4791\" alt=\"ES3_4791\" loading=\"lazy\" \/>\t\t\t\t\t\t\t\t\t\t\t\t\t\t\t<\/div>\n\t\t\t\t<\/div>\n\t\t\t\t\t<\/div>\n\t\t<\/div>\n\t\t\t\t\t<\/div>\n\t\t<\/section>\n\t\t\t\t<section class=\"elementor-section elementor-top-section elementor-element elementor-element-e8c7564 elementor-section-boxed elementor-section-height-default elementor-section-height-default\" data-id=\"e8c7564\" data-element_type=\"section\" data-e-type=\"section\">\n\t\t\t\t\t\t<div class=\"elementor-container elementor-column-gap-default\">\n\t\t\t\t\t<div class=\"elementor-column elementor-col-100 elementor-top-column elementor-element elementor-element-7e74880\" data-id=\"7e74880\" data-element_type=\"column\" data-e-type=\"column\">\n\t\t\t<div class=\"elementor-widget-wrap elementor-element-populated\">\n\t\t\t\t\t\t<div class=\"elementor-element elementor-element-c15b78d elementor-widget elementor-widget-heading\" data-id=\"c15b78d\" data-element_type=\"widget\" data-e-type=\"widget\" data-widget_type=\"heading.default\">\n\t\t\t\t<div class=\"elementor-widget-container\">\n\t\t\t\t\t<h2 class=\"elementor-heading-title elementor-size-default\">Informationen \u00fcber Leder<\/h2>\t\t\t\t<\/div>\n\t\t\t\t<\/div>\n\t\t\t\t<div class=\"elementor-element elementor-element-59a8067 elementor-widget elementor-widget-heading\" data-id=\"59a8067\" data-element_type=\"widget\" data-e-type=\"widget\" data-widget_type=\"heading.default\">\n\t\t\t\t<div class=\"elementor-widget-container\">\n\t\t\t\t\t<h2 class=\"elementor-heading-title elementor-size-default\">  Ein Restprodukt mit besonderen Eigenschaften<\/h2>\t\t\t\t<\/div>\n\t\t\t\t<\/div>\n\t\t\t\t\t<\/div>\n\t\t<\/div>\n\t\t\t\t\t<\/div>\n\t\t<\/section>\n\t\t\t\t<section class=\"elementor-section elementor-top-section elementor-element elementor-element-042dba5 elementor-section-content-middle elementor-section-boxed elementor-section-height-default elementor-section-height-default\" data-id=\"042dba5\" data-element_type=\"section\" data-e-type=\"section\">\n\t\t\t\t\t\t<div class=\"elementor-container elementor-column-gap-no\">\n\t\t\t\t\t<div class=\"elementor-column elementor-col-50 elementor-top-column elementor-element elementor-element-10597ba\" data-id=\"10597ba\" data-element_type=\"column\" data-e-type=\"column\">\n\t\t\t<div class=\"elementor-widget-wrap elementor-element-populated\">\n\t\t\t\t\t\t<div class=\"elementor-element elementor-element-76766ed elementor-widget elementor-widget-image\" data-id=\"76766ed\" data-element_type=\"widget\" data-e-type=\"widget\" data-widget_type=\"image.default\">\n\t\t\t\t<div class=\"elementor-widget-container\">\n\t\t\t\t\t\t\t\t\t\t\t\t\t\t\t<img decoding=\"async\" src=\"https:\/\/label.nl\/wp-content\/uploads\/2022\/07\/leer-1-1440x1000.jpg\" title=\"leer 1\" alt=\"leer 1\" loading=\"lazy\" \/>\t\t\t\t\t\t\t\t\t\t\t\t\t\t\t<\/div>\n\t\t\t\t<\/div>\n\t\t\t\t\t<\/div>\n\t\t<\/div>\n\t\t\t\t<div class=\"elementor-column elementor-col-50 elementor-top-column elementor-element elementor-element-0cba34d\" data-id=\"0cba34d\" data-element_type=\"column\" data-e-type=\"column\" data-settings=\"{&quot;background_background&quot;:&quot;classic&quot;}\">\n\t\t\t<div class=\"elementor-widget-wrap elementor-element-populated\">\n\t\t\t\t\t\t<div class=\"elementor-element elementor-element-1dc83ca elementor-widget elementor-widget-heading\" data-id=\"1dc83ca\" data-element_type=\"widget\" data-e-type=\"widget\" data-widget_type=\"heading.default\">\n\t\t\t\t<div class=\"elementor-widget-container\">\n\t\t\t\t\t<h2 class=\"elementor-heading-title elementor-size-default\">Allgemein<\/h2>\t\t\t\t<\/div>\n\t\t\t\t<\/div>\n\t\t\t\t<div class=\"elementor-element elementor-element-deadad0 elementor-widget elementor-widget-text-editor\" data-id=\"deadad0\" data-element_type=\"widget\" data-e-type=\"widget\" data-widget_type=\"text-editor.default\">\n\t\t\t\t<div class=\"elementor-widget-container\">\n\t\t\t\t\t\t\t\t\t<div title=\"Seite 1\">\n<div class=\"page\" title=\"Seite 1\">\n<div class=\"section\">\n<div class=\"layoutArea\">\n<div class=\"column\">\n<div class=\"page\" title=\"Seite 2\">\n<div class=\"layoutArea\">\n<div class=\"column\">\n<div>\n<p class=\"Basisalinea\"><span class=\"2021NLWitbrood\">Leder wird aus einer Haut hergestellt. Jede Haut vermittelt ein einzigartiges Bild davon, wie das Tier gelebt hat. Bei der Br\u00e4unung k\u00f6nnen nat\u00fcrliche Merkmale wie Insektenstiche, Narben oder Dungflecken nicht entfernt werden.  <\/span><\/p>\n<p class=\"Basisalinea\"><span class=\"2021NLWitbrood\">Diese Eigenschaften machen den Unterschied zwischen einem Naturprodukt wie Leder und synthetisch hergestellten Materialien aus. Letztere werden nie an die Nat\u00fcrlichkeit von Leder herankommen. Leder ist ein Nebenprodukt der Fleischindustrie. In der M\u00f6belindustrie verwenden wir fast immer Rinderh\u00e4ute, weil sie steif und gro\u00df sind.  <\/span><\/p>\n<\/div>\n<\/div>\n<\/div>\n<\/div>\n<\/div>\n<\/div>\n<\/div>\n<\/div>\n<\/div>\n\t\t\t\t\t\t\t\t<\/div>\n\t\t\t\t<\/div>\n\t\t\t\t\t<\/div>\n\t\t<\/div>\n\t\t\t\t\t<\/div>\n\t\t<\/section>\n\t\t\t\t<section class=\"elementor-section elementor-top-section elementor-element elementor-element-cad2b76 elementor-section-content-middle elementor-section-boxed elementor-section-height-default elementor-section-height-default\" data-id=\"cad2b76\" data-element_type=\"section\" data-e-type=\"section\">\n\t\t\t\t\t\t<div class=\"elementor-container elementor-column-gap-no\">\n\t\t\t\t\t<div class=\"elementor-column elementor-col-50 elementor-top-column elementor-element elementor-element-efb38eb\" data-id=\"efb38eb\" data-element_type=\"column\" data-e-type=\"column\" data-settings=\"{&quot;background_background&quot;:&quot;classic&quot;}\">\n\t\t\t<div class=\"elementor-widget-wrap elementor-element-populated\">\n\t\t\t\t\t\t<div class=\"elementor-element elementor-element-ca92e13 elementor-widget elementor-widget-heading\" data-id=\"ca92e13\" data-element_type=\"widget\" data-e-type=\"widget\" data-widget_type=\"heading.default\">\n\t\t\t\t<div class=\"elementor-widget-container\">\n\t\t\t\t\t<h2 class=\"elementor-heading-title elementor-size-default\">  Nat\u00fcrliche Merkmale<\/h2>\t\t\t\t<\/div>\n\t\t\t\t<\/div>\n\t\t\t\t<div class=\"elementor-element elementor-element-2e50422 elementor-widget elementor-widget-text-editor\" data-id=\"2e50422\" data-element_type=\"widget\" data-e-type=\"widget\" data-widget_type=\"text-editor.default\">\n\t\t\t\t<div class=\"elementor-widget-container\">\n\t\t\t\t\t\t\t\t\t<div title=\"Seite 1\">\n<div class=\"page\" title=\"Seite 1\">\n<div class=\"section\">\n<div class=\"layoutArea\">\n<div class=\"column\">\n<div class=\"page\" title=\"Seite 2\">\n<div class=\"layoutArea\">\n<div class=\"column\">\n<div class=\"page\" title=\"Seite 1\">\n<div class=\"layoutArea\">\n<div class=\"column\">\n<p style=\"font-weight: 400;\">Als Naturprodukt ist Leder das Gesicht der Sitzm\u00f6bel von LABEL Vandenberg. Wir w\u00e4hlen die Felle sorgf\u00e4ltig nach Qualit\u00e4t aus. Der nat\u00fcrliche Charakter der Haut soll sichtbar bleiben. Sch\u00e4tzen Sie den nat\u00fcrlichen Charakter und eventuelle Unvollkommenheiten des Leders, die den Charakter Ihres M\u00f6bels und seines Leders unterstreichen. Zu den nat\u00fcrlichen Merkmalen geh\u00f6ren: lokale Farbunterschiede, Narben, gegenseitige Unterschiede in Textur und Narbung, Insektenstiche und Pigmentflecken. Diese Zeichen, die nicht f\u00fcr mindere Qualit\u00e4t stehen, sondern die Echtheit des Leders unterstreichen, zeigen die unverf\u00e4lschte Robustheit des Leders. In der Philosophie von LABEL Vandenberg bestimmen Charakter und Qualit\u00e4t des Materials die Individualit\u00e4t eines jeden M\u00f6belst\u00fccks. Au\u00dferdem ist das Leder durch und durch anilingef\u00e4rbt. So bleibt die Transparenz erhalten, die notwendig ist, um den Farben Tiefe und vollen Ausdruck zu verleihen.  <\/p>\n<\/div>\n<\/div>\n<\/div>\n<\/div>\n<\/div>\n<\/div>\n<\/div>\n<\/div>\n<\/div>\n<\/div>\n<\/div>\n\t\t\t\t\t\t\t\t<\/div>\n\t\t\t\t<\/div>\n\t\t\t\t<div class=\"elementor-element elementor-element-6ec202c elementor-widget elementor-widget-button\" data-id=\"6ec202c\" data-element_type=\"widget\" data-e-type=\"widget\" data-widget_type=\"button.default\">\n\t\t\t\t<div class=\"elementor-widget-container\">\n\t\t\t\t\t\t\t\t\t<div class=\"elementor-button-wrapper\">\n\t\t\t\t\t<a class=\"elementor-button elementor-button-link elementor-size-sm elementor-animation-grow\" href=\"https:\/\/label.nl\/de\/materialien-2\/lernen-sie\/lernfunktionen\/\">\n\t\t\t\t\t\t<span class=\"elementor-button-content-wrapper\">\n\t\t\t\t\t\t\t\t\t<span class=\"elementor-button-text\">Lernfunktionen<\/span>\n\t\t\t\t\t<\/span>\n\t\t\t\t\t<\/a>\n\t\t\t\t<\/div>\n\t\t\t\t\t\t\t\t<\/div>\n\t\t\t\t<\/div>\n\t\t\t\t\t<\/div>\n\t\t<\/div>\n\t\t\t\t<div class=\"elementor-column elementor-col-50 elementor-top-column elementor-element elementor-element-b97bfa6\" data-id=\"b97bfa6\" data-element_type=\"column\" data-e-type=\"column\">\n\t\t\t<div class=\"elementor-widget-wrap elementor-element-populated\">\n\t\t\t\t\t\t<div class=\"elementor-element elementor-element-6847768 elementor-widget elementor-widget-image\" data-id=\"6847768\" data-element_type=\"widget\" data-e-type=\"widget\" data-widget_type=\"image.default\">\n\t\t\t\t<div class=\"elementor-widget-container\">\n\t\t\t\t\t\t\t\t\t\t\t\t\t\t\t<img decoding=\"async\" src=\"https:\/\/label.nl\/wp-content\/uploads\/2022\/07\/Yak.png\" title=\"Yak\" alt=\"Yak\" loading=\"lazy\" \/>\t\t\t\t\t\t\t\t\t\t\t\t\t\t\t<\/div>\n\t\t\t\t<\/div>\n\t\t\t\t\t<\/div>\n\t\t<\/div>\n\t\t\t\t\t<\/div>\n\t\t<\/section>\n\t\t\t\t<section class=\"elementor-section elementor-top-section elementor-element elementor-element-d0c9463 elementor-section-content-middle elementor-section-boxed elementor-section-height-default elementor-section-height-default\" data-id=\"d0c9463\" data-element_type=\"section\" data-e-type=\"section\">\n\t\t\t\t\t\t<div class=\"elementor-container elementor-column-gap-no\">\n\t\t\t\t\t<div class=\"elementor-column elementor-col-50 elementor-top-column elementor-element elementor-element-196e178\" data-id=\"196e178\" data-element_type=\"column\" data-e-type=\"column\" data-settings=\"{&quot;background_background&quot;:&quot;classic&quot;}\">\n\t\t\t<div class=\"elementor-widget-wrap elementor-element-populated\">\n\t\t\t\t\t\t<div class=\"elementor-element elementor-element-7950478 elementor-widget elementor-widget-heading\" data-id=\"7950478\" data-element_type=\"widget\" data-e-type=\"widget\" data-widget_type=\"heading.default\">\n\t\t\t\t<div class=\"elementor-widget-container\">\n\t\t\t\t\t<h2 class=\"elementor-heading-title elementor-size-default\">Wie wird es hergestellt?<\/h2>\t\t\t\t<\/div>\n\t\t\t\t<\/div>\n\t\t\t\t<div class=\"elementor-element elementor-element-2283773 elementor-widget elementor-widget-text-editor\" data-id=\"2283773\" data-element_type=\"widget\" data-e-type=\"widget\" data-widget_type=\"text-editor.default\">\n\t\t\t\t<div class=\"elementor-widget-container\">\n\t\t\t\t\t\t\t\t\t<div title=\"Seite 1\">\n<div class=\"page\" title=\"Seite 1\">\n<div class=\"section\">\n<div class=\"layoutArea\">\n<div class=\"column\">\n<div class=\"page\" title=\"Seite 2\">\n<div class=\"layoutArea\">\n<div class=\"column\">\n<div class=\"page\" title=\"Seite 1\">\n<div class=\"layoutArea\">\n<div class=\"column\">\n<div>\n<p class=\"Basisalinea\"><span class=\"2021NLWitbrood\">Durch das Gerben der Haut wird diese konserviert und zu einem sch\u00f6nen und haltbaren Endprodukt verarbeitet.<\/span><\/p>\n<\/div>\n<div>\n<p class=\"Basisalinea\"><span class=\"2021NLWitbrood\">In der Gerberei wird die Haut zu Vollleder (M\u00f6belleder) verarbeitet, das wir f\u00fcr unsere Sitzm\u00f6bel verwenden k\u00f6nnen. Und daf\u00fcr muss eine ganze Menge getan werden, man denke nur an Haarentfernung, Einweichen, \u00c4schern, Entflechten, P\u00f6keln, Br\u00e4unen, F\u00e4rben und Finishing.<\/span><\/p>\n<\/div>\n<\/div>\n<\/div>\n<\/div>\n<\/div>\n<\/div>\n<\/div>\n<\/div>\n<\/div>\n<\/div>\n<\/div>\n<\/div>\n\t\t\t\t\t\t\t\t<\/div>\n\t\t\t\t<\/div>\n\t\t\t\t\t<\/div>\n\t\t<\/div>\n\t\t\t\t<div class=\"elementor-column elementor-col-50 elementor-top-column elementor-element elementor-element-e11d092\" data-id=\"e11d092\" data-element_type=\"column\" data-e-type=\"column\">\n\t\t\t<div class=\"elementor-widget-wrap elementor-element-populated\">\n\t\t\t\t\t\t<div class=\"elementor-element elementor-element-2794def elementor-widget elementor-widget-image\" data-id=\"2794def\" data-element_type=\"widget\" data-e-type=\"widget\" data-widget_type=\"image.default\">\n\t\t\t\t<div class=\"elementor-widget-container\">\n\t\t\t\t\t\t\t\t\t\t\t\t\t\t\t<img decoding=\"async\" src=\"https:\/\/label.nl\/wp-content\/uploads\/2022\/07\/stikken-1440x1000.jpg\" title=\"stikken\" alt=\"stikken\" loading=\"lazy\" \/>\t\t\t\t\t\t\t\t\t\t\t\t\t\t\t<\/div>\n\t\t\t\t<\/div>\n\t\t\t\t\t<\/div>\n\t\t<\/div>\n\t\t\t\t\t<\/div>\n\t\t<\/section>\n\t\t\t\t<section class=\"elementor-section elementor-top-section elementor-element elementor-element-e9f4d2f elementor-section-content-middle elementor-section-boxed elementor-section-height-default elementor-section-height-default\" data-id=\"e9f4d2f\" data-element_type=\"section\" data-e-type=\"section\">\n\t\t\t\t\t\t<div class=\"elementor-container elementor-column-gap-no\">\n\t\t\t\t\t<div class=\"elementor-column elementor-col-50 elementor-top-column elementor-element elementor-element-35f0464\" data-id=\"35f0464\" data-element_type=\"column\" data-e-type=\"column\">\n\t\t\t<div class=\"elementor-widget-wrap elementor-element-populated\">\n\t\t\t\t\t\t<div class=\"elementor-element elementor-element-605dae5 elementor-widget elementor-widget-image\" data-id=\"605dae5\" data-element_type=\"widget\" data-e-type=\"widget\" data-widget_type=\"image.default\">\n\t\t\t\t<div class=\"elementor-widget-container\">\n\t\t\t\t\t\t\t\t\t\t\t\t\t\t\t<img decoding=\"async\" src=\"https:\/\/label.nl\/wp-content\/uploads\/2022\/07\/Easy-Swivel-Bald-Sprang-Blue-5.jpeg\" title=\"Easy Swivel Bald Sprang Blue (5)\" alt=\"Easy Swivel Bald Sprang Blue (5)\" loading=\"lazy\" \/>\t\t\t\t\t\t\t\t\t\t\t\t\t\t\t<\/div>\n\t\t\t\t<\/div>\n\t\t\t\t\t<\/div>\n\t\t<\/div>\n\t\t\t\t<div class=\"elementor-column elementor-col-50 elementor-top-column elementor-element elementor-element-7a66dc7\" data-id=\"7a66dc7\" data-element_type=\"column\" data-e-type=\"column\" data-settings=\"{&quot;background_background&quot;:&quot;classic&quot;}\">\n\t\t\t<div class=\"elementor-widget-wrap elementor-element-populated\">\n\t\t\t\t\t\t<div class=\"elementor-element elementor-element-0b34bde elementor-widget elementor-widget-heading\" data-id=\"0b34bde\" data-element_type=\"widget\" data-e-type=\"widget\" data-widget_type=\"heading.default\">\n\t\t\t\t<div class=\"elementor-widget-container\">\n\t\t\t\t\t<h2 class=\"elementor-heading-title elementor-size-default\">Lernqualit\u00e4ten<\/h2>\t\t\t\t<\/div>\n\t\t\t\t<\/div>\n\t\t\t\t<div class=\"elementor-element elementor-element-3518949 elementor-widget elementor-widget-text-editor\" data-id=\"3518949\" data-element_type=\"widget\" data-e-type=\"widget\" data-widget_type=\"text-editor.default\">\n\t\t\t\t<div class=\"elementor-widget-container\">\n\t\t\t\t\t\t\t\t\t<div title=\"Seite 1\">\n<div class=\"page\" title=\"Seite 1\">\n<div class=\"section\">\n<div class=\"layoutArea\">\n<div class=\"column\">\n<div class=\"page\" title=\"Seite 2\">\n<div class=\"layoutArea\">\n<div class=\"column\">\n<div class=\"page\" title=\"Seite 1\">\n<div class=\"layoutArea\">\n<div class=\"column\">\n<p>Bei LABEL Vandenberg arbeiten wir mit 2 Lederqualit\u00e4ten:<\/p>\n<p class=\"Basisalinea\"><span class=\"2021NLKopSchuin\"><strong>Vollnarbiges Leder<\/strong><br \/><\/span><span class=\"2021NLWitbrood\">Vollnarbiges Leder wird nicht geschliffen oder poliert, um nat\u00fcrliche Spuren oder Oberfl\u00e4chenfehler zu entfernen. Bei vollnarbigem Leder bleibt die gesamte oder volle Narbung der Haut intakt, einschlie\u00dflich der nat\u00fcrlichen Narben und Flecken. Es nimmt Feuchtigkeit und \u00d6l auf und entwickelt im Laufe der Zeit eine sch\u00f6ne Patina, die mit zunehmendem Alter des Gegenstandes immer besser aussieht. Bei Vollnarbenleder bieten wir zwei Typen an:  <br \/><\/span><em><br \/>\n  <span class=\"2021NLWitbroodRegular\">Anilinleder<\/span><br \/>\n  <span class=\"2021NLWitbroodRegular\">: <\/span><br \/>\n<\/em><span class=\"2021NLWitbrood\">Es ist durch und durch mit Farbstoffen gef\u00e4rbt, wobei alle Merkmale sichtbar bleiben. <br \/><\/span><em><span class=\"2021NLWitbroodRegular\">Semi-Anilin-Leder:<\/span> <\/em> <span class=\"2021NLWitbrood\">Auch dieses Leder ist durch und durch gef\u00e4rbt. Es hat eine d\u00fcnne Pigmentschutzschicht, die es vor Flecken und Abrieb sch\u00fctzt.<\/span><\/p>\n<p class=\"Basisalinea\"><span class=\"2021NLKopSchuin\"><strong>Topnerf Leder<\/strong><br \/><\/span><span class=\"2021NLWitbrood\">Topnerf-Leder hat die zweith\u00f6chste Lederqualit\u00e4t. Die Oberfl\u00e4che wurde geschliffen und eventuell mit einem Deckanstrich versehen. Wir bieten drei Arten von Top-Grain-Leder an:  <\/span><span class=\"2021NLWitbroodRegular\"><em>Anilinleder<\/em> und <em>Semianilinleder<\/em>: siehe oben. <\/span><span class=\"2021NLWitbroodRegular\"><em>Pigmentiertes\/bedrucktes<\/em> Leder: dieses Leder <\/span> <span class=\"2021NLWitbrood\">hat eine schwere sch\u00fctzende Deckschicht mit Pigmentierung und m\u00f6glicherweise einem Druck. Bei diesem Leder sieht man keine nat\u00fcrlichen Eigenschaften mehr.<\/span><\/p>\n<\/div>\n<\/div>\n<\/div>\n<\/div>\n<\/div>\n<\/div>\n<\/div>\n<\/div>\n<\/div>\n<\/div>\n<\/div>\n\t\t\t\t\t\t\t\t<\/div>\n\t\t\t\t<\/div>\n\t\t\t\t<div class=\"elementor-element elementor-element-420b0b5 elementor-widget elementor-widget-button\" data-id=\"420b0b5\" data-element_type=\"widget\" data-e-type=\"widget\" data-widget_type=\"button.default\">\n\t\t\t\t<div class=\"elementor-widget-container\">\n\t\t\t\t\t\t\t\t\t<div class=\"elementor-button-wrapper\">\n\t\t\t\t\t<a class=\"elementor-button elementor-button-link elementor-size-sm elementor-animation-grow\" href=\"https:\/\/label.nl\/de\/materialien-2\/lernen-sie\/leder\/\">\n\t\t\t\t\t\t<span class=\"elementor-button-content-wrapper\">\n\t\t\t\t\t\t\t\t\t<span class=\"elementor-button-text\">Lernbeispiele<\/span>\n\t\t\t\t\t<\/span>\n\t\t\t\t\t<\/a>\n\t\t\t\t<\/div>\n\t\t\t\t\t\t\t\t<\/div>\n\t\t\t\t<\/div>\n\t\t\t\t\t<\/div>\n\t\t<\/div>\n\t\t\t\t\t<\/div>\n\t\t<\/section>\n\t\t\t\t<\/div>\n\t\t","protected":false},"excerpt":{"rendered":"<p>Leder Wir lieben Leder! Als Naturprodukt ist Leder das Gesicht unserer Sitzm\u00f6bel. Wir w\u00e4hlen die Felle sorgf\u00e4ltig nach Qualit\u00e4t aus! Der nat\u00fcrliche Charakter der Haut soll sichtbar bleiben. Sch\u00e4tzen Sie den nat\u00fcrlichen Charakter und eventuelle Unvollkommenheiten des Leders, die den Charakter Ihres M\u00f6bels und seines Leders unterstreichen. Informationen \u00fcber Leder Ein Restprodukt mit besonderen Eigenschaften [&hellip;]<\/p>\n","protected":false},"author":2,"featured_media":0,"parent":46205,"menu_order":0,"comment_status":"closed","ping_status":"closed","template":"","meta":{"_acf_changed":false,"footnotes":""},"class_list":["post-46168","page","type-page","status-publish","hentry"],"acf":[],"_links":{"self":[{"href":"https:\/\/label.nl\/de\/wp-json\/wp\/v2\/pages\/46168","targetHints":{"allow":["GET"]}}],"collection":[{"href":"https:\/\/label.nl\/de\/wp-json\/wp\/v2\/pages"}],"about":[{"href":"https:\/\/label.nl\/de\/wp-json\/wp\/v2\/types\/page"}],"author":[{"embeddable":true,"href":"https:\/\/label.nl\/de\/wp-json\/wp\/v2\/users\/2"}],"replies":[{"embeddable":true,"href":"https:\/\/label.nl\/de\/wp-json\/wp\/v2\/comments?post=46168"}],"version-history":[{"count":0,"href":"https:\/\/label.nl\/de\/wp-json\/wp\/v2\/pages\/46168\/revisions"}],"up":[{"embeddable":true,"href":"https:\/\/label.nl\/de\/wp-json\/wp\/v2\/pages\/46205"}],"wp:attachment":[{"href":"https:\/\/label.nl\/de\/wp-json\/wp\/v2\/media?parent=46168"}],"curies":[{"name":"wp","href":"https:\/\/api.w.org\/{rel}","templated":true}]}}