{"id":46176,"date":"2023-03-16T08:50:08","date_gmt":"2023-03-16T08:50:08","guid":{"rendered":"https:\/\/label.nl\/jan-dijkstra"},"modified":"2023-03-31T14:37:15","modified_gmt":"2023-03-31T14:37:15","slug":"jan-dijkstra","status":"publish","type":"page","link":"https:\/\/label.nl\/de\/jan-dijkstra\/","title":{"rendered":"Jan Dijkstra"},"content":{"rendered":"\t\t<div data-elementor-type=\"wp-page\" data-elementor-id=\"46176\" class=\"elementor elementor-46176 elementor-45598\" data-elementor-post-type=\"page\">\n\t\t\t\t\t\t<section class=\"elementor-section elementor-top-section elementor-element elementor-element-fad3a48 elementor-section-boxed elementor-section-height-default elementor-section-height-default\" data-id=\"fad3a48\" data-element_type=\"section\" data-e-type=\"section\">\n\t\t\t\t\t\t<div class=\"elementor-container elementor-column-gap-default\">\n\t\t\t\t\t<div class=\"elementor-column elementor-col-100 elementor-top-column elementor-element elementor-element-1fa1ca0\" data-id=\"1fa1ca0\" data-element_type=\"column\" data-e-type=\"column\">\n\t\t\t<div class=\"elementor-widget-wrap elementor-element-populated\">\n\t\t\t\t\t\t<div class=\"elementor-element elementor-element-2417eeb elementor-widget elementor-widget-heading\" data-id=\"2417eeb\" data-element_type=\"widget\" data-e-type=\"widget\" data-widget_type=\"heading.default\">\n\t\t\t\t<div class=\"elementor-widget-container\">\n\t\t\t\t\t<h2 class=\"elementor-heading-title elementor-size-default\">Jan Dijkstra<\/h2>\t\t\t\t<\/div>\n\t\t\t\t<\/div>\n\t\t\t\t\t<\/div>\n\t\t<\/div>\n\t\t\t\t\t<\/div>\n\t\t<\/section>\n\t\t\t\t<section class=\"elementor-section elementor-top-section elementor-element elementor-element-7301c9f elementor-section-boxed elementor-section-height-default elementor-section-height-default\" data-id=\"7301c9f\" data-element_type=\"section\" data-e-type=\"section\">\n\t\t\t\t\t\t<div class=\"elementor-container elementor-column-gap-default\">\n\t\t\t\t\t<div class=\"elementor-column elementor-col-50 elementor-top-column elementor-element elementor-element-60dc8ae\" data-id=\"60dc8ae\" data-element_type=\"column\" data-e-type=\"column\">\n\t\t\t<div class=\"elementor-widget-wrap elementor-element-populated\">\n\t\t\t\t\t\t<div class=\"elementor-element elementor-element-ec08a46 elementor-widget elementor-widget-text-editor\" data-id=\"ec08a46\" data-element_type=\"widget\" data-e-type=\"widget\" data-widget_type=\"text-editor.default\">\n\t\t\t\t<div class=\"elementor-widget-container\">\n\t\t\t\t\t\t\t\t\t<p>Jan (Jannes) Dijkstra (15.7.1982), geboren und aufgewachsen in Nordholland in einem sehr kleinen Dorf namens Olterterp mit mehr K\u00fchen als Menschen. Als er jung war, hat er immer gezeichnet und gebastelt. So war es keine \u00dcberraschung, dass er die Design Academy Eindhoven besuchte und im Juni 2005 seinen Abschluss machte.<\/p>\n<p>Er schloss sein Studium mit dem Projekt &#8222;kitchenette&#8220; ab, einer K\u00fcche aus beschichtetem Metalldraht. F\u00fcr ihn war dies die Essenz einer K\u00fcche. W\u00e4hrend dieses Projekts entdeckte er seine Liebe zu diesem Material: Metalldraht. Nach seinem Abschluss gr\u00fcndete er sein eigenes Studio, das Studio JanJannes.<\/p>\n<p>Seit Januar 2013 entwirft das Studio JanJannes M\u00f6bel und Produktdesign f\u00fcr Haus, B\u00fcro und Garten.<\/p>\n<p>Das Studio JanJannes entwirft praktische und funktionelle M\u00f6bel und Produkte. Designs, die das t\u00e4gliche Leben besser und sch\u00f6ner machen.<\/p>\n<p>Er entwirft freundliche, fr\u00f6hliche und sympathische Designs, die immer einen Hauch von Laune haben.<\/p>\n\t\t\t\t\t\t\t\t<\/div>\n\t\t\t\t<\/div>\n\t\t\t\t\t<\/div>\n\t\t<\/div>\n\t\t\t\t<div class=\"elementor-column elementor-col-50 elementor-top-column elementor-element elementor-element-cc0eaaa\" data-id=\"cc0eaaa\" data-element_type=\"column\" data-e-type=\"column\">\n\t\t\t<div class=\"elementor-widget-wrap elementor-element-populated\">\n\t\t\t\t\t\t<div class=\"elementor-element elementor-element-bd50cb0 elementor-widget elementor-widget-image\" data-id=\"bd50cb0\" data-element_type=\"widget\" data-e-type=\"widget\" data-widget_type=\"image.default\">\n\t\t\t\t<div class=\"elementor-widget-container\">\n\t\t\t\t\t\t\t\t\t\t\t\t\t\t\t<img decoding=\"async\" src=\"https:\/\/label.nl\/wp-content\/uploads\/2023\/03\/JanDijkstra_portretfoto_zwart-wit-900x1000.png\" title=\"JanDijkstra_portretfoto_zwart &#8211; wit\" alt=\"JanDijkstra_portretfoto_zwart - wit\" loading=\"lazy\" \/>\t\t\t\t\t\t\t\t\t\t\t\t\t\t\t<\/div>\n\t\t\t\t<\/div>\n\t\t\t\t\t<\/div>\n\t\t<\/div>\n\t\t\t\t\t<\/div>\n\t\t<\/section>\n\t\t\t\t<section class=\"elementor-section elementor-top-section elementor-element elementor-element-6e01d83 elementor-section-boxed elementor-section-height-default elementor-section-height-default\" data-id=\"6e01d83\" data-element_type=\"section\" data-e-type=\"section\">\n\t\t\t\t\t\t<div class=\"elementor-container elementor-column-gap-default\">\n\t\t\t\t\t<div class=\"elementor-column elementor-col-100 elementor-top-column elementor-element elementor-element-2ff77c5\" data-id=\"2ff77c5\" data-element_type=\"column\" data-e-type=\"column\">\n\t\t\t<div class=\"elementor-widget-wrap elementor-element-populated\">\n\t\t\t\t\t\t<div class=\"elementor-element elementor-element-e170616 elementor-widget-divider--view-line elementor-widget elementor-widget-divider\" data-id=\"e170616\" data-element_type=\"widget\" data-e-type=\"widget\" data-widget_type=\"divider.default\">\n\t\t\t\t<div class=\"elementor-widget-container\">\n\t\t\t\t\t\t\t<div class=\"elementor-divider\">\n\t\t\t<span class=\"elementor-divider-separator\">\n\t\t\t\t\t\t<\/span>\n\t\t<\/div>\n\t\t\t\t\t\t<\/div>\n\t\t\t\t<\/div>\n\t\t\t\t\t<\/div>\n\t\t<\/div>\n\t\t\t\t\t<\/div>\n\t\t<\/section>\n\t\t\t\t<section class=\"elementor-section elementor-top-section elementor-element elementor-element-3dd0e3d elementor-section-boxed elementor-section-height-default elementor-section-height-default\" data-id=\"3dd0e3d\" data-element_type=\"section\" data-e-type=\"section\">\n\t\t\t\t\t\t<div class=\"elementor-container elementor-column-gap-default\">\n\t\t\t\t\t<div class=\"elementor-column elementor-col-16 elementor-top-column elementor-element elementor-element-d43a7cf\" data-id=\"d43a7cf\" data-element_type=\"column\" data-e-type=\"column\">\n\t\t\t<div class=\"elementor-widget-wrap elementor-element-populated\">\n\t\t\t\t\t\t<div class=\"elementor-element elementor-element-4b7816c elementor-widget elementor-widget-image\" data-id=\"4b7816c\" data-element_type=\"widget\" data-e-type=\"widget\" data-widget_type=\"image.default\">\n\t\t\t\t<div class=\"elementor-widget-container\">\n\t\t\t\t\t\t\t\t\t\t\t\t\t\t\t\t<a href=\"https:\/\/label.nl\/collectie\/bijzettafel\/rechte-jan?_gl=1%2Aaa6v8u%2A_up%2AMQ..&#038;gclid=Cj0KCQiA6fafBhC1ARIsAIJjL8lOJCTdbaLV2oKj_51a12pjfzE_RN4jqDZ6DeRmt_qHAbSQ63bG3CEaAunnEALw_wcB\">\n\t\t\t\t\t\t\t<img fetchpriority=\"high\" decoding=\"async\" width=\"800\" height=\"800\" src=\"https:\/\/label.nl\/wp-content\/uploads\/2023\/02\/LABEL-Vandenberg-Round-Jan-Straight-Jan-Sidetable-Atmosphere-1.jpg\" class=\"attachment-large size-large wp-image-44992\" alt=\"\" srcset=\"https:\/\/label.nl\/wp-content\/uploads\/2023\/02\/LABEL-Vandenberg-Round-Jan-Straight-Jan-Sidetable-Atmosphere-1.jpg 1000w, https:\/\/label.nl\/wp-content\/uploads\/2023\/02\/LABEL-Vandenberg-Round-Jan-Straight-Jan-Sidetable-Atmosphere-1-300x300.jpg 300w, https:\/\/label.nl\/wp-content\/uploads\/2023\/02\/LABEL-Vandenberg-Round-Jan-Straight-Jan-Sidetable-Atmosphere-1-150x150.jpg 150w, https:\/\/label.nl\/wp-content\/uploads\/2023\/02\/LABEL-Vandenberg-Round-Jan-Straight-Jan-Sidetable-Atmosphere-1-768x768.jpg 768w, https:\/\/label.nl\/wp-content\/uploads\/2023\/02\/LABEL-Vandenberg-Round-Jan-Straight-Jan-Sidetable-Atmosphere-1-500x500.jpg 500w, https:\/\/label.nl\/wp-content\/uploads\/2023\/02\/LABEL-Vandenberg-Round-Jan-Straight-Jan-Sidetable-Atmosphere-1-600x600.jpg 600w, https:\/\/label.nl\/wp-content\/uploads\/2023\/02\/LABEL-Vandenberg-Round-Jan-Straight-Jan-Sidetable-Atmosphere-1-100x100.jpg 100w\" sizes=\"(max-width: 800px) 100vw, 800px\" \/>\t\t\t\t\t\t\t\t<\/a>\n\t\t\t\t\t\t\t\t\t\t\t\t\t\t\t<\/div>\n\t\t\t\t<\/div>\n\t\t\t\t\t<\/div>\n\t\t<\/div>\n\t\t\t\t<div class=\"elementor-column elementor-col-16 elementor-top-column elementor-element elementor-element-f5e7067\" data-id=\"f5e7067\" data-element_type=\"column\" data-e-type=\"column\">\n\t\t\t<div class=\"elementor-widget-wrap\">\n\t\t\t\t\t\t\t<\/div>\n\t\t<\/div>\n\t\t\t\t<div class=\"elementor-column elementor-col-16 elementor-top-column elementor-element elementor-element-e65a94b\" data-id=\"e65a94b\" data-element_type=\"column\" data-e-type=\"column\">\n\t\t\t<div class=\"elementor-widget-wrap\">\n\t\t\t\t\t\t\t<\/div>\n\t\t<\/div>\n\t\t\t\t<div class=\"elementor-column elementor-col-16 elementor-top-column elementor-element elementor-element-6256c6a\" data-id=\"6256c6a\" data-element_type=\"column\" data-e-type=\"column\">\n\t\t\t<div class=\"elementor-widget-wrap\">\n\t\t\t\t\t\t\t<\/div>\n\t\t<\/div>\n\t\t\t\t<div class=\"elementor-column elementor-col-16 elementor-top-column elementor-element elementor-element-2b8784e\" data-id=\"2b8784e\" data-element_type=\"column\" data-e-type=\"column\">\n\t\t\t<div class=\"elementor-widget-wrap\">\n\t\t\t\t\t\t\t<\/div>\n\t\t<\/div>\n\t\t\t\t<div class=\"elementor-column elementor-col-16 elementor-top-column elementor-element elementor-element-7c79fa6\" data-id=\"7c79fa6\" data-element_type=\"column\" data-e-type=\"column\">\n\t\t\t<div class=\"elementor-widget-wrap\">\n\t\t\t\t\t\t\t<\/div>\n\t\t<\/div>\n\t\t\t\t\t<\/div>\n\t\t<\/section>\n\t\t\t\t<\/div>\n\t\t","protected":false},"excerpt":{"rendered":"<p>Jan Dijkstra Jan (Jannes) Dijkstra (15.7.1982), geboren und aufgewachsen in Nordholland in einem sehr kleinen Dorf namens Olterterp mit mehr K\u00fchen als Menschen. Als er jung war, hat er immer gezeichnet und gebastelt. So war es keine \u00dcberraschung, dass er die Design Academy Eindhoven besuchte und im Juni 2005 seinen Abschluss machte. Er schloss sein [&hellip;]<\/p>\n","protected":false},"author":7,"featured_media":0,"parent":0,"menu_order":0,"comment_status":"closed","ping_status":"closed","template":"","meta":{"_acf_changed":false,"footnotes":""},"class_list":["post-46176","page","type-page","status-publish","hentry"],"acf":[],"_links":{"self":[{"href":"https:\/\/label.nl\/de\/wp-json\/wp\/v2\/pages\/46176","targetHints":{"allow":["GET"]}}],"collection":[{"href":"https:\/\/label.nl\/de\/wp-json\/wp\/v2\/pages"}],"about":[{"href":"https:\/\/label.nl\/de\/wp-json\/wp\/v2\/types\/page"}],"author":[{"embeddable":true,"href":"https:\/\/label.nl\/de\/wp-json\/wp\/v2\/users\/7"}],"replies":[{"embeddable":true,"href":"https:\/\/label.nl\/de\/wp-json\/wp\/v2\/comments?post=46176"}],"version-history":[{"count":0,"href":"https:\/\/label.nl\/de\/wp-json\/wp\/v2\/pages\/46176\/revisions"}],"wp:attachment":[{"href":"https:\/\/label.nl\/de\/wp-json\/wp\/v2\/media?parent=46176"}],"curies":[{"name":"wp","href":"https:\/\/api.w.org\/{rel}","templated":true}]}}