{"id":46193,"date":"2022-07-11T10:21:59","date_gmt":"2022-07-11T10:21:59","guid":{"rendered":"https:\/\/label.nl\/stoff"},"modified":"2023-04-28T14:34:28","modified_gmt":"2023-04-28T14:34:28","slug":"stoff","status":"publish","type":"page","link":"https:\/\/label.nl\/de\/materialien-2\/stoff\/","title":{"rendered":"Stoff"},"content":{"rendered":"\t\t<div data-elementor-type=\"wp-page\" data-elementor-id=\"46193\" class=\"elementor elementor-46193 elementor-36067\" data-elementor-post-type=\"page\">\n\t\t\t\t\t\t<section class=\"elementor-section elementor-top-section elementor-element elementor-element-80d48f6 elementor-section-boxed elementor-section-height-default elementor-section-height-default\" data-id=\"80d48f6\" data-element_type=\"section\" data-e-type=\"section\">\n\t\t\t\t\t\t<div class=\"elementor-container elementor-column-gap-default\">\n\t\t\t\t\t<div class=\"elementor-column elementor-col-100 elementor-top-column elementor-element elementor-element-b1605cf\" data-id=\"b1605cf\" data-element_type=\"column\" data-e-type=\"column\">\n\t\t\t<div class=\"elementor-widget-wrap elementor-element-populated\">\n\t\t\t\t\t\t<div class=\"elementor-element elementor-element-0698833 elementor-widget elementor-widget-heading\" data-id=\"0698833\" data-element_type=\"widget\" data-e-type=\"widget\" data-widget_type=\"heading.default\">\n\t\t\t\t<div class=\"elementor-widget-container\">\n\t\t\t\t\t<h2 class=\"elementor-heading-title elementor-size-default\">Stoff-Kollektion<\/h2>\t\t\t\t<\/div>\n\t\t\t\t<\/div>\n\t\t\t\t<div class=\"elementor-element elementor-element-400fc42 elementor-widget elementor-widget-text-editor\" data-id=\"400fc42\" data-element_type=\"widget\" data-e-type=\"widget\" data-widget_type=\"text-editor.default\">\n\t\t\t\t<div class=\"elementor-widget-container\">\n\t\t\t\t\t\t\t\t\t<div class=\"page\" title=\"Seite 1\">\n<div class=\"section\">\n<div class=\"layoutArea\">\n<div class=\"column\">\n<p style=\"font-weight: 400;\">Neben all den Lederarten haben wir nat\u00fcrlich auch unsere eigene sch\u00f6ne Stoffkollektion zur Auswahl. Und nat\u00fcrlich sind auch Stoffe von de Ploeg und Kvadrat im Angebot.<\/p>\n<\/div>\n<\/div>\n<\/div>\n<\/div>\n\t\t\t\t\t\t\t\t<\/div>\n\t\t\t\t<\/div>\n\t\t\t\t\t<\/div>\n\t\t<\/div>\n\t\t\t\t\t<\/div>\n\t\t<\/section>\n\t\t\t\t<section class=\"elementor-section elementor-top-section elementor-element elementor-element-c7ccb07 elementor-section-boxed elementor-section-height-default elementor-section-height-default\" data-id=\"c7ccb07\" data-element_type=\"section\" data-e-type=\"section\">\n\t\t\t\t\t\t<div class=\"elementor-container elementor-column-gap-no\">\n\t\t\t\t\t<div class=\"elementor-column elementor-col-100 elementor-top-column elementor-element elementor-element-6af4ded\" data-id=\"6af4ded\" data-element_type=\"column\" data-e-type=\"column\">\n\t\t\t<div class=\"elementor-widget-wrap elementor-element-populated\">\n\t\t\t\t\t\t<div class=\"elementor-element elementor-element-a026de0 elementor-widget elementor-widget-image\" data-id=\"a026de0\" data-element_type=\"widget\" data-e-type=\"widget\" data-widget_type=\"image.default\">\n\t\t\t\t<div class=\"elementor-widget-container\">\n\t\t\t\t\t\t\t\t\t\t\t\t\t\t\t<img decoding=\"async\" src=\"https:\/\/label.nl\/wp-content\/uploads\/2022\/07\/Ginny-Sofa-Atohi-YP-16025-Waterbuffel-Cognac-2-2-1440x1000.jpg\" title=\"Ginny Sofa Atohi YP 16025 &#8211; Waterbuffel Cognac (2)-2\" alt=\"Ginny Sofa Atohi YP 16025 - Waterbuffel Cognac (2)-2\" loading=\"lazy\" \/>\t\t\t\t\t\t\t\t\t\t\t\t\t\t\t<\/div>\n\t\t\t\t<\/div>\n\t\t\t\t\t<\/div>\n\t\t<\/div>\n\t\t\t\t\t<\/div>\n\t\t<\/section>\n\t\t\t\t<section class=\"elementor-section elementor-top-section elementor-element elementor-element-778f067 elementor-section-boxed elementor-section-height-default elementor-section-height-default\" data-id=\"778f067\" data-element_type=\"section\" data-e-type=\"section\">\n\t\t\t\t\t\t<div class=\"elementor-container elementor-column-gap-default\">\n\t\t\t\t\t<div class=\"elementor-column elementor-col-100 elementor-top-column elementor-element elementor-element-80bbee9\" data-id=\"80bbee9\" data-element_type=\"column\" data-e-type=\"column\">\n\t\t\t<div class=\"elementor-widget-wrap elementor-element-populated\">\n\t\t\t\t\t\t<div class=\"elementor-element elementor-element-cb295d0 elementor-widget elementor-widget-heading\" data-id=\"cb295d0\" data-element_type=\"widget\" data-e-type=\"widget\" data-widget_type=\"heading.default\">\n\t\t\t\t<div class=\"elementor-widget-container\">\n\t\t\t\t\t<h2 class=\"elementor-heading-title elementor-size-default\">Informationen \u00fcber Bezugsstoffe<\/h2>\t\t\t\t<\/div>\n\t\t\t\t<\/div>\n\t\t\t\t<div class=\"elementor-element elementor-element-a8c841d elementor-widget elementor-widget-heading\" data-id=\"a8c841d\" data-element_type=\"widget\" data-e-type=\"widget\" data-widget_type=\"heading.default\">\n\t\t\t\t<div class=\"elementor-widget-container\">\n\t\t\t\t\t<h2 class=\"elementor-heading-title elementor-size-default\">  Pflege von Designerm\u00f6beln<\/h2>\t\t\t\t<\/div>\n\t\t\t\t<\/div>\n\t\t\t\t\t<\/div>\n\t\t<\/div>\n\t\t\t\t\t<\/div>\n\t\t<\/section>\n\t\t\t\t<section class=\"elementor-section elementor-top-section elementor-element elementor-element-042dba5 elementor-section-content-middle elementor-section-boxed elementor-section-height-default elementor-section-height-default\" data-id=\"042dba5\" data-element_type=\"section\" data-e-type=\"section\">\n\t\t\t\t\t\t<div class=\"elementor-container elementor-column-gap-no\">\n\t\t\t\t\t<div class=\"elementor-column elementor-col-50 elementor-top-column elementor-element elementor-element-10597ba\" data-id=\"10597ba\" data-element_type=\"column\" data-e-type=\"column\">\n\t\t\t<div class=\"elementor-widget-wrap elementor-element-populated\">\n\t\t\t\t\t\t<div class=\"elementor-element elementor-element-76766ed elementor-widget elementor-widget-image\" data-id=\"76766ed\" data-element_type=\"widget\" data-e-type=\"widget\" data-widget_type=\"image.default\">\n\t\t\t\t<div class=\"elementor-widget-container\">\n\t\t\t\t\t\t\t\t\t\t\t\t\t\t\t<img fetchpriority=\"high\" decoding=\"async\" width=\"2016\" height=\"2048\" src=\"https:\/\/label.nl\/wp-content\/uploads\/2022\/06\/bekleden-13-2016x2048.jpg\" class=\"attachment-2048x2048 size-2048x2048 wp-image-43100\" alt=\"\" srcset=\"https:\/\/label.nl\/wp-content\/uploads\/2022\/06\/bekleden-13-2016x2048.jpg 2016w, https:\/\/label.nl\/wp-content\/uploads\/2022\/06\/bekleden-13-295x300.jpg 295w, https:\/\/label.nl\/wp-content\/uploads\/2022\/06\/bekleden-13-1008x1024.jpg 1008w, https:\/\/label.nl\/wp-content\/uploads\/2022\/06\/bekleden-13-768x780.jpg 768w, https:\/\/label.nl\/wp-content\/uploads\/2022\/06\/bekleden-13-1512x1536.jpg 1512w, https:\/\/label.nl\/wp-content\/uploads\/2022\/06\/bekleden-13-600x609.jpg 600w\" sizes=\"(max-width: 2016px) 100vw, 2016px\" \/>\t\t\t\t\t\t\t\t\t\t\t\t\t\t\t<\/div>\n\t\t\t\t<\/div>\n\t\t\t\t\t<\/div>\n\t\t<\/div>\n\t\t\t\t<div class=\"elementor-column elementor-col-50 elementor-top-column elementor-element elementor-element-0cba34d\" data-id=\"0cba34d\" data-element_type=\"column\" data-e-type=\"column\" data-settings=\"{&quot;background_background&quot;:&quot;classic&quot;}\">\n\t\t\t<div class=\"elementor-widget-wrap elementor-element-populated\">\n\t\t\t\t\t\t<div class=\"elementor-element elementor-element-1dc83ca elementor-widget elementor-widget-heading\" data-id=\"1dc83ca\" data-element_type=\"widget\" data-e-type=\"widget\" data-widget_type=\"heading.default\">\n\t\t\t\t<div class=\"elementor-widget-container\">\n\t\t\t\t\t<h2 class=\"elementor-heading-title elementor-size-default\">Allgemein<\/h2>\t\t\t\t<\/div>\n\t\t\t\t<\/div>\n\t\t\t\t<div class=\"elementor-element elementor-element-deadad0 elementor-widget elementor-widget-text-editor\" data-id=\"deadad0\" data-element_type=\"widget\" data-e-type=\"widget\" data-widget_type=\"text-editor.default\">\n\t\t\t\t<div class=\"elementor-widget-container\">\n\t\t\t\t\t\t\t\t\t<div title=\"Seite 1\">\n<div class=\"page\" title=\"Seite 1\">\n<div class=\"section\">\n<div class=\"layoutArea\">\n<div class=\"column\">\n<div class=\"page\" title=\"Seite 2\">\n<div class=\"layoutArea\">\n<div class=\"column\">\n<p style=\"font-weight: 400;\">Polsterungen aus Stoff werden oft wegen ihrer Gem\u00fctlichkeit gew\u00e4hlt. Der Stoff bietet Komfort und W\u00e4rme. Wir k\u00f6nnen sie im Wesentlichen in drei Gruppen einteilen: Nat\u00fcrliche Materialien, synthetische Materialien und eine Mischung von Materialien. Obwohl an M\u00f6belstoffe heute sehr hohe Qualit\u00e4tsanforderungen gestellt werden, gibt es einige spezifische Unterschiede zwischen Natur- und Kunstfasern. Fragen Sie Ihren Verkaufsberater nach der Zusammensetzung und den Eigenschaften des von Ihnen gew\u00e4hlten Bezugsstoffs.<\/p>\n<p style=\"font-weight: 400;\"><strong>Nat\u00fcrliche Materialien<br \/><\/strong>Nat\u00fcrliche Stoffe werden aus nat\u00fcrlichen Materialien wie Baumwolle, Leinen, Wolle usw. hergestellt. Eine Eigenschaft von Naturfasern (Hohlfasern) ist ihre Atmungsaktivit\u00e4t, die f\u00fcr die Behaglichkeit der M\u00f6bel sorgt. Andererseits ist die Fleckenempfindlichkeit h\u00f6her und die Lichtechtheit meist geringer als bei Kunstfasern.<\/p>\n<p style=\"font-weight: 400;\"><strong>Synthetische Materialien<br \/><\/strong>Bei synthetischen Stoffen werden die Fasern k\u00fcnstlich hergestellt. Beispiele sind Polyester, Polyamid (Nylon) und Acryl. Eine wichtige Eigenschaft von Kunstfasern ist ihre geschlossene Faserstruktur. Das hei\u00dft, eine Kunstfaser ist fest, w\u00e4hrend eine Naturfaser meist hohl ist. In der Praxis weist dies einige typische Merkmale auf. So sind Fleckenempfindlichkeit und Lichtechtheit meist besser als bei Naturfasern. Andererseits ist die Absorptionsf\u00e4higkeit einer Kunstfaser geringer, so dass sie eher zu Schwei\u00dfbildung f\u00fchren kann.<\/p>\n<p style=\"font-weight: 400;\"><strong>Mischgewebe<br \/><\/strong>Ein Gewebe, das nat\u00fcrliche und synthetische Fasern kombiniert.<\/p>\n<\/div>\n<\/div>\n<\/div>\n<\/div>\n<\/div>\n<\/div>\n<\/div>\n<\/div>\n\t\t\t\t\t\t\t\t<\/div>\n\t\t\t\t<\/div>\n\t\t\t\t<div class=\"elementor-element elementor-element-ed3fb69 elementor-widget elementor-widget-button\" data-id=\"ed3fb69\" data-element_type=\"widget\" data-e-type=\"widget\" data-widget_type=\"button.default\">\n\t\t\t\t<div class=\"elementor-widget-container\">\n\t\t\t\t\t\t\t\t\t<div class=\"elementor-button-wrapper\">\n\t\t\t\t\t<a class=\"elementor-button elementor-button-link elementor-size-sm elementor-animation-grow\" href=\"https:\/\/label.nl\/de\/materialien-2\/stoff\/gewebearten\/\">\n\t\t\t\t\t\t<span class=\"elementor-button-content-wrapper\">\n\t\t\t\t\t\t\t\t\t<span class=\"elementor-button-text\">Stoffmuster<\/span>\n\t\t\t\t\t<\/span>\n\t\t\t\t\t<\/a>\n\t\t\t\t<\/div>\n\t\t\t\t\t\t\t\t<\/div>\n\t\t\t\t<\/div>\n\t\t\t\t\t<\/div>\n\t\t<\/div>\n\t\t\t\t\t<\/div>\n\t\t<\/section>\n\t\t\t\t<\/div>\n\t\t","protected":false},"excerpt":{"rendered":"<p>Stoff-Kollektion Neben all den Lederarten haben wir nat\u00fcrlich auch unsere eigene sch\u00f6ne Stoffkollektion zur Auswahl. Und nat\u00fcrlich sind auch Stoffe von de Ploeg und Kvadrat im Angebot. Informationen \u00fcber Bezugsstoffe Pflege von Designerm\u00f6beln Allgemein Polsterungen aus Stoff werden oft wegen ihrer Gem\u00fctlichkeit gew\u00e4hlt. Der Stoff bietet Komfort und W\u00e4rme. Wir k\u00f6nnen sie im Wesentlichen in [&hellip;]<\/p>\n","protected":false},"author":2,"featured_media":0,"parent":46205,"menu_order":0,"comment_status":"closed","ping_status":"closed","template":"","meta":{"_acf_changed":false,"footnotes":""},"class_list":["post-46193","page","type-page","status-publish","hentry"],"acf":[],"_links":{"self":[{"href":"https:\/\/label.nl\/de\/wp-json\/wp\/v2\/pages\/46193","targetHints":{"allow":["GET"]}}],"collection":[{"href":"https:\/\/label.nl\/de\/wp-json\/wp\/v2\/pages"}],"about":[{"href":"https:\/\/label.nl\/de\/wp-json\/wp\/v2\/types\/page"}],"author":[{"embeddable":true,"href":"https:\/\/label.nl\/de\/wp-json\/wp\/v2\/users\/2"}],"replies":[{"embeddable":true,"href":"https:\/\/label.nl\/de\/wp-json\/wp\/v2\/comments?post=46193"}],"version-history":[{"count":0,"href":"https:\/\/label.nl\/de\/wp-json\/wp\/v2\/pages\/46193\/revisions"}],"up":[{"embeddable":true,"href":"https:\/\/label.nl\/de\/wp-json\/wp\/v2\/pages\/46205"}],"wp:attachment":[{"href":"https:\/\/label.nl\/de\/wp-json\/wp\/v2\/media?parent=46193"}],"curies":[{"name":"wp","href":"https:\/\/api.w.org\/{rel}","templated":true}]}}