{"id":46205,"date":"2022-07-11T10:16:00","date_gmt":"2022-07-11T08:16:00","guid":{"rendered":"https:\/\/label.nl\/materialien-2"},"modified":"2025-09-05T12:31:54","modified_gmt":"2025-09-05T10:31:54","slug":"materialien-2","status":"publish","type":"page","link":"https:\/\/label.nl\/de\/materialien-2\/","title":{"rendered":"Materialien"},"content":{"rendered":"\t\t<div data-elementor-type=\"wp-page\" data-elementor-id=\"46205\" class=\"elementor elementor-46205 elementor-36056\" data-elementor-post-type=\"page\">\n\t\t\t\t\t\t<section class=\"elementor-section elementor-top-section elementor-element elementor-element-d91e94f elementor-section-boxed elementor-section-height-default elementor-section-height-default\" data-id=\"d91e94f\" data-element_type=\"section\" data-e-type=\"section\">\n\t\t\t\t\t\t<div class=\"elementor-container elementor-column-gap-default\">\n\t\t\t\t\t<div class=\"elementor-column elementor-col-100 elementor-top-column elementor-element elementor-element-88b88ae\" data-id=\"88b88ae\" data-element_type=\"column\" data-e-type=\"column\">\n\t\t\t<div class=\"elementor-widget-wrap elementor-element-populated\">\n\t\t\t\t\t\t<div class=\"elementor-element elementor-element-ee03277 elementor-widget elementor-widget-heading\" data-id=\"ee03277\" data-element_type=\"widget\" data-e-type=\"widget\" data-widget_type=\"heading.default\">\n\t\t\t\t<div class=\"elementor-widget-container\">\n\t\t\t\t\t<h2 class=\"elementor-heading-title elementor-size-default\">  Leder, Stoff und Holz<\/h2>\t\t\t\t<\/div>\n\t\t\t\t<\/div>\n\t\t\t\t<div class=\"elementor-element elementor-element-f393072 elementor-widget elementor-widget-heading\" data-id=\"f393072\" data-element_type=\"widget\" data-e-type=\"widget\" data-widget_type=\"heading.default\">\n\t\t\t\t<div class=\"elementor-widget-container\">\n\t\t\t\t\t<h2 class=\"elementor-heading-title elementor-size-default\">nat\u00fcrliche Materialien f\u00fcr Designerm\u00f6bel, die ein Eigenleben f\u00fchren.<\/h2>\t\t\t\t<\/div>\n\t\t\t\t<\/div>\n\t\t\t\t<div class=\"elementor-element elementor-element-216d2e7 elementor-widget elementor-widget-text-editor\" data-id=\"216d2e7\" data-element_type=\"widget\" data-e-type=\"widget\" data-widget_type=\"text-editor.default\">\n\t\t\t\t<div class=\"elementor-widget-container\">\n\t\t\t\t\t\t\t\t\t<p>W\u00e4hlen Sie Ihr Material:<\/p>\n\t\t\t\t\t\t\t\t<\/div>\n\t\t\t\t<\/div>\n\t\t\t\t\t<\/div>\n\t\t<\/div>\n\t\t\t\t\t<\/div>\n\t\t<\/section>\n\t\t\t\t<section class=\"elementor-section elementor-top-section elementor-element elementor-element-2acff26 elementor-section-boxed elementor-section-height-default elementor-section-height-default\" data-id=\"2acff26\" data-element_type=\"section\" data-e-type=\"section\">\n\t\t\t\t\t\t<div class=\"elementor-container elementor-column-gap-default\">\n\t\t\t\t\t<div class=\"elementor-column elementor-col-25 elementor-top-column elementor-element elementor-element-3bb33c5\" data-id=\"3bb33c5\" data-element_type=\"column\" data-e-type=\"column\">\n\t\t\t<div class=\"elementor-widget-wrap elementor-element-populated\">\n\t\t\t\t\t\t<div class=\"elementor-element elementor-element-c88d57b elementor-widget elementor-widget-image\" data-id=\"c88d57b\" data-element_type=\"widget\" data-e-type=\"widget\" data-widget_type=\"image.default\">\n\t\t\t\t<div class=\"elementor-widget-container\">\n\t\t\t\t\t\t\t\t\t\t\t\t<figure class=\"wp-caption\">\n\t\t\t\t\t\t\t\t\t\t\t<a href=\"https:\/\/label.nl\/de\/materialien-2\/holz\/holz-stahl\/\">\n\t\t\t\t\t\t\t<img decoding=\"async\" src=\"https:\/\/label.nl\/wp-content\/uploads\/2022\/07\/Eiken-naturel-min-500x500.png\" title=\"Eiken naturel-min\" alt=\"Eiken naturel-min\" class=\"elementor-animation-grow\" loading=\"lazy\" \/>\t\t\t\t\t\t\t\t<\/a>\n\t\t\t\t\t\t\t\t\t\t\t<figcaption class=\"widget-image-caption wp-caption-text\">Holz<\/figcaption>\n\t\t\t\t\t\t\t\t\t\t<\/figure>\n\t\t\t\t\t\t\t\t\t<\/div>\n\t\t\t\t<\/div>\n\t\t\t\t\t<\/div>\n\t\t<\/div>\n\t\t\t\t<div class=\"elementor-column elementor-col-25 elementor-top-column elementor-element elementor-element-f5ec480\" data-id=\"f5ec480\" data-element_type=\"column\" data-e-type=\"column\">\n\t\t\t<div class=\"elementor-widget-wrap elementor-element-populated\">\n\t\t\t\t\t\t<div class=\"elementor-element elementor-element-ef194fa elementor-widget elementor-widget-image\" data-id=\"ef194fa\" data-element_type=\"widget\" data-e-type=\"widget\" data-widget_type=\"image.default\">\n\t\t\t\t<div class=\"elementor-widget-container\">\n\t\t\t\t\t\t\t\t\t\t\t\t<figure class=\"wp-caption\">\n\t\t\t\t\t\t\t\t\t\t\t<a href=\"https:\/\/label.nl\/de\/materialien-2\/lernen-sie\/leder\/\">\n\t\t\t\t\t\t\t<img fetchpriority=\"high\" decoding=\"async\" width=\"480\" height=\"480\" src=\"https:\/\/label.nl\/wp-content\/uploads\/2023\/02\/yak-brown-leer_website-formaat.jpeg\" class=\"elementor-animation-grow attachment-large size-large wp-image-45054\" alt=\"\" srcset=\"https:\/\/label.nl\/wp-content\/uploads\/2023\/02\/yak-brown-leer_website-formaat.jpeg 480w, https:\/\/label.nl\/wp-content\/uploads\/2023\/02\/yak-brown-leer_website-formaat-300x300.jpeg 300w, https:\/\/label.nl\/wp-content\/uploads\/2023\/02\/yak-brown-leer_website-formaat-150x150.jpeg 150w, https:\/\/label.nl\/wp-content\/uploads\/2023\/02\/yak-brown-leer_website-formaat-100x100.jpeg 100w\" sizes=\"(max-width: 480px) 100vw, 480px\" \/>\t\t\t\t\t\t\t\t<\/a>\n\t\t\t\t\t\t\t\t\t\t\t<figcaption class=\"widget-image-caption wp-caption-text\">Leder<\/figcaption>\n\t\t\t\t\t\t\t\t\t\t<\/figure>\n\t\t\t\t\t\t\t\t\t<\/div>\n\t\t\t\t<\/div>\n\t\t\t\t\t<\/div>\n\t\t<\/div>\n\t\t\t\t<div class=\"elementor-column elementor-col-25 elementor-top-column elementor-element elementor-element-fa61cdc\" data-id=\"fa61cdc\" data-element_type=\"column\" data-e-type=\"column\">\n\t\t\t<div class=\"elementor-widget-wrap elementor-element-populated\">\n\t\t\t\t\t\t<div class=\"elementor-element elementor-element-8573c12 elementor-widget elementor-widget-image\" data-id=\"8573c12\" data-element_type=\"widget\" data-e-type=\"widget\" data-widget_type=\"image.default\">\n\t\t\t\t<div class=\"elementor-widget-container\">\n\t\t\t\t\t\t\t\t\t\t\t\t<figure class=\"wp-caption\">\n\t\t\t\t\t\t\t\t\t\t\t<a href=\"https:\/\/label.nl\/de\/materialien-2\/stoff\/gewebearten\/\">\n\t\t\t\t\t\t\t<img decoding=\"async\" width=\"480\" height=\"480\" src=\"https:\/\/label.nl\/wp-content\/uploads\/2023\/02\/Nupe-stof_website-formaat.jpeg\" class=\"elementor-animation-grow attachment-large size-large wp-image-45056\" alt=\"\" srcset=\"https:\/\/label.nl\/wp-content\/uploads\/2023\/02\/Nupe-stof_website-formaat.jpeg 480w, https:\/\/label.nl\/wp-content\/uploads\/2023\/02\/Nupe-stof_website-formaat-300x300.jpeg 300w, https:\/\/label.nl\/wp-content\/uploads\/2023\/02\/Nupe-stof_website-formaat-150x150.jpeg 150w, https:\/\/label.nl\/wp-content\/uploads\/2023\/02\/Nupe-stof_website-formaat-100x100.jpeg 100w\" sizes=\"(max-width: 480px) 100vw, 480px\" \/>\t\t\t\t\t\t\t\t<\/a>\n\t\t\t\t\t\t\t\t\t\t\t<figcaption class=\"widget-image-caption wp-caption-text\">Stoff<\/figcaption>\n\t\t\t\t\t\t\t\t\t\t<\/figure>\n\t\t\t\t\t\t\t\t\t<\/div>\n\t\t\t\t<\/div>\n\t\t\t\t\t<\/div>\n\t\t<\/div>\n\t\t\t\t<div class=\"elementor-column elementor-col-25 elementor-top-column elementor-element elementor-element-d06515a\" data-id=\"d06515a\" data-element_type=\"column\" data-e-type=\"column\">\n\t\t\t<div class=\"elementor-widget-wrap elementor-element-populated\">\n\t\t\t\t\t\t<div class=\"elementor-element elementor-element-76f8127 elementor-widget elementor-widget-image\" data-id=\"76f8127\" data-element_type=\"widget\" data-e-type=\"widget\" data-widget_type=\"image.default\">\n\t\t\t\t<div class=\"elementor-widget-container\">\n\t\t\t\t\t\t\t\t\t\t\t\t<figure class=\"wp-caption\">\n\t\t\t\t\t\t\t\t\t\t\t<a href=\"\/de\/materialien-2\/kreieren-sie-ihren-eigenen-stil\/\">\n\t\t\t\t\t\t\t<img decoding=\"async\" width=\"800\" height=\"806\" src=\"https:\/\/label.nl\/wp-content\/uploads\/2025\/09\/colorbox1-2-1017x1024.png\" class=\"elementor-animation-grow attachment-large size-large wp-image-55865\" alt=\"\" srcset=\"https:\/\/label.nl\/wp-content\/uploads\/2025\/09\/colorbox1-2-1017x1024.png 1017w, https:\/\/label.nl\/wp-content\/uploads\/2025\/09\/colorbox1-2-298x300.png 298w, https:\/\/label.nl\/wp-content\/uploads\/2025\/09\/colorbox1-2-150x150.png 150w, https:\/\/label.nl\/wp-content\/uploads\/2025\/09\/colorbox1-2-768x773.png 768w, https:\/\/label.nl\/wp-content\/uploads\/2025\/09\/colorbox1-2-1526x1536.png 1526w, https:\/\/label.nl\/wp-content\/uploads\/2025\/09\/colorbox1-2-600x604.png 600w, https:\/\/label.nl\/wp-content\/uploads\/2025\/09\/colorbox1-2-100x100.png 100w, https:\/\/label.nl\/wp-content\/uploads\/2025\/09\/colorbox1-2.png 1630w\" sizes=\"(max-width: 800px) 100vw, 800px\" \/>\t\t\t\t\t\t\t\t<\/a>\n\t\t\t\t\t\t\t\t\t\t\t<figcaption class=\"widget-image-caption wp-caption-text\">Colorbox<\/figcaption>\n\t\t\t\t\t\t\t\t\t\t<\/figure>\n\t\t\t\t\t\t\t\t\t<\/div>\n\t\t\t\t<\/div>\n\t\t\t\t\t<\/div>\n\t\t<\/div>\n\t\t\t\t\t<\/div>\n\t\t<\/section>\n\t\t\t\t<\/div>\n\t\t","protected":false},"excerpt":{"rendered":"<p>Leder, Stoff und Holz nat\u00fcrliche Materialien f\u00fcr Designerm\u00f6bel, die ein Eigenleben f\u00fchren. W\u00e4hlen Sie Ihr Material: Holz Leder Stoff Colorbox<\/p>\n","protected":false},"author":2,"featured_media":0,"parent":0,"menu_order":0,"comment_status":"closed","ping_status":"closed","template":"","meta":{"_acf_changed":false,"footnotes":""},"class_list":["post-46205","page","type-page","status-publish","hentry"],"acf":[],"_links":{"self":[{"href":"https:\/\/label.nl\/de\/wp-json\/wp\/v2\/pages\/46205","targetHints":{"allow":["GET"]}}],"collection":[{"href":"https:\/\/label.nl\/de\/wp-json\/wp\/v2\/pages"}],"about":[{"href":"https:\/\/label.nl\/de\/wp-json\/wp\/v2\/types\/page"}],"author":[{"embeddable":true,"href":"https:\/\/label.nl\/de\/wp-json\/wp\/v2\/users\/2"}],"replies":[{"embeddable":true,"href":"https:\/\/label.nl\/de\/wp-json\/wp\/v2\/comments?post=46205"}],"version-history":[{"count":1,"href":"https:\/\/label.nl\/de\/wp-json\/wp\/v2\/pages\/46205\/revisions"}],"predecessor-version":[{"id":55873,"href":"https:\/\/label.nl\/de\/wp-json\/wp\/v2\/pages\/46205\/revisions\/55873"}],"wp:attachment":[{"href":"https:\/\/label.nl\/de\/wp-json\/wp\/v2\/media?parent=46205"}],"curies":[{"name":"wp","href":"https:\/\/api.w.org\/{rel}","templated":true}]}}