{"id":46229,"date":"2022-05-05T15:19:04","date_gmt":"2022-05-05T15:19:04","guid":{"rendered":"https:\/\/label.nl\/jasper-van-den-berg"},"modified":"2023-05-01T14:26:43","modified_gmt":"2023-05-01T14:26:43","slug":"jasper-van-den-berg","status":"publish","type":"page","link":"https:\/\/label.nl\/de\/gestalter\/jasper-van-den-berg\/","title":{"rendered":"Jasper van den Berg"},"content":{"rendered":"\t\t<div data-elementor-type=\"wp-page\" data-elementor-id=\"46229\" class=\"elementor elementor-46229 elementor-34124\" data-elementor-post-type=\"page\">\n\t\t\t\t\t\t<section class=\"elementor-section elementor-top-section elementor-element elementor-element-316542b elementor-section-boxed elementor-section-height-default elementor-section-height-default\" data-id=\"316542b\" data-element_type=\"section\" data-e-type=\"section\">\n\t\t\t\t\t\t<div class=\"elementor-container elementor-column-gap-default\">\n\t\t\t\t\t<div class=\"elementor-column elementor-col-100 elementor-top-column elementor-element elementor-element-e7f5806\" data-id=\"e7f5806\" data-element_type=\"column\" data-e-type=\"column\">\n\t\t\t<div class=\"elementor-widget-wrap elementor-element-populated\">\n\t\t\t\t\t\t<div class=\"elementor-element elementor-element-39c64ef elementor-widget elementor-widget-heading\" data-id=\"39c64ef\" data-element_type=\"widget\" data-e-type=\"widget\" data-widget_type=\"heading.default\">\n\t\t\t\t<div class=\"elementor-widget-container\">\n\t\t\t\t\t<h2 class=\"elementor-heading-title elementor-size-default\">Jasper van den Berg<\/h2>\t\t\t\t<\/div>\n\t\t\t\t<\/div>\n\t\t\t\t\t<\/div>\n\t\t<\/div>\n\t\t\t\t\t<\/div>\n\t\t<\/section>\n\t\t\t\t<section class=\"elementor-section elementor-top-section elementor-element elementor-element-67ffaef elementor-section-boxed elementor-section-height-default elementor-section-height-default\" data-id=\"67ffaef\" data-element_type=\"section\" data-e-type=\"section\">\n\t\t\t\t\t\t<div class=\"elementor-container elementor-column-gap-default\">\n\t\t\t\t\t<div class=\"elementor-column elementor-col-50 elementor-top-column elementor-element elementor-element-1234789\" data-id=\"1234789\" data-element_type=\"column\" data-e-type=\"column\">\n\t\t\t<div class=\"elementor-widget-wrap elementor-element-populated\">\n\t\t\t\t\t\t<div class=\"elementor-element elementor-element-40bd424 elementor-widget elementor-widget-text-editor\" data-id=\"40bd424\" data-element_type=\"widget\" data-e-type=\"widget\" data-widget_type=\"text-editor.default\">\n\t\t\t\t<div class=\"elementor-widget-container\">\n\t\t\t\t\t\t\t\t\t<p>Wie ein Bildhauer beginne ich mit dem Modellieren. Das Modell erwacht zum Leben, sobald ich um es herumgehen und es f\u00fchlen kann. Ich kann mich darauf setzen. Nach der Skizzenphase beginne ich mit einem Testmodell zu arbeiten. Vorausschauendes Denken ist wichtig. Welche Materialien werden wir verwenden? Wie werden wir die Polsterung anbringen? F\u00fcr mich geht es beim Design darum, eine zusammenh\u00e4ngende Geschichte zu entwerfen. Material, Form und Komfort sollten sich gegenseitig verst\u00e4rken. Die Diskussion dar\u00fcber, ob die Form der Funktion folgt oder umgekehrt, ist f\u00fcr mich irrelevant; sie m\u00fcssen \u00fcbereinstimmen. Bei Label | Vandenberg stellen wir nachhaltige Produkte her, an denen die Menschen lange Zeit Freude haben. Unsere Sofas und St\u00fchle sitzen gut. Auch nach f\u00fcnf Jahren. Nach 10 Jahren h\u00e4ngt man an ihnen. Wir wollen, dass die Leute immer wieder in den Laden kommen, weil sie Fans sind.<\/p>\n<p>Jasper van den Berg:<em> &#8222;Ich versuche, das richtige Gleichgewicht zwischen Kontrasten und \u00c4hnlichkeiten in Form und Material zu finden.&#8220;<\/em><\/p>\n\t\t\t\t\t\t\t\t<\/div>\n\t\t\t\t<\/div>\n\t\t\t\t\t<\/div>\n\t\t<\/div>\n\t\t\t\t<div class=\"elementor-column elementor-col-50 elementor-top-column elementor-element elementor-element-47d0586\" data-id=\"47d0586\" data-element_type=\"column\" data-e-type=\"column\">\n\t\t\t<div class=\"elementor-widget-wrap elementor-element-populated\">\n\t\t\t\t\t\t<div class=\"elementor-element elementor-element-0a86281 elementor-widget elementor-widget-image\" data-id=\"0a86281\" data-element_type=\"widget\" data-e-type=\"widget\" data-widget_type=\"image.default\">\n\t\t\t\t<div class=\"elementor-widget-container\">\n\t\t\t\t\t\t\t\t\t\t\t\t\t\t\t<img fetchpriority=\"high\" decoding=\"async\" width=\"684\" height=\"1024\" src=\"https:\/\/label.nl\/wp-content\/uploads\/2022\/04\/ES3_4599-684x1024.jpg\" class=\"attachment-large size-large wp-image-42992\" alt=\"\" srcset=\"https:\/\/label.nl\/wp-content\/uploads\/2022\/04\/ES3_4599-684x1024.jpg 684w, https:\/\/label.nl\/wp-content\/uploads\/2022\/04\/ES3_4599-200x300.jpg 200w, https:\/\/label.nl\/wp-content\/uploads\/2022\/04\/ES3_4599-768x1150.jpg 768w, https:\/\/label.nl\/wp-content\/uploads\/2022\/04\/ES3_4599-1025x1536.jpg 1025w, https:\/\/label.nl\/wp-content\/uploads\/2022\/04\/ES3_4599-1367x2048.jpg 1367w, https:\/\/label.nl\/wp-content\/uploads\/2022\/04\/ES3_4599-600x899.jpg 600w, https:\/\/label.nl\/wp-content\/uploads\/2022\/04\/ES3_4599-scaled.jpg 1709w\" sizes=\"(max-width: 684px) 100vw, 684px\" \/>\t\t\t\t\t\t\t\t\t\t\t\t\t\t\t<\/div>\n\t\t\t\t<\/div>\n\t\t\t\t\t<\/div>\n\t\t<\/div>\n\t\t\t\t\t<\/div>\n\t\t<\/section>\n\t\t\t\t<section class=\"elementor-section elementor-top-section elementor-element elementor-element-4a86da7 elementor-section-boxed elementor-section-height-default elementor-section-height-default\" data-id=\"4a86da7\" data-element_type=\"section\" data-e-type=\"section\">\n\t\t\t\t\t\t<div class=\"elementor-container elementor-column-gap-default\">\n\t\t\t\t\t<div class=\"elementor-column elementor-col-100 elementor-top-column elementor-element elementor-element-3b4a809\" data-id=\"3b4a809\" data-element_type=\"column\" data-e-type=\"column\">\n\t\t\t<div class=\"elementor-widget-wrap elementor-element-populated\">\n\t\t\t\t\t\t<div class=\"elementor-element elementor-element-9685208 elementor-widget-divider--view-line elementor-widget elementor-widget-divider\" data-id=\"9685208\" data-element_type=\"widget\" data-e-type=\"widget\" data-widget_type=\"divider.default\">\n\t\t\t\t<div class=\"elementor-widget-container\">\n\t\t\t\t\t\t\t<div class=\"elementor-divider\">\n\t\t\t<span class=\"elementor-divider-separator\">\n\t\t\t\t\t\t<\/span>\n\t\t<\/div>\n\t\t\t\t\t\t<\/div>\n\t\t\t\t<\/div>\n\t\t\t\t\t<\/div>\n\t\t<\/div>\n\t\t\t\t\t<\/div>\n\t\t<\/section>\n\t\t\t\t<section class=\"elementor-section elementor-top-section elementor-element elementor-element-1b3b8d8 elementor-section-boxed elementor-section-height-default elementor-section-height-default\" data-id=\"1b3b8d8\" data-element_type=\"section\" data-e-type=\"section\">\n\t\t\t\t\t\t<div class=\"elementor-container elementor-column-gap-default\">\n\t\t\t\t\t<div class=\"elementor-column elementor-col-16 elementor-top-column elementor-element elementor-element-5b6bc57\" data-id=\"5b6bc57\" data-element_type=\"column\" data-e-type=\"column\">\n\t\t\t<div class=\"elementor-widget-wrap elementor-element-populated\">\n\t\t\t\t\t\t<div class=\"elementor-element elementor-element-0fb5877 elementor-widget elementor-widget-image\" data-id=\"0fb5877\" data-element_type=\"widget\" data-e-type=\"widget\" data-widget_type=\"image.default\">\n\t\t\t\t<div class=\"elementor-widget-container\">\n\t\t\t\t\t\t\t\t\t\t\t\t\t\t\t\t<a href=\"https:\/\/label.nl\/de\/collectie\/esstischstuhle\/tonka\/\">\n\t\t\t\t\t\t\t<img decoding=\"async\" width=\"800\" height=\"800\" src=\"https:\/\/label.nl\/wp-content\/uploads\/2022\/07\/LABEL-Vandenberg-Diningchair-Tonka-Atmosphere-1024x1024.jpg\" class=\"attachment-large size-large wp-image-43210\" alt=\"Tonka Eetkamerstoel - LABEL Vandenberg\" srcset=\"https:\/\/label.nl\/wp-content\/uploads\/2022\/07\/LABEL-Vandenberg-Diningchair-Tonka-Atmosphere-1024x1024.jpg 1024w, https:\/\/label.nl\/wp-content\/uploads\/2022\/07\/LABEL-Vandenberg-Diningchair-Tonka-Atmosphere-300x300.jpg 300w, https:\/\/label.nl\/wp-content\/uploads\/2022\/07\/LABEL-Vandenberg-Diningchair-Tonka-Atmosphere-150x150.jpg 150w, https:\/\/label.nl\/wp-content\/uploads\/2022\/07\/LABEL-Vandenberg-Diningchair-Tonka-Atmosphere-768x768.jpg 768w, https:\/\/label.nl\/wp-content\/uploads\/2022\/07\/LABEL-Vandenberg-Diningchair-Tonka-Atmosphere-500x500.jpg 500w, https:\/\/label.nl\/wp-content\/uploads\/2022\/07\/LABEL-Vandenberg-Diningchair-Tonka-Atmosphere-600x600.jpg 600w, https:\/\/label.nl\/wp-content\/uploads\/2022\/07\/LABEL-Vandenberg-Diningchair-Tonka-Atmosphere-100x100.jpg 100w, https:\/\/label.nl\/wp-content\/uploads\/2022\/07\/LABEL-Vandenberg-Diningchair-Tonka-Atmosphere.jpg 1500w\" sizes=\"(max-width: 800px) 100vw, 800px\" \/>\t\t\t\t\t\t\t\t<\/a>\n\t\t\t\t\t\t\t\t\t\t\t\t\t\t\t<\/div>\n\t\t\t\t<\/div>\n\t\t\t\t\t<\/div>\n\t\t<\/div>\n\t\t\t\t<div class=\"elementor-column elementor-col-16 elementor-top-column elementor-element elementor-element-2978ef4\" data-id=\"2978ef4\" data-element_type=\"column\" data-e-type=\"column\">\n\t\t\t<div class=\"elementor-widget-wrap elementor-element-populated\">\n\t\t\t\t\t\t<div class=\"elementor-element elementor-element-b601aa4 elementor-widget elementor-widget-image\" data-id=\"b601aa4\" data-element_type=\"widget\" data-e-type=\"widget\" data-widget_type=\"image.default\">\n\t\t\t\t<div class=\"elementor-widget-container\">\n\t\t\t\t\t\t\t\t\t\t\t\t\t\t\t\t<a href=\"https:\/\/label.nl\/de\/collectie\/kissen\/patch\/\">\n\t\t\t\t\t\t\t<img decoding=\"async\" width=\"800\" height=\"800\" src=\"https:\/\/label.nl\/wp-content\/uploads\/2022\/07\/LABEL-Vandenberg-Cushion-Two-Tone-Atmosphere-1024x1024.jpg\" class=\"attachment-large size-large wp-image-44604\" alt=\"Patch Kussen - LABEL Vandenberg\" srcset=\"https:\/\/label.nl\/wp-content\/uploads\/2022\/07\/LABEL-Vandenberg-Cushion-Two-Tone-Atmosphere-1024x1024.jpg 1024w, https:\/\/label.nl\/wp-content\/uploads\/2022\/07\/LABEL-Vandenberg-Cushion-Two-Tone-Atmosphere-300x300.jpg 300w, https:\/\/label.nl\/wp-content\/uploads\/2022\/07\/LABEL-Vandenberg-Cushion-Two-Tone-Atmosphere-150x150.jpg 150w, https:\/\/label.nl\/wp-content\/uploads\/2022\/07\/LABEL-Vandenberg-Cushion-Two-Tone-Atmosphere-768x768.jpg 768w, https:\/\/label.nl\/wp-content\/uploads\/2022\/07\/LABEL-Vandenberg-Cushion-Two-Tone-Atmosphere-500x500.jpg 500w, https:\/\/label.nl\/wp-content\/uploads\/2022\/07\/LABEL-Vandenberg-Cushion-Two-Tone-Atmosphere-600x600.jpg 600w, https:\/\/label.nl\/wp-content\/uploads\/2022\/07\/LABEL-Vandenberg-Cushion-Two-Tone-Atmosphere-100x100.jpg 100w, https:\/\/label.nl\/wp-content\/uploads\/2022\/07\/LABEL-Vandenberg-Cushion-Two-Tone-Atmosphere.jpg 1500w\" sizes=\"(max-width: 800px) 100vw, 800px\" \/>\t\t\t\t\t\t\t\t<\/a>\n\t\t\t\t\t\t\t\t\t\t\t\t\t\t\t<\/div>\n\t\t\t\t<\/div>\n\t\t\t\t\t<\/div>\n\t\t<\/div>\n\t\t\t\t<div class=\"elementor-column elementor-col-16 elementor-top-column elementor-element elementor-element-b72366a\" data-id=\"b72366a\" data-element_type=\"column\" data-e-type=\"column\">\n\t\t\t<div class=\"elementor-widget-wrap\">\n\t\t\t\t\t\t\t<\/div>\n\t\t<\/div>\n\t\t\t\t<div class=\"elementor-column elementor-col-16 elementor-top-column elementor-element elementor-element-c1822e9\" data-id=\"c1822e9\" data-element_type=\"column\" data-e-type=\"column\">\n\t\t\t<div class=\"elementor-widget-wrap\">\n\t\t\t\t\t\t\t<\/div>\n\t\t<\/div>\n\t\t\t\t<div class=\"elementor-column elementor-col-16 elementor-top-column elementor-element elementor-element-141293c\" data-id=\"141293c\" data-element_type=\"column\" data-e-type=\"column\">\n\t\t\t<div class=\"elementor-widget-wrap\">\n\t\t\t\t\t\t\t<\/div>\n\t\t<\/div>\n\t\t\t\t<div class=\"elementor-column elementor-col-16 elementor-top-column elementor-element elementor-element-9ee053a\" data-id=\"9ee053a\" data-element_type=\"column\" data-e-type=\"column\">\n\t\t\t<div class=\"elementor-widget-wrap\">\n\t\t\t\t\t\t\t<\/div>\n\t\t<\/div>\n\t\t\t\t\t<\/div>\n\t\t<\/section>\n\t\t\t\t<\/div>\n\t\t","protected":false},"excerpt":{"rendered":"<p>Jasper van den Berg Wie ein Bildhauer beginne ich mit dem Modellieren. Das Modell erwacht zum Leben, sobald ich um es herumgehen und es f\u00fchlen kann. Ich kann mich darauf setzen. Nach der Skizzenphase beginne ich mit einem Testmodell zu arbeiten. Vorausschauendes Denken ist wichtig. Welche Materialien werden wir verwenden? Wie werden wir die Polsterung [&hellip;]<\/p>\n","protected":false},"author":2,"featured_media":0,"parent":46286,"menu_order":0,"comment_status":"closed","ping_status":"closed","template":"","meta":{"_acf_changed":false,"footnotes":""},"class_list":["post-46229","page","type-page","status-publish","hentry"],"acf":[],"_links":{"self":[{"href":"https:\/\/label.nl\/de\/wp-json\/wp\/v2\/pages\/46229","targetHints":{"allow":["GET"]}}],"collection":[{"href":"https:\/\/label.nl\/de\/wp-json\/wp\/v2\/pages"}],"about":[{"href":"https:\/\/label.nl\/de\/wp-json\/wp\/v2\/types\/page"}],"author":[{"embeddable":true,"href":"https:\/\/label.nl\/de\/wp-json\/wp\/v2\/users\/2"}],"replies":[{"embeddable":true,"href":"https:\/\/label.nl\/de\/wp-json\/wp\/v2\/comments?post=46229"}],"version-history":[{"count":0,"href":"https:\/\/label.nl\/de\/wp-json\/wp\/v2\/pages\/46229\/revisions"}],"up":[{"embeddable":true,"href":"https:\/\/label.nl\/de\/wp-json\/wp\/v2\/pages\/46286"}],"wp:attachment":[{"href":"https:\/\/label.nl\/de\/wp-json\/wp\/v2\/media?parent=46229"}],"curies":[{"name":"wp","href":"https:\/\/api.w.org\/{rel}","templated":true}]}}