{"id":46236,"date":"2022-07-04T19:33:48","date_gmt":"2022-07-04T19:33:48","guid":{"rendered":"https:\/\/label.nl\/haftungsausschluss"},"modified":"2023-03-29T16:30:25","modified_gmt":"2023-03-29T16:30:25","slug":"haftungsausschluss","status":"publish","type":"page","link":"https:\/\/label.nl\/de\/haftungsausschluss\/","title":{"rendered":"Haftungsausschluss"},"content":{"rendered":"\t\t<div data-elementor-type=\"wp-page\" data-elementor-id=\"46236\" class=\"elementor elementor-46236 elementor-35355\" data-elementor-post-type=\"page\">\n\t\t\t\t\t\t<section class=\"elementor-section elementor-top-section elementor-element elementor-element-acbdb48 elementor-section-boxed elementor-section-height-default elementor-section-height-default\" data-id=\"acbdb48\" data-element_type=\"section\" data-e-type=\"section\">\n\t\t\t\t\t\t<div class=\"elementor-container elementor-column-gap-default\">\n\t\t\t\t\t<div class=\"elementor-column elementor-col-100 elementor-top-column elementor-element elementor-element-2d2b84b\" data-id=\"2d2b84b\" data-element_type=\"column\" data-e-type=\"column\">\n\t\t\t<div class=\"elementor-widget-wrap elementor-element-populated\">\n\t\t\t\t\t\t<div class=\"elementor-element elementor-element-72c70e8 elementor-widget elementor-widget-heading\" data-id=\"72c70e8\" data-element_type=\"widget\" data-e-type=\"widget\" data-widget_type=\"heading.default\">\n\t\t\t\t<div class=\"elementor-widget-container\">\n\t\t\t\t\t<h2 class=\"elementor-heading-title elementor-size-default\">Haftungsausschluss<\/h2>\t\t\t\t<\/div>\n\t\t\t\t<\/div>\n\t\t\t\t<div class=\"elementor-element elementor-element-19dfa4d elementor-widget elementor-widget-text-editor\" data-id=\"19dfa4d\" data-element_type=\"widget\" data-e-type=\"widget\" data-widget_type=\"text-editor.default\">\n\t\t\t\t<div class=\"elementor-widget-container\">\n\t\t\t\t\t\t\t\t\t<p>Texte, Bilder, Filme und andere hier ver\u00f6ffentlichte Informationen unterliegen dem Copyright von LABEL PRODUKTIES B.V. in Raamsdonksveer. Eine Vervielf\u00e4ltigung oder Ausstellung ohne die ausdr\u00fcckliche, schriftliche Zustimmung von&nbsp;LABEL PRODUKTIES B.V.&nbsp;ist nicht gestattet und zieht rechtliche Schritte nach sich.<\/p>\n<p>Preise, Gr\u00f6\u00dfen und andere Informationen werden vorbehaltlich von Fehlern und\/oder \u00c4nderungen zur Verf\u00fcgung gestellt.&nbsp;LABEL PRODUKTIES B.V.&nbsp;kann nicht f\u00fcr Sch\u00e4den haftbar gemacht werden, die sich aus diesen Informationen oder der Nutzung dieser Website ergeben.<\/p>\t\t\t\t\t\t\t\t<\/div>\n\t\t\t\t<\/div>\n\t\t\t\t\t<\/div>\n\t\t<\/div>\n\t\t\t\t\t<\/div>\n\t\t<\/section>\n\t\t\t\t<\/div>\n\t\t","protected":false},"excerpt":{"rendered":"<p>Haftungsausschluss Texte, Bilder, Filme und andere hier ver\u00f6ffentlichte Informationen unterliegen dem Copyright von LABEL PRODUKTIES B.V. in Raamsdonksveer. Eine Vervielf\u00e4ltigung oder Ausstellung ohne die ausdr\u00fcckliche, schriftliche Zustimmung von&nbsp;LABEL PRODUKTIES B.V.&nbsp;ist nicht gestattet und zieht rechtliche Schritte nach sich. Preise, Gr\u00f6\u00dfen und andere Informationen werden vorbehaltlich von Fehlern und\/oder \u00c4nderungen zur Verf\u00fcgung gestellt.&nbsp;LABEL PRODUKTIES B.V.&nbsp;kann nicht [&hellip;]<\/p>\n","protected":false},"author":2,"featured_media":0,"parent":0,"menu_order":0,"comment_status":"closed","ping_status":"closed","template":"","meta":{"_acf_changed":false,"footnotes":""},"class_list":["post-46236","page","type-page","status-publish","hentry"],"acf":[],"_links":{"self":[{"href":"https:\/\/label.nl\/de\/wp-json\/wp\/v2\/pages\/46236","targetHints":{"allow":["GET"]}}],"collection":[{"href":"https:\/\/label.nl\/de\/wp-json\/wp\/v2\/pages"}],"about":[{"href":"https:\/\/label.nl\/de\/wp-json\/wp\/v2\/types\/page"}],"author":[{"embeddable":true,"href":"https:\/\/label.nl\/de\/wp-json\/wp\/v2\/users\/2"}],"replies":[{"embeddable":true,"href":"https:\/\/label.nl\/de\/wp-json\/wp\/v2\/comments?post=46236"}],"version-history":[{"count":0,"href":"https:\/\/label.nl\/de\/wp-json\/wp\/v2\/pages\/46236\/revisions"}],"wp:attachment":[{"href":"https:\/\/label.nl\/de\/wp-json\/wp\/v2\/media?parent=46236"}],"curies":[{"name":"wp","href":"https:\/\/api.w.org\/{rel}","templated":true}]}}