{"id":46241,"date":"2022-04-19T17:55:46","date_gmt":"2022-04-19T15:55:46","guid":{"rendered":"https:\/\/label.nl\/verkaufsstellen"},"modified":"2025-10-10T13:26:29","modified_gmt":"2025-10-10T11:26:29","slug":"verkaufsstellen","status":"publish","type":"page","link":"https:\/\/label.nl\/de\/verkaufsstellen\/","title":{"rendered":"Verkaufsstellen"},"content":{"rendered":"\t\t<div data-elementor-type=\"wp-page\" data-elementor-id=\"46241\" class=\"elementor elementor-46241 elementor-33424\" data-elementor-post-type=\"page\">\n\t\t\t\t<div class=\"elementor-element elementor-element-ba64eb4 e-flex e-con-boxed e-con e-parent\" data-id=\"ba64eb4\" data-element_type=\"container\" data-e-type=\"container\">\n\t\t\t\t\t<div class=\"e-con-inner\">\n\t\t<div class=\"elementor-element elementor-element-2b936f4 e-con-full e-flex e-con e-child\" data-id=\"2b936f4\" data-element_type=\"container\" data-e-type=\"container\">\n\t\t\t\t<div class=\"elementor-element elementor-element-cd9628b elementor-widget elementor-widget-heading\" data-id=\"cd9628b\" data-element_type=\"widget\" data-e-type=\"widget\" data-widget_type=\"heading.default\">\n\t\t\t\t<div class=\"elementor-widget-container\">\n\t\t\t\t\t<h2 class=\"elementor-heading-title elementor-size-default\">Verkaufsstellen<\/h2>\t\t\t\t<\/div>\n\t\t\t\t<\/div>\n\t\t\t\t<div class=\"elementor-element elementor-element-df1fec7 elementor-widget elementor-widget-shortcode\" data-id=\"df1fec7\" data-element_type=\"widget\" data-e-type=\"widget\" data-widget_type=\"shortcode.default\">\n\t\t\t\t<div class=\"elementor-widget-container\">\n\t\t\t\t\t\t\t<div class=\"elementor-shortcode\"><style>\r\n\t#wpsl-stores .wpsl-store-thumb {height:45px !important; width:45px !important;}\r\n\t#wpsl-stores, #wpsl-direction-details, #wpsl-gmap {height:500px !important;}\r\n\t#wpsl-gmap .wpsl-info-window {max-width:225px !important;}\r\n\t.wpsl-input label, #wpsl-radius label, #wpsl-category label {width:110px;}\r\n\t#wpsl-search-input  {width:180px;}\r\n<\/style>\r\n<div id=\"wpsl-wrap\">\r\n\t<div class=\"wpsl-search wpsl-clearfix wpsl-filter wpsl-checkboxes-enabled\">\r\n\t\t<div id=\"wpsl-search-wrap\">\r\n\t\t\t<form autocomplete=\"off\">\r\n\t\t\t<div class=\"wpsl-input\">\r\n\t\t\t\t<div><label for=\"wpsl-search-input\">Dein Standort<\/label><\/div>\r\n\t\t\t\t<input id=\"wpsl-search-input\" type=\"text\" value=\"\" name=\"wpsl-search-input\" placeholder=\"\" aria-required=\"true\" \/>\r\n\t\t\t<\/div>\r\n\t\t\t<div class=\"wpsl-select-wrap\">\r\n\t\t\t\t<div id=\"wpsl-radius\">\r\n\t\t\t\t\t<label for=\"wpsl-radius-dropdown\">Suchradius<\/label>\r\n\t\t\t\t\t<select id=\"wpsl-radius-dropdown\" class=\"wpsl-dropdown\" name=\"wpsl-radius\">\r\n\t\t\t\t\t\t<option value=\"10\">10 km<\/option><option value=\"25\">25 km<\/option><option selected=\"selected\" value=\"50\">50 km<\/option><option value=\"100\">100 km<\/option><option value=\"200\">200 km<\/option><option value=\"500\">500 km<\/option><option value=\"1000\">1000 km<\/option><option value=\"2000\">2000 km<\/option>\r\n\t\t\t\t\t<\/select>\r\n\t\t\t\t<\/div>\r\n\t\t\t<\/div>\r\n<ul id=\"wpsl-checkbox-filter\" class=\"wpsl-checkbox-3-columns\"><li><label><input type=\"checkbox\" value=\"441\"  \/>Citystore<\/label><\/li><li><label><input type=\"checkbox\" value=\"442\"  \/>Dealer<\/label><\/li><li><label><input type=\"checkbox\" value=\"443\"  \/>Outdoor<\/label><\/li><li><label><input type=\"checkbox\" value=\"228\"  \/>Primeshop<\/label><\/li><\/ul>\t\t\t\t<div class=\"wpsl-search-btn-wrap\"><input id=\"wpsl-search-btn\" type=\"submit\" value=\"Suche\"><\/div>\r\n\t\t<\/form>\r\n\t\t<\/div>\r\n\t<\/div>\r\n\t<div id=\"wpsl-gmap\" class=\"wpsl-gmap-canvas\"><\/div>\r\n\t<div id=\"wpsl-result-list\">\r\n\t\t<div id=\"wpsl-stores\" >\r\n\t\t\t<ul><\/ul>\r\n\t\t<\/div>\r\n\t\t<div id=\"wpsl-direction-details\">\r\n\t\t\t<ul><\/ul>\r\n\t\t<\/div>\r\n\t<\/div>\r\n<\/div>\r\n<\/div>\n\t\t\t\t\t\t<\/div>\n\t\t\t\t<\/div>\n\t\t\t\t<\/div>\n\t\t\t\t\t<\/div>\n\t\t\t\t<\/div>\n\t\t<div class=\"elementor-element elementor-element-780b024 e-flex e-con-boxed e-con e-parent\" data-id=\"780b024\" data-element_type=\"container\" data-e-type=\"container\">\n\t\t\t\t\t<div class=\"e-con-inner\">\n\t\t\t\t<div class=\"elementor-element elementor-element-6cd0d14 elementor-widget elementor-widget-heading\" data-id=\"6cd0d14\" data-element_type=\"widget\" data-e-type=\"widget\" data-widget_type=\"heading.default\">\n\t\t\t\t<div class=\"elementor-widget-container\">\n\t\t\t\t\t<h2 class=\"elementor-heading-title elementor-size-default\">Legende<\/h2>\t\t\t\t<\/div>\n\t\t\t\t<\/div>\n\t\t\t\t<div class=\"elementor-element elementor-element-db55f79 elementor-position-left elementor-vertical-align-middle elementor-widget elementor-widget-image-box\" data-id=\"db55f79\" data-element_type=\"widget\" data-e-type=\"widget\" data-widget_type=\"image-box.default\">\n\t\t\t\t<div class=\"elementor-widget-container\">\n\t\t\t\t\t<div class=\"elementor-image-box-wrapper\"><figure class=\"elementor-image-box-img\"><img fetchpriority=\"high\" decoding=\"async\" width=\"456\" height=\"456\" src=\"https:\/\/label.nl\/wp-content\/uploads\/2025\/07\/primeshop-label@4x.png\" class=\"attachment-full size-full wp-image-55755\" alt=\"\" srcset=\"https:\/\/label.nl\/wp-content\/uploads\/2025\/07\/primeshop-label@4x.png 456w, https:\/\/label.nl\/wp-content\/uploads\/2025\/07\/primeshop-label@4x-300x300.png 300w, https:\/\/label.nl\/wp-content\/uploads\/2025\/07\/primeshop-label@4x-150x150.png 150w, https:\/\/label.nl\/wp-content\/uploads\/2025\/07\/primeshop-label@4x-100x100.png 100w\" sizes=\"(max-width: 456px) 100vw, 456px\" \/><\/figure><div class=\"elementor-image-box-content\"><h3 class=\"elementor-image-box-title\">Prime shop<\/h3><p class=\"elementor-image-box-description\">Eine begrenzte Anzahl von H\u00e4ndlern darf sich \"Label Vandenberg Prime Shop\" nennen. Diese Partner zeigen eine breitere Kollektion unserer Marke in einem erkennbaren Label Vandenberg-Umfeld.<\/p><\/div><\/div>\t\t\t\t<\/div>\n\t\t\t\t<\/div>\n\t\t\t\t<div class=\"elementor-element elementor-element-de46dad elementor-position-left elementor-vertical-align-middle elementor-widget elementor-widget-image-box\" data-id=\"de46dad\" data-element_type=\"widget\" data-e-type=\"widget\" data-widget_type=\"image-box.default\">\n\t\t\t\t<div class=\"elementor-widget-container\">\n\t\t\t\t\t<div class=\"elementor-image-box-wrapper\"><figure class=\"elementor-image-box-img\"><img decoding=\"async\" width=\"456\" height=\"456\" src=\"https:\/\/label.nl\/wp-content\/uploads\/2025\/07\/dealer-label@4x.png\" class=\"attachment-full size-full wp-image-55749\" alt=\"\" srcset=\"https:\/\/label.nl\/wp-content\/uploads\/2025\/07\/dealer-label@4x.png 456w, https:\/\/label.nl\/wp-content\/uploads\/2025\/07\/dealer-label@4x-300x300.png 300w, https:\/\/label.nl\/wp-content\/uploads\/2025\/07\/dealer-label@4x-150x150.png 150w, https:\/\/label.nl\/wp-content\/uploads\/2025\/07\/dealer-label@4x-100x100.png 100w\" sizes=\"(max-width: 456px) 100vw, 456px\" \/><\/figure><div class=\"elementor-image-box-content\"><h3 class=\"elementor-image-box-title\">Dealer<\/h3><p class=\"elementor-image-box-description\">Pr\u00e4sentiert eine sorgf\u00e4ltig zusammengestellte Auswahl aus der Kollektion, mit mindestens einem Sofa, erg\u00e4nzt durch mehrere Esszimmerst\u00fchle und Sessel.<\/p><\/div><\/div>\t\t\t\t<\/div>\n\t\t\t\t<\/div>\n\t\t\t\t<div class=\"elementor-element elementor-element-8dfa011 elementor-position-left elementor-vertical-align-middle elementor-widget elementor-widget-image-box\" data-id=\"8dfa011\" data-element_type=\"widget\" data-e-type=\"widget\" data-widget_type=\"image-box.default\">\n\t\t\t\t<div class=\"elementor-widget-container\">\n\t\t\t\t\t<div class=\"elementor-image-box-wrapper\"><figure class=\"elementor-image-box-img\"><img decoding=\"async\" width=\"456\" height=\"456\" src=\"https:\/\/label.nl\/wp-content\/uploads\/2025\/07\/citystore-label@4x.png\" class=\"attachment-full size-full wp-image-55746\" alt=\"\" srcset=\"https:\/\/label.nl\/wp-content\/uploads\/2025\/07\/citystore-label@4x.png 456w, https:\/\/label.nl\/wp-content\/uploads\/2025\/07\/citystore-label@4x-300x300.png 300w, https:\/\/label.nl\/wp-content\/uploads\/2025\/07\/citystore-label@4x-150x150.png 150w, https:\/\/label.nl\/wp-content\/uploads\/2025\/07\/citystore-label@4x-100x100.png 100w\" sizes=\"(max-width: 456px) 100vw, 456px\" \/><\/figure><div class=\"elementor-image-box-content\"><h3 class=\"elementor-image-box-title\">Citystore<\/h3><p class=\"elementor-image-box-description\">Die bekanntesten Modelle aus unserer Kollektion finden Sie bei City Store. Dabei handelt es sich in der Regel um drei verschiedene Modelle.<\/p><\/div><\/div>\t\t\t\t<\/div>\n\t\t\t\t<\/div>\n\t\t\t\t<div class=\"elementor-element elementor-element-385c34d elementor-position-left elementor-vertical-align-middle elementor-widget elementor-widget-image-box\" data-id=\"385c34d\" data-element_type=\"widget\" data-e-type=\"widget\" data-widget_type=\"image-box.default\">\n\t\t\t\t<div class=\"elementor-widget-container\">\n\t\t\t\t\t<div class=\"elementor-image-box-wrapper\"><figure class=\"elementor-image-box-img\"><img loading=\"lazy\" decoding=\"async\" width=\"456\" height=\"456\" src=\"https:\/\/label.nl\/wp-content\/uploads\/2025\/07\/Outdoor-label@4x.png\" class=\"attachment-full size-full wp-image-55752\" alt=\"\" srcset=\"https:\/\/label.nl\/wp-content\/uploads\/2025\/07\/Outdoor-label@4x.png 456w, https:\/\/label.nl\/wp-content\/uploads\/2025\/07\/Outdoor-label@4x-300x300.png 300w, https:\/\/label.nl\/wp-content\/uploads\/2025\/07\/Outdoor-label@4x-150x150.png 150w, https:\/\/label.nl\/wp-content\/uploads\/2025\/07\/Outdoor-label@4x-100x100.png 100w\" sizes=\"(max-width: 456px) 100vw, 456px\" \/><\/figure><div class=\"elementor-image-box-content\"><h3 class=\"elementor-image-box-title\">Outdoor<\/h3><p class=\"elementor-image-box-description\">Wenn es um stilvolles Leben im Freien geht, entdecken Sie hier exklusiv unsere eigenen Outdoor-M\u00f6bel.<\/p><\/div><\/div>\t\t\t\t<\/div>\n\t\t\t\t<\/div>\n\t\t\t\t\t<\/div>\n\t\t\t\t<\/div>\n\t\t\t\t<\/div>\n\t\t","protected":false},"excerpt":{"rendered":"<p>Verkaufsstellen Legende Prime shop Eine begrenzte Anzahl von H\u00e4ndlern darf sich &#8222;Label Vandenberg Prime Shop&#8220; nennen. Diese Partner zeigen eine breitere Kollektion unserer Marke in einem erkennbaren Label Vandenberg-Umfeld. Dealer Pr\u00e4sentiert eine sorgf\u00e4ltig zusammengestellte Auswahl aus der Kollektion, mit mindestens einem Sofa, erg\u00e4nzt durch mehrere Esszimmerst\u00fchle und Sessel. Citystore Die bekanntesten Modelle aus unserer Kollektion [&hellip;]<\/p>\n","protected":false},"author":2,"featured_media":0,"parent":0,"menu_order":0,"comment_status":"closed","ping_status":"closed","template":"","meta":{"_acf_changed":false,"footnotes":""},"class_list":["post-46241","page","type-page","status-publish","hentry"],"acf":[],"_links":{"self":[{"href":"https:\/\/label.nl\/de\/wp-json\/wp\/v2\/pages\/46241","targetHints":{"allow":["GET"]}}],"collection":[{"href":"https:\/\/label.nl\/de\/wp-json\/wp\/v2\/pages"}],"about":[{"href":"https:\/\/label.nl\/de\/wp-json\/wp\/v2\/types\/page"}],"author":[{"embeddable":true,"href":"https:\/\/label.nl\/de\/wp-json\/wp\/v2\/users\/2"}],"replies":[{"embeddable":true,"href":"https:\/\/label.nl\/de\/wp-json\/wp\/v2\/comments?post=46241"}],"version-history":[{"count":5,"href":"https:\/\/label.nl\/de\/wp-json\/wp\/v2\/pages\/46241\/revisions"}],"predecessor-version":[{"id":56339,"href":"https:\/\/label.nl\/de\/wp-json\/wp\/v2\/pages\/46241\/revisions\/56339"}],"wp:attachment":[{"href":"https:\/\/label.nl\/de\/wp-json\/wp\/v2\/media?parent=46241"}],"curies":[{"name":"wp","href":"https:\/\/api.w.org\/{rel}","templated":true}]}}