{"id":46247,"date":"2022-05-16T09:47:29","date_gmt":"2022-05-16T09:47:29","guid":{"rendered":"https:\/\/label.nl\/wie-alles-begann"},"modified":"2023-03-29T16:30:26","modified_gmt":"2023-03-29T16:30:26","slug":"wie-alles-begann","status":"publish","type":"page","link":"https:\/\/label.nl\/de\/wie-alles-begann\/","title":{"rendered":"Wie alles begann"},"content":{"rendered":"\t\t<div data-elementor-type=\"wp-page\" data-elementor-id=\"46247\" class=\"elementor elementor-46247 elementor-34260\" data-elementor-post-type=\"page\">\n\t\t\t\t\t\t<section class=\"elementor-section elementor-top-section elementor-element elementor-element-01a54c4 elementor-section-boxed elementor-section-height-default elementor-section-height-default\" data-id=\"01a54c4\" data-element_type=\"section\" data-e-type=\"section\">\n\t\t\t\t\t\t<div class=\"elementor-container elementor-column-gap-default\">\n\t\t\t\t\t<div class=\"elementor-column elementor-col-100 elementor-top-column elementor-element elementor-element-c4c05a4\" data-id=\"c4c05a4\" data-element_type=\"column\" data-e-type=\"column\">\n\t\t\t<div class=\"elementor-widget-wrap elementor-element-populated\">\n\t\t\t\t\t\t<div class=\"elementor-element elementor-element-1f8f571 elementor-widget elementor-widget-text-editor\" data-id=\"1f8f571\" data-element_type=\"widget\" data-e-type=\"widget\" data-widget_type=\"text-editor.default\">\n\t\t\t\t<div class=\"elementor-widget-container\">\n\t\t\t\t\t\t\t\t\t<h6 class=\"p1\">Gerard und Ton van den Berg wuchsen in der M\u00f6belfabrik ihres Vaters &#8218;G.A. van den Berg Meubelen&#8216; in Hellevoetsluis auf.<br \/>Als S\u00f6hne eines Schreiners kennen Gerard und Ton alle Aspekte des Handwerks wie kein anderer.<\/h6>\n<h6 class=\"p1\">Im Jahr 1991 gr\u00fcndeten sie das LABEL Vandenberg. Die t\u00e4gliche Leitung des Unternehmens liegt nun in den H\u00e4nden der dritten Generation der Familie Van den Berg:<br \/>Jasper van den Berg (Sohn von Gerard) und Marieke van den Berg (Tochter von Ton).<\/h6>\n<h6 class=\"p1\">Als Familienunternehmen ist es f\u00fcr uns selbstverst\u00e4ndlich, dass wir an die Zukunft denken. Schlie\u00dflich ist nachhaltiges Unternehmertum mit langfristiger Vision der einzige Weg, wie wir unser Unternehmen auf gesunde Weise an die n\u00e4chste Generation weitergeben k\u00f6nnen.<\/h6>\n<p style=\"margin: 0cm 0cm 8pt; line-height: 15.6933px; font-size: 11pt; font-family: Calibri, sans-serif; color: #000000;\">\n\t\t\t\t\t\t\t\t<\/div>\n\t\t\t\t<\/div>\n\t\t\t\t\t<\/div>\n\t\t<\/div>\n\t\t\t\t\t<\/div>\n\t\t<\/section>\n\t\t\t\t<section class=\"elementor-section elementor-top-section elementor-element elementor-element-268c6cc elementor-section-boxed elementor-section-height-default elementor-section-height-default\" data-id=\"268c6cc\" data-element_type=\"section\" data-e-type=\"section\">\n\t\t\t\t\t\t<div class=\"elementor-container elementor-column-gap-default\">\n\t\t\t\t\t<div class=\"elementor-column elementor-col-100 elementor-top-column elementor-element elementor-element-85d2304\" data-id=\"85d2304\" data-element_type=\"column\" data-e-type=\"column\">\n\t\t\t<div class=\"elementor-widget-wrap elementor-element-populated\">\n\t\t\t\t\t\t<div class=\"elementor-element elementor-element-7659504 elementor-widget elementor-widget-video\" data-id=\"7659504\" data-element_type=\"widget\" data-e-type=\"widget\" data-settings=\"{&quot;youtube_url&quot;:&quot;https:\\\/\\\/www.youtube.com\\\/watch?v=zpzD-Wa_Zqo&quot;,&quot;video_type&quot;:&quot;youtube&quot;,&quot;controls&quot;:&quot;yes&quot;}\" data-widget_type=\"video.default\">\n\t\t\t\t<div class=\"elementor-widget-container\">\n\t\t\t\t\t\t\t<div class=\"elementor-wrapper elementor-open-inline\">\n\t\t\t<div class=\"elementor-video\"><\/div>\t\t<\/div>\n\t\t\t\t\t\t<\/div>\n\t\t\t\t<\/div>\n\t\t\t\t\t<\/div>\n\t\t<\/div>\n\t\t\t\t\t<\/div>\n\t\t<\/section>\n\t\t\t\t<\/div>\n\t\t","protected":false},"excerpt":{"rendered":"<p>Gerard und Ton van den Berg wuchsen in der M\u00f6belfabrik ihres Vaters &#8218;G.A. van den Berg Meubelen&#8216; in Hellevoetsluis auf.Als S\u00f6hne eines Schreiners kennen Gerard und Ton alle Aspekte des Handwerks wie kein anderer. Im Jahr 1991 gr\u00fcndeten sie das LABEL Vandenberg. Die t\u00e4gliche Leitung des Unternehmens liegt nun in den H\u00e4nden der dritten Generation [&hellip;]<\/p>\n","protected":false},"author":2,"featured_media":0,"parent":0,"menu_order":0,"comment_status":"closed","ping_status":"closed","template":"","meta":{"_acf_changed":false,"footnotes":""},"class_list":["post-46247","page","type-page","status-publish","hentry"],"acf":[],"_links":{"self":[{"href":"https:\/\/label.nl\/de\/wp-json\/wp\/v2\/pages\/46247","targetHints":{"allow":["GET"]}}],"collection":[{"href":"https:\/\/label.nl\/de\/wp-json\/wp\/v2\/pages"}],"about":[{"href":"https:\/\/label.nl\/de\/wp-json\/wp\/v2\/types\/page"}],"author":[{"embeddable":true,"href":"https:\/\/label.nl\/de\/wp-json\/wp\/v2\/users\/2"}],"replies":[{"embeddable":true,"href":"https:\/\/label.nl\/de\/wp-json\/wp\/v2\/comments?post=46247"}],"version-history":[{"count":0,"href":"https:\/\/label.nl\/de\/wp-json\/wp\/v2\/pages\/46247\/revisions"}],"wp:attachment":[{"href":"https:\/\/label.nl\/de\/wp-json\/wp\/v2\/media?parent=46247"}],"curies":[{"name":"wp","href":"https:\/\/api.w.org\/{rel}","templated":true}]}}