{"id":46252,"date":"2022-05-05T15:23:54","date_gmt":"2022-05-05T15:23:54","guid":{"rendered":"https:\/\/label.nl\/harry-paul-van-ierssel"},"modified":"2023-05-01T14:27:01","modified_gmt":"2023-05-01T14:27:01","slug":"harry-paul-van-ierssel","status":"publish","type":"page","link":"https:\/\/label.nl\/de\/gestalter\/harry-paul-van-ierssel\/","title":{"rendered":"Harry Paul van Ierssel"},"content":{"rendered":"\t\t<div data-elementor-type=\"wp-page\" data-elementor-id=\"46252\" class=\"elementor elementor-46252\" data-elementor-post-type=\"page\">\n\t\t\t\t\t\t<section class=\"elementor-section elementor-top-section elementor-element elementor-element-faf9617 elementor-section-boxed elementor-section-height-default elementor-section-height-default\" data-id=\"faf9617\" data-element_type=\"section\" data-e-type=\"section\">\n\t\t\t\t\t\t<div class=\"elementor-container elementor-column-gap-default\">\n\t\t\t\t\t<div class=\"elementor-column elementor-col-100 elementor-top-column elementor-element elementor-element-8d11447\" data-id=\"8d11447\" data-element_type=\"column\" data-e-type=\"column\">\n\t\t\t<div class=\"elementor-widget-wrap elementor-element-populated\">\n\t\t\t\t\t\t<div class=\"elementor-element elementor-element-7f1d857 elementor-widget elementor-widget-heading\" data-id=\"7f1d857\" data-element_type=\"widget\" data-e-type=\"widget\" data-widget_type=\"heading.default\">\n\t\t\t\t<div class=\"elementor-widget-container\">\n\t\t\t\t\t<h2 class=\"elementor-heading-title elementor-size-default\">Harry Paul van Ierssel<\/h2>\t\t\t\t<\/div>\n\t\t\t\t<\/div>\n\t\t\t\t\t<\/div>\n\t\t<\/div>\n\t\t\t\t\t<\/div>\n\t\t<\/section>\n\t\t\t\t<section class=\"elementor-section elementor-top-section elementor-element elementor-element-67ffaef elementor-section-boxed elementor-section-height-default elementor-section-height-default\" data-id=\"67ffaef\" data-element_type=\"section\" data-e-type=\"section\">\n\t\t\t\t\t\t<div class=\"elementor-container elementor-column-gap-default\">\n\t\t\t\t\t<div class=\"elementor-column elementor-col-50 elementor-top-column elementor-element elementor-element-47d0586\" data-id=\"47d0586\" data-element_type=\"column\" data-e-type=\"column\">\n\t\t\t<div class=\"elementor-widget-wrap elementor-element-populated\">\n\t\t\t\t\t\t<div class=\"elementor-element elementor-element-40bd424 elementor-widget elementor-widget-text-editor\" data-id=\"40bd424\" data-element_type=\"widget\" data-e-type=\"widget\" data-widget_type=\"text-editor.default\">\n\t\t\t\t<div class=\"elementor-widget-container\">\n\t\t\t\t\t\t\t\t\t<p>Geboren 1966 in Breda. Er studierte Design an der Design Academy in Eindhoven und machte 1992 seinen Abschluss. An der Domus Academy in Mailand lernte er Camila Vega kennen, mit der er 1998 das Studio Harry &amp; Camila gr\u00fcndete.<\/p>\n<p>Nach einem fulminanten Deb\u00fct auf der Mail\u00e4nder M\u00f6belmesse 1999 w\u00e4hlte Ingo Maurer ihre Textilentw\u00fcrfe f\u00fcr das International Design Yearbook Nr. 15 aus. Paola Navone lud sie ein, an der Ausstellung Pitti Home Image 2000 teilzunehmen, und Mercedes Benz untersuchte die Verwendung ihrer Stoffe in einem Design f\u00fcr die Innenausstattung ihrer Autos. Harry und Camila leben in Barcelona, verbringen aber auch viel Zeit in Italien. Durch ihre Textilprojekte aus recycelten Gegenst\u00e4nden und Silikonen sind sie weithin bekannt geworden und entwerfen f\u00fcr namhafte Unternehmen.<\/p>\n\t\t\t\t\t\t\t\t<\/div>\n\t\t\t\t<\/div>\n\t\t\t\t\t<\/div>\n\t\t<\/div>\n\t\t\t\t<div class=\"elementor-column elementor-col-50 elementor-top-column elementor-element elementor-element-3e26161\" data-id=\"3e26161\" data-element_type=\"column\" data-e-type=\"column\">\n\t\t\t<div class=\"elementor-widget-wrap elementor-element-populated\">\n\t\t\t\t\t\t<div class=\"elementor-element elementor-element-24e2b9b elementor-widget elementor-widget-image\" data-id=\"24e2b9b\" data-element_type=\"widget\" data-e-type=\"widget\" data-widget_type=\"image.default\">\n\t\t\t\t<div class=\"elementor-widget-container\">\n\t\t\t\t\t\t\t\t\t\t\t\t\t\t\t<img fetchpriority=\"high\" decoding=\"async\" width=\"800\" height=\"919\" src=\"https:\/\/label.nl\/wp-content\/uploads\/2022\/04\/Harry-Paul_Portrait_300-1-891x1024.jpg\" class=\"attachment-large size-large wp-image-42986\" alt=\"\" srcset=\"https:\/\/label.nl\/wp-content\/uploads\/2022\/04\/Harry-Paul_Portrait_300-1-891x1024.jpg 891w, https:\/\/label.nl\/wp-content\/uploads\/2022\/04\/Harry-Paul_Portrait_300-1-261x300.jpg 261w, https:\/\/label.nl\/wp-content\/uploads\/2022\/04\/Harry-Paul_Portrait_300-1-768x883.jpg 768w, https:\/\/label.nl\/wp-content\/uploads\/2022\/04\/Harry-Paul_Portrait_300-1-1336x1536.jpg 1336w, https:\/\/label.nl\/wp-content\/uploads\/2022\/04\/Harry-Paul_Portrait_300-1-1782x2048.jpg 1782w, https:\/\/label.nl\/wp-content\/uploads\/2022\/04\/Harry-Paul_Portrait_300-1-600x690.jpg 600w\" sizes=\"(max-width: 800px) 100vw, 800px\" \/>\t\t\t\t\t\t\t\t\t\t\t\t\t\t\t<\/div>\n\t\t\t\t<\/div>\n\t\t\t\t\t<\/div>\n\t\t<\/div>\n\t\t\t\t\t<\/div>\n\t\t<\/section>\n\t\t\t\t<section class=\"elementor-section elementor-top-section elementor-element elementor-element-898d690 elementor-section-boxed elementor-section-height-default elementor-section-height-default\" data-id=\"898d690\" data-element_type=\"section\" data-e-type=\"section\">\n\t\t\t\t\t\t<div class=\"elementor-container elementor-column-gap-default\">\n\t\t\t\t\t<div class=\"elementor-column elementor-col-100 elementor-top-column elementor-element elementor-element-4f5593a\" data-id=\"4f5593a\" data-element_type=\"column\" data-e-type=\"column\">\n\t\t\t<div class=\"elementor-widget-wrap elementor-element-populated\">\n\t\t\t\t\t\t<div class=\"elementor-element elementor-element-415e041 elementor-widget-divider--view-line elementor-widget elementor-widget-divider\" data-id=\"415e041\" data-element_type=\"widget\" data-e-type=\"widget\" data-widget_type=\"divider.default\">\n\t\t\t\t<div class=\"elementor-widget-container\">\n\t\t\t\t\t\t\t<div class=\"elementor-divider\">\n\t\t\t<span class=\"elementor-divider-separator\">\n\t\t\t\t\t\t<\/span>\n\t\t<\/div>\n\t\t\t\t\t\t<\/div>\n\t\t\t\t<\/div>\n\t\t\t\t\t<\/div>\n\t\t<\/div>\n\t\t\t\t\t<\/div>\n\t\t<\/section>\n\t\t\t\t<section class=\"elementor-section elementor-top-section elementor-element elementor-element-01aea8e elementor-section-boxed elementor-section-height-default elementor-section-height-default\" data-id=\"01aea8e\" data-element_type=\"section\" data-e-type=\"section\">\n\t\t\t\t\t\t<div class=\"elementor-container elementor-column-gap-default\">\n\t\t\t\t\t<div class=\"elementor-column elementor-col-16 elementor-top-column elementor-element elementor-element-0132d13\" data-id=\"0132d13\" data-element_type=\"column\" data-e-type=\"column\">\n\t\t\t<div class=\"elementor-widget-wrap elementor-element-populated\">\n\t\t\t\t\t\t<div class=\"elementor-element elementor-element-9b53f78 elementor-widget elementor-widget-image\" data-id=\"9b53f78\" data-element_type=\"widget\" data-e-type=\"widget\" data-widget_type=\"image.default\">\n\t\t\t\t<div class=\"elementor-widget-container\">\n\t\t\t\t\t\t\t\t\t\t\t\t\t\t\t\t<a href=\"https:\/\/label.nl\/de\/collectie\/sessel\/ace\/\">\n\t\t\t\t\t\t\t<img decoding=\"async\" width=\"800\" height=\"800\" src=\"https:\/\/label.nl\/wp-content\/uploads\/2022\/07\/LABEL-Vandenberg-Ace-Armchair-Atmosphere-1024x1024.jpg\" class=\"attachment-large size-large wp-image-43354\" alt=\"Ace fauteuil - LABEL Vandenberg\" srcset=\"https:\/\/label.nl\/wp-content\/uploads\/2022\/07\/LABEL-Vandenberg-Ace-Armchair-Atmosphere-1024x1024.jpg 1024w, https:\/\/label.nl\/wp-content\/uploads\/2022\/07\/LABEL-Vandenberg-Ace-Armchair-Atmosphere-300x300.jpg 300w, https:\/\/label.nl\/wp-content\/uploads\/2022\/07\/LABEL-Vandenberg-Ace-Armchair-Atmosphere-150x150.jpg 150w, https:\/\/label.nl\/wp-content\/uploads\/2022\/07\/LABEL-Vandenberg-Ace-Armchair-Atmosphere-768x768.jpg 768w, https:\/\/label.nl\/wp-content\/uploads\/2022\/07\/LABEL-Vandenberg-Ace-Armchair-Atmosphere-500x500.jpg 500w, https:\/\/label.nl\/wp-content\/uploads\/2022\/07\/LABEL-Vandenberg-Ace-Armchair-Atmosphere-600x600.jpg 600w, https:\/\/label.nl\/wp-content\/uploads\/2022\/07\/LABEL-Vandenberg-Ace-Armchair-Atmosphere-100x100.jpg 100w, https:\/\/label.nl\/wp-content\/uploads\/2022\/07\/LABEL-Vandenberg-Ace-Armchair-Atmosphere.jpg 1500w\" sizes=\"(max-width: 800px) 100vw, 800px\" \/>\t\t\t\t\t\t\t\t<\/a>\n\t\t\t\t\t\t\t\t\t\t\t\t\t\t\t<\/div>\n\t\t\t\t<\/div>\n\t\t\t\t\t<\/div>\n\t\t<\/div>\n\t\t\t\t<div class=\"elementor-column elementor-col-16 elementor-top-column elementor-element elementor-element-1c88257\" data-id=\"1c88257\" data-element_type=\"column\" data-e-type=\"column\">\n\t\t\t<div class=\"elementor-widget-wrap elementor-element-populated\">\n\t\t\t\t\t\t<div class=\"elementor-element elementor-element-4f18b3f elementor-widget elementor-widget-image\" data-id=\"4f18b3f\" data-element_type=\"widget\" data-e-type=\"widget\" data-widget_type=\"image.default\">\n\t\t\t\t<div class=\"elementor-widget-container\">\n\t\t\t\t\t\t\t\t\t\t\t\t\t\t\t\t<a href=\"https:\/\/label.nl\/collectie\/fauteuils\/ace-lounge\">\n\t\t\t\t\t\t\t<img decoding=\"async\" width=\"800\" height=\"800\" src=\"https:\/\/label.nl\/wp-content\/uploads\/2022\/07\/LABEL-Vandenberg-AceLounge-Armchair-Atmosphere-1024x1024.jpg\" class=\"attachment-large size-large wp-image-43356\" alt=\"Ace Lounge - LABEL Vandenberg\" srcset=\"https:\/\/label.nl\/wp-content\/uploads\/2022\/07\/LABEL-Vandenberg-AceLounge-Armchair-Atmosphere-1024x1024.jpg 1024w, https:\/\/label.nl\/wp-content\/uploads\/2022\/07\/LABEL-Vandenberg-AceLounge-Armchair-Atmosphere-300x300.jpg 300w, https:\/\/label.nl\/wp-content\/uploads\/2022\/07\/LABEL-Vandenberg-AceLounge-Armchair-Atmosphere-150x150.jpg 150w, https:\/\/label.nl\/wp-content\/uploads\/2022\/07\/LABEL-Vandenberg-AceLounge-Armchair-Atmosphere-768x768.jpg 768w, https:\/\/label.nl\/wp-content\/uploads\/2022\/07\/LABEL-Vandenberg-AceLounge-Armchair-Atmosphere-500x500.jpg 500w, https:\/\/label.nl\/wp-content\/uploads\/2022\/07\/LABEL-Vandenberg-AceLounge-Armchair-Atmosphere-600x600.jpg 600w, https:\/\/label.nl\/wp-content\/uploads\/2022\/07\/LABEL-Vandenberg-AceLounge-Armchair-Atmosphere-100x100.jpg 100w, https:\/\/label.nl\/wp-content\/uploads\/2022\/07\/LABEL-Vandenberg-AceLounge-Armchair-Atmosphere.jpg 1500w\" sizes=\"(max-width: 800px) 100vw, 800px\" \/>\t\t\t\t\t\t\t\t<\/a>\n\t\t\t\t\t\t\t\t\t\t\t\t\t\t\t<\/div>\n\t\t\t\t<\/div>\n\t\t\t\t\t<\/div>\n\t\t<\/div>\n\t\t\t\t<div class=\"elementor-column elementor-col-16 elementor-top-column elementor-element elementor-element-54834b5\" data-id=\"54834b5\" data-element_type=\"column\" data-e-type=\"column\">\n\t\t\t<div class=\"elementor-widget-wrap\">\n\t\t\t\t\t\t\t<\/div>\n\t\t<\/div>\n\t\t\t\t<div class=\"elementor-column elementor-col-16 elementor-top-column elementor-element elementor-element-9f58acd\" data-id=\"9f58acd\" data-element_type=\"column\" data-e-type=\"column\">\n\t\t\t<div class=\"elementor-widget-wrap\">\n\t\t\t\t\t\t\t<\/div>\n\t\t<\/div>\n\t\t\t\t<div class=\"elementor-column elementor-col-16 elementor-top-column elementor-element elementor-element-ede4aff\" data-id=\"ede4aff\" data-element_type=\"column\" data-e-type=\"column\">\n\t\t\t<div class=\"elementor-widget-wrap\">\n\t\t\t\t\t\t\t<\/div>\n\t\t<\/div>\n\t\t\t\t<div class=\"elementor-column elementor-col-16 elementor-top-column elementor-element elementor-element-a579f54\" data-id=\"a579f54\" data-element_type=\"column\" data-e-type=\"column\">\n\t\t\t<div class=\"elementor-widget-wrap\">\n\t\t\t\t\t\t\t<\/div>\n\t\t<\/div>\n\t\t\t\t\t<\/div>\n\t\t<\/section>\n\t\t\t\t<\/div>\n\t\t","protected":false},"excerpt":{"rendered":"<p>Harry Paul van Ierssel Geboren 1966 in Breda. Er studierte Design an der Design Academy in Eindhoven und machte 1992 seinen Abschluss. An der Domus Academy in Mailand lernte er Camila Vega kennen, mit der er 1998 das Studio Harry &amp; Camila gr\u00fcndete. Nach einem fulminanten Deb\u00fct auf der Mail\u00e4nder M\u00f6belmesse 1999 w\u00e4hlte Ingo Maurer [&hellip;]<\/p>\n","protected":false},"author":2,"featured_media":0,"parent":46286,"menu_order":0,"comment_status":"closed","ping_status":"closed","template":"","meta":{"_acf_changed":false,"footnotes":""},"class_list":["post-46252","page","type-page","status-publish","hentry"],"acf":[],"_links":{"self":[{"href":"https:\/\/label.nl\/de\/wp-json\/wp\/v2\/pages\/46252","targetHints":{"allow":["GET"]}}],"collection":[{"href":"https:\/\/label.nl\/de\/wp-json\/wp\/v2\/pages"}],"about":[{"href":"https:\/\/label.nl\/de\/wp-json\/wp\/v2\/types\/page"}],"author":[{"embeddable":true,"href":"https:\/\/label.nl\/de\/wp-json\/wp\/v2\/users\/2"}],"replies":[{"embeddable":true,"href":"https:\/\/label.nl\/de\/wp-json\/wp\/v2\/comments?post=46252"}],"version-history":[{"count":0,"href":"https:\/\/label.nl\/de\/wp-json\/wp\/v2\/pages\/46252\/revisions"}],"up":[{"embeddable":true,"href":"https:\/\/label.nl\/de\/wp-json\/wp\/v2\/pages\/46286"}],"wp:attachment":[{"href":"https:\/\/label.nl\/de\/wp-json\/wp\/v2\/media?parent=46252"}],"curies":[{"name":"wp","href":"https:\/\/api.w.org\/{rel}","templated":true}]}}