{"id":46257,"date":"2022-06-20T12:38:58","date_gmt":"2022-06-20T10:38:58","guid":{"rendered":"https:\/\/label.nl\/ausstellungsraum"},"modified":"2024-11-04T00:55:00","modified_gmt":"2024-11-03T22:55:00","slug":"ausstellungsraum","status":"publish","type":"page","link":"https:\/\/label.nl\/de\/ausstellungsraum\/","title":{"rendered":"Ausstellungsraum"},"content":{"rendered":"\t\t<div data-elementor-type=\"wp-page\" data-elementor-id=\"46257\" class=\"elementor elementor-46257 elementor-34780\" data-elementor-post-type=\"page\">\n\t\t\t\t\t\t<section class=\"elementor-section elementor-top-section elementor-element elementor-element-1ef1852 elementor-section-boxed elementor-section-height-default elementor-section-height-default\" data-id=\"1ef1852\" data-element_type=\"section\" data-e-type=\"section\">\n\t\t\t\t\t\t<div class=\"elementor-container elementor-column-gap-default\">\n\t\t\t\t\t<div class=\"elementor-column elementor-col-100 elementor-top-column elementor-element elementor-element-aa17d2e\" data-id=\"aa17d2e\" data-element_type=\"column\" data-e-type=\"column\">\n\t\t\t<div class=\"elementor-widget-wrap elementor-element-populated\">\n\t\t\t\t\t\t<div class=\"elementor-element elementor-element-7b0ba9d elementor-widget elementor-widget-heading\" data-id=\"7b0ba9d\" data-element_type=\"widget\" data-e-type=\"widget\" data-widget_type=\"heading.default\">\n\t\t\t\t<div class=\"elementor-widget-container\">\n\t\t\t\t\t<h3 class=\"elementor-heading-title elementor-size-default\">Herzlich willkommen in unserem Showroom.\n<\/h3>\t\t\t\t<\/div>\n\t\t\t\t<\/div>\n\t\t\t\t\t<\/div>\n\t\t<\/div>\n\t\t\t\t\t<\/div>\n\t\t<\/section>\n\t\t\t\t<section class=\"elementor-section elementor-top-section elementor-element elementor-element-726e162 elementor-section-boxed elementor-section-height-default elementor-section-height-default\" data-id=\"726e162\" data-element_type=\"section\" data-e-type=\"section\">\n\t\t\t\t\t\t<div class=\"elementor-container elementor-column-gap-default\">\n\t\t\t\t\t<div class=\"elementor-column elementor-col-100 elementor-top-column elementor-element elementor-element-f9e7e4e\" data-id=\"f9e7e4e\" data-element_type=\"column\" data-e-type=\"column\">\n\t\t\t<div class=\"elementor-widget-wrap elementor-element-populated\">\n\t\t\t\t\t\t<div class=\"elementor-element elementor-element-681783c elementor-widget elementor-widget-heading\" data-id=\"681783c\" data-element_type=\"widget\" data-e-type=\"widget\" data-widget_type=\"heading.default\">\n\t\t\t\t<div class=\"elementor-widget-container\">\n\t\t\t\t\t<h2 class=\"elementor-heading-title elementor-size-medium\">Showroom, Fabrik und B\u00fcro<\/h2>\t\t\t\t<\/div>\n\t\t\t\t<\/div>\n\t\t\t\t<div class=\"elementor-element elementor-element-370aa38 elementor-widget elementor-widget-text-editor\" data-id=\"370aa38\" data-element_type=\"widget\" data-e-type=\"widget\" data-widget_type=\"text-editor.default\">\n\t\t\t\t<div class=\"elementor-widget-container\">\n\t\t\t\t\t\t\t\t\t<div class=\"page\" title=\"Seite 1\"><div class=\"section\"><div class=\"layoutArea\"><div class=\"column\"><p style=\"font-weight: 400;\"><span style=\"color: var( --e-global-color-secondary );\">Sie k\u00f6nnen sich von uns inspirieren lassen, den Herstellungsprozess mit eigenen Augen sehen und wenn Sie Fragen zu unseren Produkten haben, k\u00f6nnen Sie diese nat\u00fcrlich stellen.\u00a0<\/span><span style=\"color: var( --e-global-color-secondary );\">M\u00f6chten Sie vorbeikommen? Rufen Sie uns an oder vereinbaren Sie online \u00fcber diese Website einen Termin, und wir werden daf\u00fcr sorgen, dass wir mit Kaffee f\u00fcr Sie da sind.<\/span><\/p><\/div><\/div><\/div><\/div>\t\t\t\t\t\t\t\t<\/div>\n\t\t\t\t<\/div>\n\t\t\t\t\t<\/div>\n\t\t<\/div>\n\t\t\t\t\t<\/div>\n\t\t<\/section>\n\t\t\t\t<section class=\"elementor-section elementor-top-section elementor-element elementor-element-8770bf5 elementor-section-boxed elementor-section-height-default elementor-section-height-default\" data-id=\"8770bf5\" data-element_type=\"section\" data-e-type=\"section\">\n\t\t\t\t\t\t<div class=\"elementor-container elementor-column-gap-default\">\n\t\t\t\t\t<div class=\"elementor-column elementor-col-100 elementor-top-column elementor-element elementor-element-f8b7b50\" data-id=\"f8b7b50\" data-element_type=\"column\" data-e-type=\"column\" data-settings=\"{&quot;background_background&quot;:&quot;classic&quot;}\">\n\t\t\t<div class=\"elementor-widget-wrap elementor-element-populated\">\n\t\t\t\t\t\t<div class=\"elementor-element elementor-element-965babd elementor-widget elementor-widget-text-editor\" data-id=\"965babd\" data-element_type=\"widget\" data-e-type=\"widget\" data-widget_type=\"text-editor.default\">\n\t\t\t\t<div class=\"elementor-widget-container\">\n\t\t\t\t\t\t\t\t\t<p>Vereinbaren Sie schnell Ihren Termin f<span class=\"Y2IQFc\" lang=\"de\" tabindex=\"-1\">\u00fcr Uhren Besuch im Showroom!<\/span><\/p>\t\t\t\t\t\t\t\t<\/div>\n\t\t\t\t<\/div>\n\t\t\t\t<div class=\"elementor-element elementor-element-c045255 elementor-align-center elementor-widget elementor-widget-button\" data-id=\"c045255\" data-element_type=\"widget\" data-e-type=\"widget\" data-widget_type=\"button.default\">\n\t\t\t\t<div class=\"elementor-widget-container\">\n\t\t\t\t\t\t\t\t\t<div class=\"elementor-button-wrapper\">\n\t\t\t\t\t<a class=\"elementor-button elementor-button-link elementor-size-sm elementor-animation-grow\" href=\"#Calendly\">\n\t\t\t\t\t\t<span class=\"elementor-button-content-wrapper\">\n\t\t\t\t\t\t\t\t\t<span class=\"elementor-button-text\">Klicken Sie hier!<\/span>\n\t\t\t\t\t<\/span>\n\t\t\t\t\t<\/a>\n\t\t\t\t<\/div>\n\t\t\t\t\t\t\t\t<\/div>\n\t\t\t\t<\/div>\n\t\t\t\t\t<\/div>\n\t\t<\/div>\n\t\t\t\t\t<\/div>\n\t\t<\/section>\n\t\t\t\t<section class=\"elementor-section elementor-top-section elementor-element elementor-element-c7ccb07 elementor-section-boxed elementor-section-height-default elementor-section-height-default\" data-id=\"c7ccb07\" data-element_type=\"section\" data-e-type=\"section\">\n\t\t\t\t\t\t<div class=\"elementor-container elementor-column-gap-no\">\n\t\t\t\t\t<div class=\"elementor-column elementor-col-100 elementor-top-column elementor-element elementor-element-6af4ded\" data-id=\"6af4ded\" data-element_type=\"column\" data-e-type=\"column\">\n\t\t\t<div class=\"elementor-widget-wrap elementor-element-populated\">\n\t\t\t\t\t\t<div class=\"elementor-element elementor-element-30f5609 elementor-widget elementor-widget-spacer\" data-id=\"30f5609\" data-element_type=\"widget\" data-e-type=\"widget\" data-widget_type=\"spacer.default\">\n\t\t\t\t<div class=\"elementor-widget-container\">\n\t\t\t\t\t\t\t<div class=\"elementor-spacer\">\n\t\t\t<div class=\"elementor-spacer-inner\"><\/div>\n\t\t<\/div>\n\t\t\t\t\t\t<\/div>\n\t\t\t\t<\/div>\n\t\t\t\t\t<\/div>\n\t\t<\/div>\n\t\t\t\t\t<\/div>\n\t\t<\/section>\n\t\t\t\t<section class=\"elementor-section elementor-top-section elementor-element elementor-element-43ee36b elementor-section-boxed elementor-section-height-default elementor-section-height-default\" data-id=\"43ee36b\" data-element_type=\"section\" data-e-type=\"section\" id=\"Calendly\">\n\t\t\t\t\t\t<div class=\"elementor-container elementor-column-gap-default\">\n\t\t\t\t\t<div class=\"elementor-column elementor-col-100 elementor-top-column elementor-element elementor-element-b2f8839\" data-id=\"b2f8839\" data-element_type=\"column\" data-e-type=\"column\">\n\t\t\t<div class=\"elementor-widget-wrap elementor-element-populated\">\n\t\t\t\t\t\t<div class=\"elementor-element elementor-element-2df5659 elementor-widget elementor-widget-html\" data-id=\"2df5659\" data-element_type=\"widget\" data-e-type=\"widget\" data-widget_type=\"html.default\">\n\t\t\t\t<div class=\"elementor-widget-container\">\n\t\t\t\t\t<!-- Calendly inline widget begin -->\n<div class=\"calendly-inline-widget\" data-url=\"https:\/\/calendly.com\/info-label\/bezoek-showroom?primary_color=1a1a1a\" style=\"min-width:80%;height:650px\"><\/div>\n<script type=\"text\/javascript\" src=\"https:\/\/assets.calendly.com\/assets\/external\/widget.js\" async=\"\"><\/script>\n<!-- Calendly inline widget end -->\t\t\t\t<\/div>\n\t\t\t\t<\/div>\n\t\t\t\t\t<\/div>\n\t\t<\/div>\n\t\t\t\t\t<\/div>\n\t\t<\/section>\n\t\t\t\t<section class=\"elementor-section elementor-top-section elementor-element elementor-element-f0f64d4 elementor-section-full_width elementor-section-height-default elementor-section-height-default\" data-id=\"f0f64d4\" data-element_type=\"section\" data-e-type=\"section\">\n\t\t\t\t\t\t<div class=\"elementor-container elementor-column-gap-no\">\n\t\t\t\t\t<div class=\"elementor-column elementor-col-50 elementor-top-column elementor-element elementor-element-21d344f\" data-id=\"21d344f\" data-element_type=\"column\" data-e-type=\"column\">\n\t\t\t<div class=\"elementor-widget-wrap elementor-element-populated\">\n\t\t\t\t\t\t<div class=\"elementor-element elementor-element-a4eecb8 elementor-widget elementor-widget-image\" data-id=\"a4eecb8\" data-element_type=\"widget\" data-e-type=\"widget\" data-widget_type=\"image.default\">\n\t\t\t\t<div class=\"elementor-widget-container\">\n\t\t\t\t\t\t\t\t\t\t\t\t\t\t\t<img decoding=\"async\" src=\"https:\/\/label.nl\/wp-content\/uploads\/2022\/06\/Showroom-buiten--900x1000.jpg\" title=\"Showroom buiten\" alt=\"Showroom buiten\" loading=\"lazy\" \/>\t\t\t\t\t\t\t\t\t\t\t\t\t\t\t<\/div>\n\t\t\t\t<\/div>\n\t\t\t\t\t<\/div>\n\t\t<\/div>\n\t\t\t\t<div class=\"elementor-column elementor-col-50 elementor-top-column elementor-element elementor-element-5f9c9d0\" data-id=\"5f9c9d0\" data-element_type=\"column\" data-e-type=\"column\" data-settings=\"{&quot;background_background&quot;:&quot;classic&quot;}\">\n\t\t\t<div class=\"elementor-widget-wrap elementor-element-populated\">\n\t\t\t\t\t\t<div class=\"elementor-element elementor-element-588bc42 elementor-widget elementor-widget-heading\" data-id=\"588bc42\" data-element_type=\"widget\" data-e-type=\"widget\" data-widget_type=\"heading.default\">\n\t\t\t\t<div class=\"elementor-widget-container\">\n\t\t\t\t\t<h2 class=\"elementor-heading-title elementor-size-default\">\u00d6ffnungszeiten des Showroom<\/h2>\t\t\t\t<\/div>\n\t\t\t\t<\/div>\n\t\t\t\t<div class=\"elementor-element elementor-element-2456f6d elementor-widget elementor-widget-text-editor\" data-id=\"2456f6d\" data-element_type=\"widget\" data-e-type=\"widget\" data-widget_type=\"text-editor.default\">\n\t\t\t\t<div class=\"elementor-widget-container\">\n\t\t\t\t\t\t\t\t\t<div title=\"Seite 1\">\n<p>Werfen Sie einen Blick in die Welt von LABEL Vandenberg.<br \/>Unsere gesamte Kollektion ist in unserem Ausstellungsraum zu sehen.<\/p>\n<p><span style=\"font-size: 1rem;\">Montag: 9.00 &#8211; 17.00 Uhr<br \/><\/span><span style=\"font-size: 1rem;\">Dienstag: 9.00 &#8211; 17.00 Uhr<br \/><\/span><span style=\"font-size: 1rem;\">Mittwoch: 9.00 &#8211; 17.00 Uhr<br \/><\/span><span style=\"font-size: 1rem;\">Donnerstag: 9.00 &#8211; 17.00 Uhr<br \/><\/span><span style=\"font-size: 1rem;\">Freitag: 9 &#8211; 17 Uhr<br \/><\/span><span style=\"font-size: 1rem;\">Samstag und Sonntag: geschlossen<\/span><\/p>\n<p><span style=\"letter-spacing: 0.4px; word-spacing: 0em;\">Bitte vereinbaren Sie im Voraus einen Termin: +31 (0) 76 5722450<\/span><\/p>\n<p>Oder vereinbaren Sie einen Termin online \u00fcber den unten stehenden Kalender<\/p>\n<\/div>\n\t\t\t\t\t\t\t\t<\/div>\n\t\t\t\t<\/div>\n\t\t\t\t\t<\/div>\n\t\t<\/div>\n\t\t\t\t\t<\/div>\n\t\t<\/section>\n\t\t\t\t<\/div>\n\t\t","protected":false},"excerpt":{"rendered":"<p>Herzlich willkommen in unserem Showroom. Showroom, Fabrik und B\u00fcro Sie k\u00f6nnen sich von uns inspirieren lassen, den Herstellungsprozess mit eigenen Augen sehen und wenn Sie Fragen zu unseren Produkten haben, k\u00f6nnen Sie diese nat\u00fcrlich stellen.\u00a0M\u00f6chten Sie vorbeikommen? Rufen Sie uns an oder vereinbaren Sie online \u00fcber diese Website einen Termin, und wir werden daf\u00fcr sorgen, [&hellip;]<\/p>\n","protected":false},"author":2,"featured_media":0,"parent":0,"menu_order":0,"comment_status":"closed","ping_status":"closed","template":"","meta":{"_acf_changed":false,"footnotes":""},"class_list":["post-46257","page","type-page","status-publish","hentry"],"acf":[],"_links":{"self":[{"href":"https:\/\/label.nl\/de\/wp-json\/wp\/v2\/pages\/46257","targetHints":{"allow":["GET"]}}],"collection":[{"href":"https:\/\/label.nl\/de\/wp-json\/wp\/v2\/pages"}],"about":[{"href":"https:\/\/label.nl\/de\/wp-json\/wp\/v2\/types\/page"}],"author":[{"embeddable":true,"href":"https:\/\/label.nl\/de\/wp-json\/wp\/v2\/users\/2"}],"replies":[{"embeddable":true,"href":"https:\/\/label.nl\/de\/wp-json\/wp\/v2\/comments?post=46257"}],"version-history":[{"count":1,"href":"https:\/\/label.nl\/de\/wp-json\/wp\/v2\/pages\/46257\/revisions"}],"predecessor-version":[{"id":51476,"href":"https:\/\/label.nl\/de\/wp-json\/wp\/v2\/pages\/46257\/revisions\/51476"}],"wp:attachment":[{"href":"https:\/\/label.nl\/de\/wp-json\/wp\/v2\/media?parent=46257"}],"curies":[{"name":"wp","href":"https:\/\/api.w.org\/{rel}","templated":true}]}}