{"id":46262,"date":"2022-05-05T15:21:41","date_gmt":"2022-05-05T15:21:41","guid":{"rendered":"https:\/\/label.nl\/meike-harde"},"modified":"2023-05-01T14:27:21","modified_gmt":"2023-05-01T14:27:21","slug":"meike-harde","status":"publish","type":"page","link":"https:\/\/label.nl\/de\/gestalter\/meike-harde\/","title":{"rendered":"Meike Harde"},"content":{"rendered":"\t\t<div data-elementor-type=\"wp-page\" data-elementor-id=\"46262\" class=\"elementor elementor-46262 elementor-34126\" data-elementor-post-type=\"page\">\n\t\t\t\t\t\t<section class=\"elementor-section elementor-top-section elementor-element elementor-element-6a7157d elementor-section-boxed elementor-section-height-default elementor-section-height-default\" data-id=\"6a7157d\" data-element_type=\"section\" data-e-type=\"section\">\n\t\t\t\t\t\t<div class=\"elementor-container elementor-column-gap-default\">\n\t\t\t\t\t<div class=\"elementor-column elementor-col-100 elementor-top-column elementor-element elementor-element-4981dab\" data-id=\"4981dab\" data-element_type=\"column\" data-e-type=\"column\">\n\t\t\t<div class=\"elementor-widget-wrap elementor-element-populated\">\n\t\t\t\t\t\t<div class=\"elementor-element elementor-element-bdd67e0 elementor-widget elementor-widget-heading\" data-id=\"bdd67e0\" data-element_type=\"widget\" data-e-type=\"widget\" data-widget_type=\"heading.default\">\n\t\t\t\t<div class=\"elementor-widget-container\">\n\t\t\t\t\t<h2 class=\"elementor-heading-title elementor-size-default\">Meike Harde<\/h2>\t\t\t\t<\/div>\n\t\t\t\t<\/div>\n\t\t\t\t\t<\/div>\n\t\t<\/div>\n\t\t\t\t\t<\/div>\n\t\t<\/section>\n\t\t\t\t<section class=\"elementor-section elementor-top-section elementor-element elementor-element-67ffaef elementor-section-boxed elementor-section-height-default elementor-section-height-default\" data-id=\"67ffaef\" data-element_type=\"section\" data-e-type=\"section\">\n\t\t\t\t\t\t<div class=\"elementor-container elementor-column-gap-default\">\n\t\t\t\t\t<div class=\"elementor-column elementor-col-50 elementor-top-column elementor-element elementor-element-b1c2957\" data-id=\"b1c2957\" data-element_type=\"column\" data-e-type=\"column\">\n\t\t\t<div class=\"elementor-widget-wrap elementor-element-populated\">\n\t\t\t\t\t\t<div class=\"elementor-element elementor-element-40bd424 elementor-widget elementor-widget-text-editor\" data-id=\"40bd424\" data-element_type=\"widget\" data-e-type=\"widget\" data-widget_type=\"text-editor.default\">\n\t\t\t\t<div class=\"elementor-widget-container\">\n\t\t\t\t\t\t\t\t\t<p style=\"font-weight: 400;\">Meine Entw\u00fcrfe zeichnen sich durch sch\u00f6ne Strukturen, eine gewisse Transparenz und subtile Details in reinen Formen aus. Meine Entw\u00fcrfe streben nach einer \u00e4sthetischen Synergie von Material und Design. Ich denke, ein dekoratives Element sollte mit einem n\u00fctzlichen Zweck einhergehen. F\u00fcr mich bilden Funktion und Sch\u00f6nheit eine Einheit.<\/p>\n\t\t\t\t\t\t\t\t<\/div>\n\t\t\t\t<\/div>\n\t\t\t\t\t<\/div>\n\t\t<\/div>\n\t\t\t\t<div class=\"elementor-column elementor-col-50 elementor-top-column elementor-element elementor-element-47d0586\" data-id=\"47d0586\" data-element_type=\"column\" data-e-type=\"column\">\n\t\t\t<div class=\"elementor-widget-wrap elementor-element-populated\">\n\t\t\t\t\t\t<div class=\"elementor-element elementor-element-f8a53b6 elementor-widget elementor-widget-image\" data-id=\"f8a53b6\" data-element_type=\"widget\" data-e-type=\"widget\" data-widget_type=\"image.default\">\n\t\t\t\t<div class=\"elementor-widget-container\">\n\t\t\t\t\t\t\t\t\t\t\t\t\t\t\t<img decoding=\"async\" src=\"https:\/\/label.nl\/wp-content\/uploads\/2022\/04\/Meike-jpg-900x1000.jpg\" title=\"Meike jpg\" alt=\"Meike jpg\" loading=\"lazy\" \/>\t\t\t\t\t\t\t\t\t\t\t\t\t\t\t<\/div>\n\t\t\t\t<\/div>\n\t\t\t\t\t<\/div>\n\t\t<\/div>\n\t\t\t\t\t<\/div>\n\t\t<\/section>\n\t\t\t\t<section class=\"elementor-section elementor-top-section elementor-element elementor-element-e864bd6 elementor-section-boxed elementor-section-height-default elementor-section-height-default\" data-id=\"e864bd6\" data-element_type=\"section\" data-e-type=\"section\">\n\t\t\t\t\t\t<div class=\"elementor-container elementor-column-gap-default\">\n\t\t\t\t\t<div class=\"elementor-column elementor-col-100 elementor-top-column elementor-element elementor-element-849759a\" data-id=\"849759a\" data-element_type=\"column\" data-e-type=\"column\">\n\t\t\t<div class=\"elementor-widget-wrap elementor-element-populated\">\n\t\t\t\t\t\t<div class=\"elementor-element elementor-element-8df285c elementor-widget-divider--view-line elementor-widget elementor-widget-divider\" data-id=\"8df285c\" data-element_type=\"widget\" data-e-type=\"widget\" data-widget_type=\"divider.default\">\n\t\t\t\t<div class=\"elementor-widget-container\">\n\t\t\t\t\t\t\t<div class=\"elementor-divider\">\n\t\t\t<span class=\"elementor-divider-separator\">\n\t\t\t\t\t\t<\/span>\n\t\t<\/div>\n\t\t\t\t\t\t<\/div>\n\t\t\t\t<\/div>\n\t\t\t\t\t<\/div>\n\t\t<\/div>\n\t\t\t\t\t<\/div>\n\t\t<\/section>\n\t\t\t\t<section class=\"elementor-section elementor-top-section elementor-element elementor-element-0fc24ae elementor-section-boxed elementor-section-height-default elementor-section-height-default\" data-id=\"0fc24ae\" data-element_type=\"section\" data-e-type=\"section\">\n\t\t\t\t\t\t<div class=\"elementor-container elementor-column-gap-default\">\n\t\t\t\t\t<div class=\"elementor-column elementor-col-16 elementor-top-column elementor-element elementor-element-84630a2\" data-id=\"84630a2\" data-element_type=\"column\" data-e-type=\"column\">\n\t\t\t<div class=\"elementor-widget-wrap elementor-element-populated\">\n\t\t\t\t\t\t<div class=\"elementor-element elementor-element-d7019e0 elementor-widget elementor-widget-image\" data-id=\"d7019e0\" data-element_type=\"widget\" data-e-type=\"widget\" data-widget_type=\"image.default\">\n\t\t\t\t<div class=\"elementor-widget-container\">\n\t\t\t\t\t\t\t\t\t\t\t\t\t\t\t\t<a href=\"https:\/\/label.nl\/de\/collectie\/sofa\/sofa-ginny\/\">\n\t\t\t\t\t\t\t<img fetchpriority=\"high\" decoding=\"async\" width=\"800\" height=\"800\" src=\"https:\/\/label.nl\/wp-content\/uploads\/2022\/07\/Ginny-Sofa-Berbero-Beach-Waterbuffel-Cognac-2-e1745970220158.jpg\" class=\"attachment-large size-large wp-image-44898\" alt=\"Ginny Bank - LABEL Vandenberg\" \/>\t\t\t\t\t\t\t\t<\/a>\n\t\t\t\t\t\t\t\t\t\t\t\t\t\t\t<\/div>\n\t\t\t\t<\/div>\n\t\t\t\t\t<\/div>\n\t\t<\/div>\n\t\t\t\t<div class=\"elementor-column elementor-col-16 elementor-top-column elementor-element elementor-element-3d75e0b\" data-id=\"3d75e0b\" data-element_type=\"column\" data-e-type=\"column\">\n\t\t\t<div class=\"elementor-widget-wrap elementor-element-populated\">\n\t\t\t\t\t\t<div class=\"elementor-element elementor-element-c774848 elementor-widget elementor-widget-image\" data-id=\"c774848\" data-element_type=\"widget\" data-e-type=\"widget\" data-widget_type=\"image.default\">\n\t\t\t\t<div class=\"elementor-widget-container\">\n\t\t\t\t\t\t\t\t\t\t\t\t\t\t\t\t<a href=\"https:\/\/label.nl\/de\/collectie\/pouffes-de\/ginny-2\/\">\n\t\t\t\t\t\t\t<img decoding=\"async\" width=\"800\" height=\"800\" src=\"https:\/\/label.nl\/wp-content\/uploads\/2023\/02\/label-van-den-berg-ginny-pouffe-2.png\" class=\"attachment-large size-large wp-image-45462\" alt=\"Ginny Pouffe - LABEL Vandenberg\" srcset=\"https:\/\/label.nl\/wp-content\/uploads\/2023\/02\/label-van-den-berg-ginny-pouffe-2.png 1000w, https:\/\/label.nl\/wp-content\/uploads\/2023\/02\/label-van-den-berg-ginny-pouffe-2-300x300.png 300w, https:\/\/label.nl\/wp-content\/uploads\/2023\/02\/label-van-den-berg-ginny-pouffe-2-150x150.png 150w, https:\/\/label.nl\/wp-content\/uploads\/2023\/02\/label-van-den-berg-ginny-pouffe-2-768x768.png 768w, https:\/\/label.nl\/wp-content\/uploads\/2023\/02\/label-van-den-berg-ginny-pouffe-2-500x500.png 500w, https:\/\/label.nl\/wp-content\/uploads\/2023\/02\/label-van-den-berg-ginny-pouffe-2-600x600.png 600w, https:\/\/label.nl\/wp-content\/uploads\/2023\/02\/label-van-den-berg-ginny-pouffe-2-100x100.png 100w\" sizes=\"(max-width: 800px) 100vw, 800px\" \/>\t\t\t\t\t\t\t\t<\/a>\n\t\t\t\t\t\t\t\t\t\t\t\t\t\t\t<\/div>\n\t\t\t\t<\/div>\n\t\t\t\t\t<\/div>\n\t\t<\/div>\n\t\t\t\t<div class=\"elementor-column elementor-col-16 elementor-top-column elementor-element elementor-element-1277375\" data-id=\"1277375\" data-element_type=\"column\" data-e-type=\"column\">\n\t\t\t<div class=\"elementor-widget-wrap\">\n\t\t\t\t\t\t\t<\/div>\n\t\t<\/div>\n\t\t\t\t<div class=\"elementor-column elementor-col-16 elementor-top-column elementor-element elementor-element-67a6b12\" data-id=\"67a6b12\" data-element_type=\"column\" data-e-type=\"column\">\n\t\t\t<div class=\"elementor-widget-wrap\">\n\t\t\t\t\t\t\t<\/div>\n\t\t<\/div>\n\t\t\t\t<div class=\"elementor-column elementor-col-16 elementor-top-column elementor-element elementor-element-6fba50b\" data-id=\"6fba50b\" data-element_type=\"column\" data-e-type=\"column\">\n\t\t\t<div class=\"elementor-widget-wrap\">\n\t\t\t\t\t\t\t<\/div>\n\t\t<\/div>\n\t\t\t\t<div class=\"elementor-column elementor-col-16 elementor-top-column elementor-element elementor-element-c2c79d9\" data-id=\"c2c79d9\" data-element_type=\"column\" data-e-type=\"column\">\n\t\t\t<div class=\"elementor-widget-wrap\">\n\t\t\t\t\t\t\t<\/div>\n\t\t<\/div>\n\t\t\t\t\t<\/div>\n\t\t<\/section>\n\t\t\t\t<\/div>\n\t\t","protected":false},"excerpt":{"rendered":"<p>Meike Harde Meine Entw\u00fcrfe zeichnen sich durch sch\u00f6ne Strukturen, eine gewisse Transparenz und subtile Details in reinen Formen aus. Meine Entw\u00fcrfe streben nach einer \u00e4sthetischen Synergie von Material und Design. Ich denke, ein dekoratives Element sollte mit einem n\u00fctzlichen Zweck einhergehen. F\u00fcr mich bilden Funktion und Sch\u00f6nheit eine Einheit.<\/p>\n","protected":false},"author":2,"featured_media":0,"parent":46286,"menu_order":0,"comment_status":"closed","ping_status":"closed","template":"","meta":{"_acf_changed":false,"footnotes":""},"class_list":["post-46262","page","type-page","status-publish","hentry"],"acf":[],"_links":{"self":[{"href":"https:\/\/label.nl\/de\/wp-json\/wp\/v2\/pages\/46262","targetHints":{"allow":["GET"]}}],"collection":[{"href":"https:\/\/label.nl\/de\/wp-json\/wp\/v2\/pages"}],"about":[{"href":"https:\/\/label.nl\/de\/wp-json\/wp\/v2\/types\/page"}],"author":[{"embeddable":true,"href":"https:\/\/label.nl\/de\/wp-json\/wp\/v2\/users\/2"}],"replies":[{"embeddable":true,"href":"https:\/\/label.nl\/de\/wp-json\/wp\/v2\/comments?post=46262"}],"version-history":[{"count":0,"href":"https:\/\/label.nl\/de\/wp-json\/wp\/v2\/pages\/46262\/revisions"}],"up":[{"embeddable":true,"href":"https:\/\/label.nl\/de\/wp-json\/wp\/v2\/pages\/46286"}],"wp:attachment":[{"href":"https:\/\/label.nl\/de\/wp-json\/wp\/v2\/media?parent=46262"}],"curies":[{"name":"wp","href":"https:\/\/api.w.org\/{rel}","templated":true}]}}