{"id":46268,"date":"2022-05-05T15:23:15","date_gmt":"2022-05-05T15:23:15","guid":{"rendered":"https:\/\/label.nl\/peter-van-de-water"},"modified":"2023-05-01T14:27:28","modified_gmt":"2023-05-01T14:27:28","slug":"peter-van-de-water","status":"publish","type":"page","link":"https:\/\/label.nl\/de\/gestalter\/peter-van-de-water\/","title":{"rendered":"Peter van de Water"},"content":{"rendered":"\t\t<div data-elementor-type=\"wp-page\" data-elementor-id=\"46268\" class=\"elementor elementor-46268 elementor-34130\" data-elementor-post-type=\"page\">\n\t\t\t\t\t\t<section class=\"elementor-section elementor-top-section elementor-element elementor-element-6fd54dc elementor-section-boxed elementor-section-height-default elementor-section-height-default\" data-id=\"6fd54dc\" data-element_type=\"section\" data-e-type=\"section\">\n\t\t\t\t\t\t<div class=\"elementor-container elementor-column-gap-default\">\n\t\t\t\t\t<div class=\"elementor-column elementor-col-100 elementor-top-column elementor-element elementor-element-86b5617\" data-id=\"86b5617\" data-element_type=\"column\" data-e-type=\"column\">\n\t\t\t<div class=\"elementor-widget-wrap elementor-element-populated\">\n\t\t\t\t\t\t<div class=\"elementor-element elementor-element-d45e0e8 elementor-widget elementor-widget-heading\" data-id=\"d45e0e8\" data-element_type=\"widget\" data-e-type=\"widget\" data-widget_type=\"heading.default\">\n\t\t\t\t<div class=\"elementor-widget-container\">\n\t\t\t\t\t<h2 class=\"elementor-heading-title elementor-size-default\">Peter van de Water<\/h2>\t\t\t\t<\/div>\n\t\t\t\t<\/div>\n\t\t\t\t\t<\/div>\n\t\t<\/div>\n\t\t\t\t\t<\/div>\n\t\t<\/section>\n\t\t\t\t<section class=\"elementor-section elementor-top-section elementor-element elementor-element-67ffaef elementor-section-boxed elementor-section-height-default elementor-section-height-default\" data-id=\"67ffaef\" data-element_type=\"section\" data-e-type=\"section\">\n\t\t\t\t\t\t<div class=\"elementor-container elementor-column-gap-default\">\n\t\t\t\t\t<div class=\"elementor-column elementor-col-50 elementor-top-column elementor-element elementor-element-de84923\" data-id=\"de84923\" data-element_type=\"column\" data-e-type=\"column\">\n\t\t\t<div class=\"elementor-widget-wrap elementor-element-populated\">\n\t\t\t\t\t\t<div class=\"elementor-element elementor-element-40bd424 elementor-widget elementor-widget-text-editor\" data-id=\"40bd424\" data-element_type=\"widget\" data-e-type=\"widget\" data-widget_type=\"text-editor.default\">\n\t\t\t\t<div class=\"elementor-widget-container\">\n\t\t\t\t\t\t\t\t\t<p>Er ist ein in Amsterdam ans\u00e4ssiger M\u00f6bel- und Innenarchitekt.<\/p>\n<p>Er schloss 1994 sein Studium an der Kunsthochschule st. Joost in Breda im Bereich Architekturdesign. Im Jahr 1999 gr\u00fcndete er sein eigenes Designb\u00fcro, das sich auf Innenarchitektur und M\u00f6beldesign konzentriert. Peters Entw\u00fcrfe werden inzwischen von mehreren renommierten M\u00f6belmarken und jetzt auch von Label van den Berg produziert. Typisch f\u00fcr die M\u00f6bel von Peter van de Water ist ihre intelligente Einfachheit in Form, Funktion und Konstruktion. Eine einzige ikonische Idee, die in ein erkennbares und funktionelles Design umgesetzt wurde.<\/p>\n<p>Peter van de Water:<em> &#8222;Ein grundlegender, einfacher Ansatz bei Techniken und Materialien ist wichtig. Ich bin st\u00e4ndig auf der Suche nach den Grundlagen, nach Einfachheit und einem Gleichgewicht zwischen Funktion und \u00c4sthetik.&#8220;<\/em><\/p>\n\t\t\t\t\t\t\t\t<\/div>\n\t\t\t\t<\/div>\n\t\t\t\t\t<\/div>\n\t\t<\/div>\n\t\t\t\t<div class=\"elementor-column elementor-col-50 elementor-top-column elementor-element elementor-element-47d0586\" data-id=\"47d0586\" data-element_type=\"column\" data-e-type=\"column\">\n\t\t\t<div class=\"elementor-widget-wrap elementor-element-populated\">\n\t\t\t\t\t\t<div class=\"elementor-element elementor-element-d473afa elementor-widget elementor-widget-image\" data-id=\"d473afa\" data-element_type=\"widget\" data-e-type=\"widget\" data-widget_type=\"image.default\">\n\t\t\t\t<div class=\"elementor-widget-container\">\n\t\t\t\t\t\t\t\t\t\t\t\t\t\t\t<img fetchpriority=\"high\" decoding=\"async\" width=\"423\" height=\"513\" src=\"https:\/\/label.nl\/wp-content\/uploads\/2022\/04\/Peter-van-de-Water.jpg\" class=\"attachment-large size-large wp-image-42990\" alt=\"\" srcset=\"https:\/\/label.nl\/wp-content\/uploads\/2022\/04\/Peter-van-de-Water.jpg 423w, https:\/\/label.nl\/wp-content\/uploads\/2022\/04\/Peter-van-de-Water-247x300.jpg 247w\" sizes=\"(max-width: 423px) 100vw, 423px\" \/>\t\t\t\t\t\t\t\t\t\t\t\t\t\t\t<\/div>\n\t\t\t\t<\/div>\n\t\t\t\t\t<\/div>\n\t\t<\/div>\n\t\t\t\t\t<\/div>\n\t\t<\/section>\n\t\t\t\t<section class=\"elementor-section elementor-top-section elementor-element elementor-element-491a19a elementor-section-boxed elementor-section-height-default elementor-section-height-default\" data-id=\"491a19a\" data-element_type=\"section\" data-e-type=\"section\">\n\t\t\t\t\t\t<div class=\"elementor-container elementor-column-gap-default\">\n\t\t\t\t\t<div class=\"elementor-column elementor-col-100 elementor-top-column elementor-element elementor-element-3171955\" data-id=\"3171955\" data-element_type=\"column\" data-e-type=\"column\">\n\t\t\t<div class=\"elementor-widget-wrap elementor-element-populated\">\n\t\t\t\t\t\t<div class=\"elementor-element elementor-element-621e282 elementor-widget-divider--view-line elementor-widget elementor-widget-divider\" data-id=\"621e282\" data-element_type=\"widget\" data-e-type=\"widget\" data-widget_type=\"divider.default\">\n\t\t\t\t<div class=\"elementor-widget-container\">\n\t\t\t\t\t\t\t<div class=\"elementor-divider\">\n\t\t\t<span class=\"elementor-divider-separator\">\n\t\t\t\t\t\t<\/span>\n\t\t<\/div>\n\t\t\t\t\t\t<\/div>\n\t\t\t\t<\/div>\n\t\t\t\t\t<\/div>\n\t\t<\/div>\n\t\t\t\t\t<\/div>\n\t\t<\/section>\n\t\t\t\t<section class=\"elementor-section elementor-top-section elementor-element elementor-element-2fabcfc elementor-section-boxed elementor-section-height-default elementor-section-height-default\" data-id=\"2fabcfc\" data-element_type=\"section\" data-e-type=\"section\">\n\t\t\t\t\t\t<div class=\"elementor-container elementor-column-gap-default\">\n\t\t\t\t\t<div class=\"elementor-column elementor-col-16 elementor-top-column elementor-element elementor-element-799af60\" data-id=\"799af60\" data-element_type=\"column\" data-e-type=\"column\">\n\t\t\t<div class=\"elementor-widget-wrap elementor-element-populated\">\n\t\t\t\t\t\t<div class=\"elementor-element elementor-element-4407f1a elementor-widget elementor-widget-image\" data-id=\"4407f1a\" data-element_type=\"widget\" data-e-type=\"widget\" data-widget_type=\"image.default\">\n\t\t\t\t<div class=\"elementor-widget-container\">\n\t\t\t\t\t\t\t\t\t\t\t\t\t\t\t\t<a href=\"https:\/\/label.nl\/de\/collectie\/sessel\/gustav\/\">\n\t\t\t\t\t\t\t<img decoding=\"async\" width=\"800\" height=\"800\" src=\"https:\/\/label.nl\/wp-content\/uploads\/2022\/03\/LABEL-Gustav-sfeerbeeld-2.jpg\" class=\"attachment-large size-large wp-image-45048\" alt=\"\" srcset=\"https:\/\/label.nl\/wp-content\/uploads\/2022\/03\/LABEL-Gustav-sfeerbeeld-2.jpg 1000w, https:\/\/label.nl\/wp-content\/uploads\/2022\/03\/LABEL-Gustav-sfeerbeeld-2-300x300.jpg 300w, https:\/\/label.nl\/wp-content\/uploads\/2022\/03\/LABEL-Gustav-sfeerbeeld-2-150x150.jpg 150w, https:\/\/label.nl\/wp-content\/uploads\/2022\/03\/LABEL-Gustav-sfeerbeeld-2-768x768.jpg 768w, https:\/\/label.nl\/wp-content\/uploads\/2022\/03\/LABEL-Gustav-sfeerbeeld-2-500x500.jpg 500w, https:\/\/label.nl\/wp-content\/uploads\/2022\/03\/LABEL-Gustav-sfeerbeeld-2-600x600.jpg 600w, https:\/\/label.nl\/wp-content\/uploads\/2022\/03\/LABEL-Gustav-sfeerbeeld-2-100x100.jpg 100w\" sizes=\"(max-width: 800px) 100vw, 800px\" \/>\t\t\t\t\t\t\t\t<\/a>\n\t\t\t\t\t\t\t\t\t\t\t\t\t\t\t<\/div>\n\t\t\t\t<\/div>\n\t\t\t\t\t<\/div>\n\t\t<\/div>\n\t\t\t\t<div class=\"elementor-column elementor-col-16 elementor-top-column elementor-element elementor-element-aa98a7c\" data-id=\"aa98a7c\" data-element_type=\"column\" data-e-type=\"column\">\n\t\t\t<div class=\"elementor-widget-wrap elementor-element-populated\">\n\t\t\t\t\t\t<div class=\"elementor-element elementor-element-8b3229e elementor-widget elementor-widget-image\" data-id=\"8b3229e\" data-element_type=\"widget\" data-e-type=\"widget\" data-widget_type=\"image.default\">\n\t\t\t\t<div class=\"elementor-widget-container\">\n\t\t\t\t\t\t\t\t\t\t\t\t\t\t\t\t<a href=\"https:\/\/label.nl\/de\/collectie\/esstischstuhle\/gustav-jr\/\">\n\t\t\t\t\t\t\t<img decoding=\"async\" width=\"800\" height=\"800\" src=\"https:\/\/label.nl\/wp-content\/uploads\/2022\/03\/LABEL-gustav-jr-sfeerbeeld-8.jpg\" class=\"attachment-large size-large wp-image-45062\" alt=\"\" srcset=\"https:\/\/label.nl\/wp-content\/uploads\/2022\/03\/LABEL-gustav-jr-sfeerbeeld-8.jpg 1000w, https:\/\/label.nl\/wp-content\/uploads\/2022\/03\/LABEL-gustav-jr-sfeerbeeld-8-300x300.jpg 300w, https:\/\/label.nl\/wp-content\/uploads\/2022\/03\/LABEL-gustav-jr-sfeerbeeld-8-150x150.jpg 150w, https:\/\/label.nl\/wp-content\/uploads\/2022\/03\/LABEL-gustav-jr-sfeerbeeld-8-768x768.jpg 768w, https:\/\/label.nl\/wp-content\/uploads\/2022\/03\/LABEL-gustav-jr-sfeerbeeld-8-500x500.jpg 500w, https:\/\/label.nl\/wp-content\/uploads\/2022\/03\/LABEL-gustav-jr-sfeerbeeld-8-600x600.jpg 600w, https:\/\/label.nl\/wp-content\/uploads\/2022\/03\/LABEL-gustav-jr-sfeerbeeld-8-100x100.jpg 100w\" sizes=\"(max-width: 800px) 100vw, 800px\" \/>\t\t\t\t\t\t\t\t<\/a>\n\t\t\t\t\t\t\t\t\t\t\t\t\t\t\t<\/div>\n\t\t\t\t<\/div>\n\t\t\t\t\t<\/div>\n\t\t<\/div>\n\t\t\t\t<div class=\"elementor-column elementor-col-16 elementor-top-column elementor-element elementor-element-aff36a1\" data-id=\"aff36a1\" data-element_type=\"column\" data-e-type=\"column\">\n\t\t\t<div class=\"elementor-widget-wrap elementor-element-populated\">\n\t\t\t\t\t\t<div class=\"elementor-element elementor-element-40bcffa elementor-widget elementor-widget-image\" data-id=\"40bcffa\" data-element_type=\"widget\" data-e-type=\"widget\" data-widget_type=\"image.default\">\n\t\t\t\t<div class=\"elementor-widget-container\">\n\t\t\t\t\t\t\t\t\t\t\t\t\t\t\t\t<a href=\"https:\/\/label.nl\/de\/collectie\/drausen\/gustav-outdoor\/\">\n\t\t\t\t\t\t\t<img loading=\"lazy\" decoding=\"async\" width=\"700\" height=\"700\" src=\"https:\/\/label.nl\/wp-content\/uploads\/2022\/07\/Label-Gustav-outdoor-Urunga-frame-black-red-kopie.jpg\" class=\"attachment-large size-large wp-image-45526\" alt=\"Gustav Outdoor - LABEL Vandenberg\" srcset=\"https:\/\/label.nl\/wp-content\/uploads\/2022\/07\/Label-Gustav-outdoor-Urunga-frame-black-red-kopie.jpg 700w, https:\/\/label.nl\/wp-content\/uploads\/2022\/07\/Label-Gustav-outdoor-Urunga-frame-black-red-kopie-300x300.jpg 300w, https:\/\/label.nl\/wp-content\/uploads\/2022\/07\/Label-Gustav-outdoor-Urunga-frame-black-red-kopie-150x150.jpg 150w, https:\/\/label.nl\/wp-content\/uploads\/2022\/07\/Label-Gustav-outdoor-Urunga-frame-black-red-kopie-500x500.jpg 500w, https:\/\/label.nl\/wp-content\/uploads\/2022\/07\/Label-Gustav-outdoor-Urunga-frame-black-red-kopie-600x600.jpg 600w, https:\/\/label.nl\/wp-content\/uploads\/2022\/07\/Label-Gustav-outdoor-Urunga-frame-black-red-kopie-100x100.jpg 100w\" sizes=\"(max-width: 700px) 100vw, 700px\" \/>\t\t\t\t\t\t\t\t<\/a>\n\t\t\t\t\t\t\t\t\t\t\t\t\t\t\t<\/div>\n\t\t\t\t<\/div>\n\t\t\t\t\t<\/div>\n\t\t<\/div>\n\t\t\t\t<div class=\"elementor-column elementor-col-16 elementor-top-column elementor-element elementor-element-5cbc827\" data-id=\"5cbc827\" data-element_type=\"column\" data-e-type=\"column\">\n\t\t\t<div class=\"elementor-widget-wrap elementor-element-populated\">\n\t\t\t\t\t\t<div class=\"elementor-element elementor-element-6868f04 elementor-widget elementor-widget-image\" data-id=\"6868f04\" data-element_type=\"widget\" data-e-type=\"widget\" data-widget_type=\"image.default\">\n\t\t\t\t<div class=\"elementor-widget-container\">\n\t\t\t\t\t\t\t\t\t\t\t\t\t\t\t\t<a href=\"https:\/\/label.nl\/de\/collectie\/barhocker\/barhocker-gustav-jr\/\">\n\t\t\t\t\t\t\t<img loading=\"lazy\" decoding=\"async\" width=\"800\" height=\"800\" src=\"https:\/\/label.nl\/wp-content\/uploads\/2022\/07\/LABEL-Vandenberg-Barstool-Gustav-Atmosphere-1024x1024.jpg\" class=\"attachment-large size-large wp-image-43434\" alt=\"Gustav jr barstoel - LABEL Vandenberg\" srcset=\"https:\/\/label.nl\/wp-content\/uploads\/2022\/07\/LABEL-Vandenberg-Barstool-Gustav-Atmosphere-1024x1024.jpg 1024w, https:\/\/label.nl\/wp-content\/uploads\/2022\/07\/LABEL-Vandenberg-Barstool-Gustav-Atmosphere-300x300.jpg 300w, https:\/\/label.nl\/wp-content\/uploads\/2022\/07\/LABEL-Vandenberg-Barstool-Gustav-Atmosphere-150x150.jpg 150w, https:\/\/label.nl\/wp-content\/uploads\/2022\/07\/LABEL-Vandenberg-Barstool-Gustav-Atmosphere-768x768.jpg 768w, https:\/\/label.nl\/wp-content\/uploads\/2022\/07\/LABEL-Vandenberg-Barstool-Gustav-Atmosphere-500x500.jpg 500w, https:\/\/label.nl\/wp-content\/uploads\/2022\/07\/LABEL-Vandenberg-Barstool-Gustav-Atmosphere-600x600.jpg 600w, https:\/\/label.nl\/wp-content\/uploads\/2022\/07\/LABEL-Vandenberg-Barstool-Gustav-Atmosphere-100x100.jpg 100w, https:\/\/label.nl\/wp-content\/uploads\/2022\/07\/LABEL-Vandenberg-Barstool-Gustav-Atmosphere.jpg 1500w\" sizes=\"(max-width: 800px) 100vw, 800px\" \/>\t\t\t\t\t\t\t\t<\/a>\n\t\t\t\t\t\t\t\t\t\t\t\t\t\t\t<\/div>\n\t\t\t\t<\/div>\n\t\t\t\t\t<\/div>\n\t\t<\/div>\n\t\t\t\t<div class=\"elementor-column elementor-col-16 elementor-top-column elementor-element elementor-element-84e2b26\" data-id=\"84e2b26\" data-element_type=\"column\" data-e-type=\"column\">\n\t\t\t<div class=\"elementor-widget-wrap elementor-element-populated\">\n\t\t\t\t\t\t<div class=\"elementor-element elementor-element-2b5d3c0 elementor-widget elementor-widget-image\" data-id=\"2b5d3c0\" data-element_type=\"widget\" data-e-type=\"widget\" data-widget_type=\"image.default\">\n\t\t\t\t<div class=\"elementor-widget-container\">\n\t\t\t\t\t\t\t\t\t\t\t\t\t\t\t\t<a href=\"https:\/\/label.nl\/de\/collectie\/esstischstuhle\/easy-jr\/\">\n\t\t\t\t\t\t\t<img loading=\"lazy\" decoding=\"async\" width=\"800\" height=\"800\" src=\"https:\/\/label.nl\/wp-content\/uploads\/2022\/07\/LABEL-Vandenberg-Diningchair-Easy-Atmosphere-1024x1024.jpg\" class=\"attachment-large size-large wp-image-43452\" alt=\"Easy jr Eetkamerstoel - LABEL Vandenberg\" srcset=\"https:\/\/label.nl\/wp-content\/uploads\/2022\/07\/LABEL-Vandenberg-Diningchair-Easy-Atmosphere-1024x1024.jpg 1024w, https:\/\/label.nl\/wp-content\/uploads\/2022\/07\/LABEL-Vandenberg-Diningchair-Easy-Atmosphere-300x300.jpg 300w, https:\/\/label.nl\/wp-content\/uploads\/2022\/07\/LABEL-Vandenberg-Diningchair-Easy-Atmosphere-150x150.jpg 150w, https:\/\/label.nl\/wp-content\/uploads\/2022\/07\/LABEL-Vandenberg-Diningchair-Easy-Atmosphere-768x768.jpg 768w, https:\/\/label.nl\/wp-content\/uploads\/2022\/07\/LABEL-Vandenberg-Diningchair-Easy-Atmosphere-500x500.jpg 500w, https:\/\/label.nl\/wp-content\/uploads\/2022\/07\/LABEL-Vandenberg-Diningchair-Easy-Atmosphere-600x600.jpg 600w, https:\/\/label.nl\/wp-content\/uploads\/2022\/07\/LABEL-Vandenberg-Diningchair-Easy-Atmosphere-100x100.jpg 100w, https:\/\/label.nl\/wp-content\/uploads\/2022\/07\/LABEL-Vandenberg-Diningchair-Easy-Atmosphere.jpg 1500w\" sizes=\"(max-width: 800px) 100vw, 800px\" \/>\t\t\t\t\t\t\t\t<\/a>\n\t\t\t\t\t\t\t\t\t\t\t\t\t\t\t<\/div>\n\t\t\t\t<\/div>\n\t\t\t\t\t<\/div>\n\t\t<\/div>\n\t\t\t\t<div class=\"elementor-column elementor-col-16 elementor-top-column elementor-element elementor-element-7e0600f\" data-id=\"7e0600f\" data-element_type=\"column\" data-e-type=\"column\">\n\t\t\t<div class=\"elementor-widget-wrap elementor-element-populated\">\n\t\t\t\t\t\t<div class=\"elementor-element elementor-element-9e36bda elementor-widget elementor-widget-image\" data-id=\"9e36bda\" data-element_type=\"widget\" data-e-type=\"widget\" data-widget_type=\"image.default\">\n\t\t\t\t<div class=\"elementor-widget-container\">\n\t\t\t\t\t\t\t\t\t\t\t\t\t\t\t\t<a href=\"https:\/\/label.nl\/de\/collectie\/sessel\/einfach\/\">\n\t\t\t\t\t\t\t<img loading=\"lazy\" decoding=\"async\" width=\"800\" height=\"800\" src=\"https:\/\/label.nl\/wp-content\/uploads\/2022\/07\/LABEL-Vandenberg-Easy-Armchair-Atmosphere-1024x1024.jpg\" class=\"attachment-large size-large wp-image-43450\" alt=\"Easy Fauteuil - LABEL Vandenberg\" srcset=\"https:\/\/label.nl\/wp-content\/uploads\/2022\/07\/LABEL-Vandenberg-Easy-Armchair-Atmosphere-1024x1024.jpg 1024w, https:\/\/label.nl\/wp-content\/uploads\/2022\/07\/LABEL-Vandenberg-Easy-Armchair-Atmosphere-300x300.jpg 300w, https:\/\/label.nl\/wp-content\/uploads\/2022\/07\/LABEL-Vandenberg-Easy-Armchair-Atmosphere-150x150.jpg 150w, https:\/\/label.nl\/wp-content\/uploads\/2022\/07\/LABEL-Vandenberg-Easy-Armchair-Atmosphere-768x768.jpg 768w, https:\/\/label.nl\/wp-content\/uploads\/2022\/07\/LABEL-Vandenberg-Easy-Armchair-Atmosphere-500x500.jpg 500w, https:\/\/label.nl\/wp-content\/uploads\/2022\/07\/LABEL-Vandenberg-Easy-Armchair-Atmosphere-600x600.jpg 600w, https:\/\/label.nl\/wp-content\/uploads\/2022\/07\/LABEL-Vandenberg-Easy-Armchair-Atmosphere-100x100.jpg 100w, https:\/\/label.nl\/wp-content\/uploads\/2022\/07\/LABEL-Vandenberg-Easy-Armchair-Atmosphere.jpg 1500w\" sizes=\"(max-width: 800px) 100vw, 800px\" \/>\t\t\t\t\t\t\t\t<\/a>\n\t\t\t\t\t\t\t\t\t\t\t\t\t\t\t<\/div>\n\t\t\t\t<\/div>\n\t\t\t\t\t<\/div>\n\t\t<\/div>\n\t\t\t\t\t<\/div>\n\t\t<\/section>\n\t\t\t\t<section class=\"elementor-section elementor-top-section elementor-element elementor-element-d4373aa elementor-section-boxed elementor-section-height-default elementor-section-height-default\" data-id=\"d4373aa\" data-element_type=\"section\" data-e-type=\"section\">\n\t\t\t\t\t\t<div class=\"elementor-container elementor-column-gap-default\">\n\t\t\t\t\t<div class=\"elementor-column elementor-col-16 elementor-top-column elementor-element elementor-element-207caa4\" data-id=\"207caa4\" data-element_type=\"column\" data-e-type=\"column\">\n\t\t\t<div class=\"elementor-widget-wrap elementor-element-populated\">\n\t\t\t\t\t\t<div class=\"elementor-element elementor-element-15f56e4 elementor-widget elementor-widget-image\" data-id=\"15f56e4\" data-element_type=\"widget\" data-e-type=\"widget\" data-widget_type=\"image.default\">\n\t\t\t\t<div class=\"elementor-widget-container\">\n\t\t\t\t\t\t\t\t\t\t\t\t\t\t\t\t<a href=\"https:\/\/label.nl\/de\/collectie\/beistelltisch\/tragen\/\">\n\t\t\t\t\t\t\t<img loading=\"lazy\" decoding=\"async\" width=\"800\" height=\"800\" src=\"https:\/\/label.nl\/wp-content\/uploads\/2022\/07\/LABEL-Vandenberg-Sidetable-Carry-Side-Front-3.png\" class=\"attachment-large size-large wp-image-44748\" alt=\"Carry Bijzettafel -  LABEL Vandenberg\" srcset=\"https:\/\/label.nl\/wp-content\/uploads\/2022\/07\/LABEL-Vandenberg-Sidetable-Carry-Side-Front-3.png 1000w, https:\/\/label.nl\/wp-content\/uploads\/2022\/07\/LABEL-Vandenberg-Sidetable-Carry-Side-Front-3-300x300.png 300w, https:\/\/label.nl\/wp-content\/uploads\/2022\/07\/LABEL-Vandenberg-Sidetable-Carry-Side-Front-3-150x150.png 150w, https:\/\/label.nl\/wp-content\/uploads\/2022\/07\/LABEL-Vandenberg-Sidetable-Carry-Side-Front-3-768x768.png 768w, https:\/\/label.nl\/wp-content\/uploads\/2022\/07\/LABEL-Vandenberg-Sidetable-Carry-Side-Front-3-500x500.png 500w, https:\/\/label.nl\/wp-content\/uploads\/2022\/07\/LABEL-Vandenberg-Sidetable-Carry-Side-Front-3-600x600.png 600w, https:\/\/label.nl\/wp-content\/uploads\/2022\/07\/LABEL-Vandenberg-Sidetable-Carry-Side-Front-3-100x100.png 100w\" sizes=\"(max-width: 800px) 100vw, 800px\" \/>\t\t\t\t\t\t\t\t<\/a>\n\t\t\t\t\t\t\t\t\t\t\t\t\t\t\t<\/div>\n\t\t\t\t<\/div>\n\t\t\t\t\t<\/div>\n\t\t<\/div>\n\t\t\t\t<div class=\"elementor-column elementor-col-16 elementor-top-column elementor-element elementor-element-86962fa\" data-id=\"86962fa\" data-element_type=\"column\" data-e-type=\"column\">\n\t\t\t<div class=\"elementor-widget-wrap elementor-element-populated\">\n\t\t\t\t\t\t<div class=\"elementor-element elementor-element-439e30d elementor-widget elementor-widget-image\" data-id=\"439e30d\" data-element_type=\"widget\" data-e-type=\"widget\" data-widget_type=\"image.default\">\n\t\t\t\t<div class=\"elementor-widget-container\">\n\t\t\t\t\t\t\t\t\t\t\t\t\t\t\t\t<a href=\"https:\/\/label.nl\/de\/collectie\/sessel\/lola\/\">\n\t\t\t\t\t\t\t<img loading=\"lazy\" decoding=\"async\" width=\"800\" height=\"800\" src=\"https:\/\/label.nl\/wp-content\/uploads\/2023\/02\/LABEL-Vandenberg-Lola-Armchair-Atmosphere.jpg\" class=\"attachment-large size-large wp-image-44940\" alt=\"Lola Fauteuil - LABEL Vandenberg\" srcset=\"https:\/\/label.nl\/wp-content\/uploads\/2023\/02\/LABEL-Vandenberg-Lola-Armchair-Atmosphere.jpg 1000w, https:\/\/label.nl\/wp-content\/uploads\/2023\/02\/LABEL-Vandenberg-Lola-Armchair-Atmosphere-300x300.jpg 300w, https:\/\/label.nl\/wp-content\/uploads\/2023\/02\/LABEL-Vandenberg-Lola-Armchair-Atmosphere-150x150.jpg 150w, https:\/\/label.nl\/wp-content\/uploads\/2023\/02\/LABEL-Vandenberg-Lola-Armchair-Atmosphere-768x768.jpg 768w, https:\/\/label.nl\/wp-content\/uploads\/2023\/02\/LABEL-Vandenberg-Lola-Armchair-Atmosphere-500x500.jpg 500w, https:\/\/label.nl\/wp-content\/uploads\/2023\/02\/LABEL-Vandenberg-Lola-Armchair-Atmosphere-600x600.jpg 600w, https:\/\/label.nl\/wp-content\/uploads\/2023\/02\/LABEL-Vandenberg-Lola-Armchair-Atmosphere-100x100.jpg 100w\" sizes=\"(max-width: 800px) 100vw, 800px\" \/>\t\t\t\t\t\t\t\t<\/a>\n\t\t\t\t\t\t\t\t\t\t\t\t\t\t\t<\/div>\n\t\t\t\t<\/div>\n\t\t\t\t\t<\/div>\n\t\t<\/div>\n\t\t\t\t<div class=\"elementor-column elementor-col-16 elementor-top-column elementor-element elementor-element-5f2d40a\" data-id=\"5f2d40a\" data-element_type=\"column\" data-e-type=\"column\">\n\t\t\t<div class=\"elementor-widget-wrap elementor-element-populated\">\n\t\t\t\t\t\t\t<\/div>\n\t\t<\/div>\n\t\t\t\t<div class=\"elementor-column elementor-col-16 elementor-top-column elementor-element elementor-element-10f59c5\" data-id=\"10f59c5\" data-element_type=\"column\" data-e-type=\"column\">\n\t\t\t<div class=\"elementor-widget-wrap\">\n\t\t\t\t\t\t\t<\/div>\n\t\t<\/div>\n\t\t\t\t<div class=\"elementor-column elementor-col-16 elementor-top-column elementor-element elementor-element-a429670\" data-id=\"a429670\" data-element_type=\"column\" data-e-type=\"column\">\n\t\t\t<div class=\"elementor-widget-wrap\">\n\t\t\t\t\t\t\t<\/div>\n\t\t<\/div>\n\t\t\t\t<div class=\"elementor-column elementor-col-16 elementor-top-column elementor-element elementor-element-3367eea\" data-id=\"3367eea\" data-element_type=\"column\" data-e-type=\"column\">\n\t\t\t<div class=\"elementor-widget-wrap\">\n\t\t\t\t\t\t\t<\/div>\n\t\t<\/div>\n\t\t\t\t\t<\/div>\n\t\t<\/section>\n\t\t\t\t<\/div>\n\t\t","protected":false},"excerpt":{"rendered":"<p>Peter van de Water Er ist ein in Amsterdam ans\u00e4ssiger M\u00f6bel- und Innenarchitekt. Er schloss 1994 sein Studium an der Kunsthochschule st. Joost in Breda im Bereich Architekturdesign. Im Jahr 1999 gr\u00fcndete er sein eigenes Designb\u00fcro, das sich auf Innenarchitektur und M\u00f6beldesign konzentriert. Peters Entw\u00fcrfe werden inzwischen von mehreren renommierten M\u00f6belmarken und jetzt auch von [&hellip;]<\/p>\n","protected":false},"author":2,"featured_media":0,"parent":46286,"menu_order":0,"comment_status":"closed","ping_status":"closed","template":"","meta":{"_acf_changed":false,"footnotes":""},"class_list":["post-46268","page","type-page","status-publish","hentry"],"acf":[],"_links":{"self":[{"href":"https:\/\/label.nl\/de\/wp-json\/wp\/v2\/pages\/46268","targetHints":{"allow":["GET"]}}],"collection":[{"href":"https:\/\/label.nl\/de\/wp-json\/wp\/v2\/pages"}],"about":[{"href":"https:\/\/label.nl\/de\/wp-json\/wp\/v2\/types\/page"}],"author":[{"embeddable":true,"href":"https:\/\/label.nl\/de\/wp-json\/wp\/v2\/users\/2"}],"replies":[{"embeddable":true,"href":"https:\/\/label.nl\/de\/wp-json\/wp\/v2\/comments?post=46268"}],"version-history":[{"count":0,"href":"https:\/\/label.nl\/de\/wp-json\/wp\/v2\/pages\/46268\/revisions"}],"up":[{"embeddable":true,"href":"https:\/\/label.nl\/de\/wp-json\/wp\/v2\/pages\/46286"}],"wp:attachment":[{"href":"https:\/\/label.nl\/de\/wp-json\/wp\/v2\/media?parent=46268"}],"curies":[{"name":"wp","href":"https:\/\/api.w.org\/{rel}","templated":true}]}}