{"id":46282,"date":"2022-05-05T15:22:46","date_gmt":"2022-05-05T15:22:46","guid":{"rendered":"https:\/\/label.nl\/floris-schwebt"},"modified":"2023-05-01T14:27:44","modified_gmt":"2023-05-01T14:27:44","slug":"floris-schwebt","status":"publish","type":"page","link":"https:\/\/label.nl\/de\/gestalter\/floris-schwebt\/","title":{"rendered":"Floris schwebt"},"content":{"rendered":"\t\t<div data-elementor-type=\"wp-page\" data-elementor-id=\"46282\" class=\"elementor elementor-46282 elementor-34128\" data-elementor-post-type=\"page\">\n\t\t\t\t\t\t<section class=\"elementor-section elementor-top-section elementor-element elementor-element-672da43 elementor-section-boxed elementor-section-height-default elementor-section-height-default\" data-id=\"672da43\" data-element_type=\"section\" data-e-type=\"section\">\n\t\t\t\t\t\t<div class=\"elementor-container elementor-column-gap-default\">\n\t\t\t\t\t<div class=\"elementor-column elementor-col-100 elementor-top-column elementor-element elementor-element-4f11f2d\" data-id=\"4f11f2d\" data-element_type=\"column\" data-e-type=\"column\">\n\t\t\t<div class=\"elementor-widget-wrap elementor-element-populated\">\n\t\t\t\t\t\t<div class=\"elementor-element elementor-element-980b57d elementor-widget elementor-widget-heading\" data-id=\"980b57d\" data-element_type=\"widget\" data-e-type=\"widget\" data-widget_type=\"heading.default\">\n\t\t\t\t<div class=\"elementor-widget-container\">\n\t\t\t\t\t<h2 class=\"elementor-heading-title elementor-size-default\">Floris schwebt<\/h2>\t\t\t\t<\/div>\n\t\t\t\t<\/div>\n\t\t\t\t\t<\/div>\n\t\t<\/div>\n\t\t\t\t\t<\/div>\n\t\t<\/section>\n\t\t\t\t<section class=\"elementor-section elementor-top-section elementor-element elementor-element-67ffaef elementor-section-boxed elementor-section-height-default elementor-section-height-default\" data-id=\"67ffaef\" data-element_type=\"section\" data-e-type=\"section\">\n\t\t\t\t\t\t<div class=\"elementor-container elementor-column-gap-default\">\n\t\t\t\t\t<div class=\"elementor-column elementor-col-50 elementor-top-column elementor-element elementor-element-95251c2\" data-id=\"95251c2\" data-element_type=\"column\" data-e-type=\"column\">\n\t\t\t<div class=\"elementor-widget-wrap elementor-element-populated\">\n\t\t\t\t\t\t<div class=\"elementor-element elementor-element-40bd424 elementor-widget elementor-widget-text-editor\" data-id=\"40bd424\" data-element_type=\"widget\" data-e-type=\"widget\" data-widget_type=\"text-editor.default\">\n\t\t\t\t<div class=\"elementor-widget-container\">\n\t\t\t\t\t\t\t\t\t<p>Er strebt nach Werken, die nicht komplex sind, aber genug enthalten, um Verwunderung und Sympathie hervorzurufen. So lassen sich Produkte oft selbst erkl\u00e4ren, wie sie hergestellt werden. Die Lesbarkeit&#8220; ist f\u00fcr seine Entw\u00fcrfe von wesentlicher Bedeutung. Nach einem grundlegenden Ingenieurstudium und einem Kurs in Werbe- und Pr\u00e4sentationstechnik setzte er seine Ausbildung an der Design Academy Eindhoven fort. Im Jahr 2004 machte er seinen Abschluss im Rahmen des Atelierprogramms. Im Jahr 2006 gr\u00fcndete Floris Hovers dann sein eigenes Designstudio.<\/p>\n<p>Floris schwebt:<em>  &#8222;Ein grundlegender, einfacher Zugang zu Techniken und Materialien ist wichtig. Ich bin immer auf der Suche nach dem Wesentlichen, nach Einfachheit und einem Gleichgewicht von Funktion und \u00c4sthetik.&#8220;<\/em><\/p>\n\t\t\t\t\t\t\t\t<\/div>\n\t\t\t\t<\/div>\n\t\t\t\t\t<\/div>\n\t\t<\/div>\n\t\t\t\t<div class=\"elementor-column elementor-col-50 elementor-top-column elementor-element elementor-element-47d0586\" data-id=\"47d0586\" data-element_type=\"column\" data-e-type=\"column\">\n\t\t\t<div class=\"elementor-widget-wrap elementor-element-populated\">\n\t\t\t\t\t\t<div class=\"elementor-element elementor-element-9db0a63 elementor-widget elementor-widget-image\" data-id=\"9db0a63\" data-element_type=\"widget\" data-e-type=\"widget\" data-widget_type=\"image.default\">\n\t\t\t\t<div class=\"elementor-widget-container\">\n\t\t\t\t\t\t\t\t\t\t\t\t\t\t\t<img fetchpriority=\"high\" decoding=\"async\" width=\"800\" height=\"668\" src=\"https:\/\/label.nl\/wp-content\/uploads\/2022\/04\/Floris-Hovers-2-1024x855.jpg\" class=\"attachment-large size-large wp-image-42982\" alt=\"\" srcset=\"https:\/\/label.nl\/wp-content\/uploads\/2022\/04\/Floris-Hovers-2-1024x855.jpg 1024w, https:\/\/label.nl\/wp-content\/uploads\/2022\/04\/Floris-Hovers-2-300x250.jpg 300w, https:\/\/label.nl\/wp-content\/uploads\/2022\/04\/Floris-Hovers-2-768x641.jpg 768w, https:\/\/label.nl\/wp-content\/uploads\/2022\/04\/Floris-Hovers-2-1536x1282.jpg 1536w, https:\/\/label.nl\/wp-content\/uploads\/2022\/04\/Floris-Hovers-2-600x501.jpg 600w, https:\/\/label.nl\/wp-content\/uploads\/2022\/04\/Floris-Hovers-2.jpg 1881w\" sizes=\"(max-width: 800px) 100vw, 800px\" \/>\t\t\t\t\t\t\t\t\t\t\t\t\t\t\t<\/div>\n\t\t\t\t<\/div>\n\t\t\t\t\t<\/div>\n\t\t<\/div>\n\t\t\t\t\t<\/div>\n\t\t<\/section>\n\t\t\t\t<section class=\"elementor-section elementor-top-section elementor-element elementor-element-accdcce elementor-section-boxed elementor-section-height-default elementor-section-height-default\" data-id=\"accdcce\" data-element_type=\"section\" data-e-type=\"section\">\n\t\t\t\t\t\t<div class=\"elementor-container elementor-column-gap-default\">\n\t\t\t\t\t<div class=\"elementor-column elementor-col-100 elementor-top-column elementor-element elementor-element-aace1b2\" data-id=\"aace1b2\" data-element_type=\"column\" data-e-type=\"column\">\n\t\t\t<div class=\"elementor-widget-wrap elementor-element-populated\">\n\t\t\t\t\t\t<div class=\"elementor-element elementor-element-2df5ef0 elementor-widget-divider--view-line elementor-widget elementor-widget-divider\" data-id=\"2df5ef0\" data-element_type=\"widget\" data-e-type=\"widget\" data-widget_type=\"divider.default\">\n\t\t\t\t<div class=\"elementor-widget-container\">\n\t\t\t\t\t\t\t<div class=\"elementor-divider\">\n\t\t\t<span class=\"elementor-divider-separator\">\n\t\t\t\t\t\t<\/span>\n\t\t<\/div>\n\t\t\t\t\t\t<\/div>\n\t\t\t\t<\/div>\n\t\t\t\t\t<\/div>\n\t\t<\/div>\n\t\t\t\t\t<\/div>\n\t\t<\/section>\n\t\t\t\t<section class=\"elementor-section elementor-top-section elementor-element elementor-element-7833260 elementor-section-boxed elementor-section-height-default elementor-section-height-default\" data-id=\"7833260\" data-element_type=\"section\" data-e-type=\"section\">\n\t\t\t\t\t\t<div class=\"elementor-container elementor-column-gap-default\">\n\t\t\t\t\t<div class=\"elementor-column elementor-col-16 elementor-top-column elementor-element elementor-element-a7ca914\" data-id=\"a7ca914\" data-element_type=\"column\" data-e-type=\"column\">\n\t\t\t<div class=\"elementor-widget-wrap elementor-element-populated\">\n\t\t\t\t\t\t<div class=\"elementor-element elementor-element-05c8967 elementor-widget elementor-widget-image\" data-id=\"05c8967\" data-element_type=\"widget\" data-e-type=\"widget\" data-widget_type=\"image.default\">\n\t\t\t\t<div class=\"elementor-widget-container\">\n\t\t\t\t\t\t\t\t\t\t\t\t\t\t\t\t<a href=\"https:\/\/label.nl\/de\/collectie\/pouffes-de\/fushocker-zium\/\">\n\t\t\t\t\t\t\t<img decoding=\"async\" width=\"800\" height=\"800\" src=\"https:\/\/label.nl\/wp-content\/uploads\/2022\/07\/LABEL-Vandenberg-Stool-Zium-Atmosphere-1024x1024.jpg\" class=\"attachment-large size-large wp-image-43248\" alt=\"Zium Pouffe - LABEL Vandenberg\" srcset=\"https:\/\/label.nl\/wp-content\/uploads\/2022\/07\/LABEL-Vandenberg-Stool-Zium-Atmosphere-1024x1024.jpg 1024w, https:\/\/label.nl\/wp-content\/uploads\/2022\/07\/LABEL-Vandenberg-Stool-Zium-Atmosphere-300x300.jpg 300w, https:\/\/label.nl\/wp-content\/uploads\/2022\/07\/LABEL-Vandenberg-Stool-Zium-Atmosphere-150x150.jpg 150w, https:\/\/label.nl\/wp-content\/uploads\/2022\/07\/LABEL-Vandenberg-Stool-Zium-Atmosphere-768x768.jpg 768w, https:\/\/label.nl\/wp-content\/uploads\/2022\/07\/LABEL-Vandenberg-Stool-Zium-Atmosphere-500x500.jpg 500w, https:\/\/label.nl\/wp-content\/uploads\/2022\/07\/LABEL-Vandenberg-Stool-Zium-Atmosphere-600x600.jpg 600w, https:\/\/label.nl\/wp-content\/uploads\/2022\/07\/LABEL-Vandenberg-Stool-Zium-Atmosphere-100x100.jpg 100w, https:\/\/label.nl\/wp-content\/uploads\/2022\/07\/LABEL-Vandenberg-Stool-Zium-Atmosphere.jpg 1500w\" sizes=\"(max-width: 800px) 100vw, 800px\" \/>\t\t\t\t\t\t\t\t<\/a>\n\t\t\t\t\t\t\t\t\t\t\t\t\t\t\t<\/div>\n\t\t\t\t<\/div>\n\t\t\t\t\t<\/div>\n\t\t<\/div>\n\t\t\t\t<div class=\"elementor-column elementor-col-16 elementor-top-column elementor-element elementor-element-cf6bfcf\" data-id=\"cf6bfcf\" data-element_type=\"column\" data-e-type=\"column\">\n\t\t\t<div class=\"elementor-widget-wrap elementor-element-populated\">\n\t\t\t\t\t\t<div class=\"elementor-element elementor-element-49df7ff elementor-widget elementor-widget-image\" data-id=\"49df7ff\" data-element_type=\"widget\" data-e-type=\"widget\" data-widget_type=\"image.default\">\n\t\t\t\t<div class=\"elementor-widget-container\">\n\t\t\t\t\t\t\t\t\t\t\t\t\t\t\t\t<a href=\"https:\/\/label.nl\/de\/collectie\/teppiche\/rote-ketten-teppich\/\">\n\t\t\t\t\t\t\t<img decoding=\"async\" width=\"800\" height=\"800\" src=\"https:\/\/label.nl\/wp-content\/uploads\/2022\/07\/LABEL-Vandenberg-Carpet-Red-Chain-Red-Atmosphere1-1024x1024.jpg\" class=\"attachment-large size-large wp-image-44618\" alt=\"Red Chain Carpet - LABEL Vandenberg\" srcset=\"https:\/\/label.nl\/wp-content\/uploads\/2022\/07\/LABEL-Vandenberg-Carpet-Red-Chain-Red-Atmosphere1-1024x1024.jpg 1024w, https:\/\/label.nl\/wp-content\/uploads\/2022\/07\/LABEL-Vandenberg-Carpet-Red-Chain-Red-Atmosphere1-300x300.jpg 300w, https:\/\/label.nl\/wp-content\/uploads\/2022\/07\/LABEL-Vandenberg-Carpet-Red-Chain-Red-Atmosphere1-150x150.jpg 150w, https:\/\/label.nl\/wp-content\/uploads\/2022\/07\/LABEL-Vandenberg-Carpet-Red-Chain-Red-Atmosphere1-768x768.jpg 768w, https:\/\/label.nl\/wp-content\/uploads\/2022\/07\/LABEL-Vandenberg-Carpet-Red-Chain-Red-Atmosphere1-500x500.jpg 500w, https:\/\/label.nl\/wp-content\/uploads\/2022\/07\/LABEL-Vandenberg-Carpet-Red-Chain-Red-Atmosphere1-600x600.jpg 600w, https:\/\/label.nl\/wp-content\/uploads\/2022\/07\/LABEL-Vandenberg-Carpet-Red-Chain-Red-Atmosphere1-100x100.jpg 100w, https:\/\/label.nl\/wp-content\/uploads\/2022\/07\/LABEL-Vandenberg-Carpet-Red-Chain-Red-Atmosphere1.jpg 1500w\" sizes=\"(max-width: 800px) 100vw, 800px\" \/>\t\t\t\t\t\t\t\t<\/a>\n\t\t\t\t\t\t\t\t\t\t\t\t\t\t\t<\/div>\n\t\t\t\t<\/div>\n\t\t\t\t\t<\/div>\n\t\t<\/div>\n\t\t\t\t<div class=\"elementor-column elementor-col-16 elementor-top-column elementor-element elementor-element-055611a\" data-id=\"055611a\" data-element_type=\"column\" data-e-type=\"column\">\n\t\t\t<div class=\"elementor-widget-wrap elementor-element-populated\">\n\t\t\t\t\t\t<div class=\"elementor-element elementor-element-9cd2f7f elementor-widget elementor-widget-image\" data-id=\"9cd2f7f\" data-element_type=\"widget\" data-e-type=\"widget\" data-widget_type=\"image.default\">\n\t\t\t\t<div class=\"elementor-widget-container\">\n\t\t\t\t\t\t\t\t\t\t\t\t\t\t\t\t<a href=\"https:\/\/label.nl\/de\/collectie\/kissen\/kuna-kissen\/\">\n\t\t\t\t\t\t\t<img loading=\"lazy\" decoding=\"async\" width=\"800\" height=\"800\" src=\"https:\/\/label.nl\/wp-content\/uploads\/2022\/07\/LABEL-Vandenberg-Cushion-Kuna-Atmosphere-1024x1024.jpg\" class=\"attachment-large size-large wp-image-43350\" alt=\"Kuna Cushion - LABEL Vandenberg\" srcset=\"https:\/\/label.nl\/wp-content\/uploads\/2022\/07\/LABEL-Vandenberg-Cushion-Kuna-Atmosphere-1024x1024.jpg 1024w, https:\/\/label.nl\/wp-content\/uploads\/2022\/07\/LABEL-Vandenberg-Cushion-Kuna-Atmosphere-300x300.jpg 300w, https:\/\/label.nl\/wp-content\/uploads\/2022\/07\/LABEL-Vandenberg-Cushion-Kuna-Atmosphere-150x150.jpg 150w, https:\/\/label.nl\/wp-content\/uploads\/2022\/07\/LABEL-Vandenberg-Cushion-Kuna-Atmosphere-768x768.jpg 768w, https:\/\/label.nl\/wp-content\/uploads\/2022\/07\/LABEL-Vandenberg-Cushion-Kuna-Atmosphere-500x500.jpg 500w, https:\/\/label.nl\/wp-content\/uploads\/2022\/07\/LABEL-Vandenberg-Cushion-Kuna-Atmosphere-600x600.jpg 600w, https:\/\/label.nl\/wp-content\/uploads\/2022\/07\/LABEL-Vandenberg-Cushion-Kuna-Atmosphere-100x100.jpg 100w, https:\/\/label.nl\/wp-content\/uploads\/2022\/07\/LABEL-Vandenberg-Cushion-Kuna-Atmosphere.jpg 1500w\" sizes=\"(max-width: 800px) 100vw, 800px\" \/>\t\t\t\t\t\t\t\t<\/a>\n\t\t\t\t\t\t\t\t\t\t\t\t\t\t\t<\/div>\n\t\t\t\t<\/div>\n\t\t\t\t\t<\/div>\n\t\t<\/div>\n\t\t\t\t<div class=\"elementor-column elementor-col-16 elementor-top-column elementor-element elementor-element-730b8f1\" data-id=\"730b8f1\" data-element_type=\"column\" data-e-type=\"column\">\n\t\t\t<div class=\"elementor-widget-wrap elementor-element-populated\">\n\t\t\t\t\t\t<div class=\"elementor-element elementor-element-3a9b673 elementor-widget elementor-widget-image\" data-id=\"3a9b673\" data-element_type=\"widget\" data-e-type=\"widget\" data-widget_type=\"image.default\">\n\t\t\t\t<div class=\"elementor-widget-container\">\n\t\t\t\t\t\t\t\t\t\t\t\t\t\t\t\t<a href=\"https:\/\/label.nl\/de\/collectie\/kissen\/soft-side-pillow\/\">\n\t\t\t\t\t\t\t<img loading=\"lazy\" decoding=\"async\" width=\"800\" height=\"800\" src=\"https:\/\/label.nl\/wp-content\/uploads\/2022\/07\/LABEL-Vandenberg-Cushion-Soft-Side-Pillow-Atmosphere-1024x1024.jpg\" class=\"attachment-large size-large wp-image-43352\" alt=\"Soft Side Pillow - LABEL Vandenberg\" srcset=\"https:\/\/label.nl\/wp-content\/uploads\/2022\/07\/LABEL-Vandenberg-Cushion-Soft-Side-Pillow-Atmosphere-1024x1024.jpg 1024w, https:\/\/label.nl\/wp-content\/uploads\/2022\/07\/LABEL-Vandenberg-Cushion-Soft-Side-Pillow-Atmosphere-300x300.jpg 300w, https:\/\/label.nl\/wp-content\/uploads\/2022\/07\/LABEL-Vandenberg-Cushion-Soft-Side-Pillow-Atmosphere-150x150.jpg 150w, https:\/\/label.nl\/wp-content\/uploads\/2022\/07\/LABEL-Vandenberg-Cushion-Soft-Side-Pillow-Atmosphere-768x768.jpg 768w, https:\/\/label.nl\/wp-content\/uploads\/2022\/07\/LABEL-Vandenberg-Cushion-Soft-Side-Pillow-Atmosphere-500x500.jpg 500w, https:\/\/label.nl\/wp-content\/uploads\/2022\/07\/LABEL-Vandenberg-Cushion-Soft-Side-Pillow-Atmosphere-600x600.jpg 600w, https:\/\/label.nl\/wp-content\/uploads\/2022\/07\/LABEL-Vandenberg-Cushion-Soft-Side-Pillow-Atmosphere-100x100.jpg 100w, https:\/\/label.nl\/wp-content\/uploads\/2022\/07\/LABEL-Vandenberg-Cushion-Soft-Side-Pillow-Atmosphere.jpg 1500w\" sizes=\"(max-width: 800px) 100vw, 800px\" \/>\t\t\t\t\t\t\t\t<\/a>\n\t\t\t\t\t\t\t\t\t\t\t\t\t\t\t<\/div>\n\t\t\t\t<\/div>\n\t\t\t\t\t<\/div>\n\t\t<\/div>\n\t\t\t\t<div class=\"elementor-column elementor-col-16 elementor-top-column elementor-element elementor-element-f1a3729\" data-id=\"f1a3729\" data-element_type=\"column\" data-e-type=\"column\">\n\t\t\t<div class=\"elementor-widget-wrap\">\n\t\t\t\t\t\t\t<\/div>\n\t\t<\/div>\n\t\t\t\t<div class=\"elementor-column elementor-col-16 elementor-top-column elementor-element elementor-element-7ee86eb\" data-id=\"7ee86eb\" data-element_type=\"column\" data-e-type=\"column\">\n\t\t\t<div class=\"elementor-widget-wrap\">\n\t\t\t\t\t\t\t<\/div>\n\t\t<\/div>\n\t\t\t\t\t<\/div>\n\t\t<\/section>\n\t\t\t\t<\/div>\n\t\t","protected":false},"excerpt":{"rendered":"<p>Floris schwebt Er strebt nach Werken, die nicht komplex sind, aber genug enthalten, um Verwunderung und Sympathie hervorzurufen. So lassen sich Produkte oft selbst erkl\u00e4ren, wie sie hergestellt werden. Die Lesbarkeit&#8220; ist f\u00fcr seine Entw\u00fcrfe von wesentlicher Bedeutung. Nach einem grundlegenden Ingenieurstudium und einem Kurs in Werbe- und Pr\u00e4sentationstechnik setzte er seine Ausbildung an der [&hellip;]<\/p>\n","protected":false},"author":2,"featured_media":0,"parent":46286,"menu_order":0,"comment_status":"closed","ping_status":"closed","template":"","meta":{"_acf_changed":false,"footnotes":""},"class_list":["post-46282","page","type-page","status-publish","hentry"],"acf":[],"_links":{"self":[{"href":"https:\/\/label.nl\/de\/wp-json\/wp\/v2\/pages\/46282","targetHints":{"allow":["GET"]}}],"collection":[{"href":"https:\/\/label.nl\/de\/wp-json\/wp\/v2\/pages"}],"about":[{"href":"https:\/\/label.nl\/de\/wp-json\/wp\/v2\/types\/page"}],"author":[{"embeddable":true,"href":"https:\/\/label.nl\/de\/wp-json\/wp\/v2\/users\/2"}],"replies":[{"embeddable":true,"href":"https:\/\/label.nl\/de\/wp-json\/wp\/v2\/comments?post=46282"}],"version-history":[{"count":0,"href":"https:\/\/label.nl\/de\/wp-json\/wp\/v2\/pages\/46282\/revisions"}],"up":[{"embeddable":true,"href":"https:\/\/label.nl\/de\/wp-json\/wp\/v2\/pages\/46286"}],"wp:attachment":[{"href":"https:\/\/label.nl\/de\/wp-json\/wp\/v2\/media?parent=46282"}],"curies":[{"name":"wp","href":"https:\/\/api.w.org\/{rel}","templated":true}]}}