{"id":46377,"date":"2023-02-28T13:03:01","date_gmt":"2023-02-28T11:03:01","guid":{"rendered":"https:\/\/label.nl\/collectie\/unkategorisiert\/bobo-fusshocker"},"modified":"2023-03-31T14:40:05","modified_gmt":"2023-03-31T14:40:05","slug":"bobo-2","status":"publish","type":"product","link":"https:\/\/label.nl\/de\/collectie\/fusbanke\/bobo-2\/","title":{"rendered":"Bobo Fu\u00dfhocker"},"content":{"rendered":"<p>Passend zum Bobo-Liegesessel, aber auch als eigenst\u00e4ndiger Pouffe sch\u00f6n.<\/p>\n","protected":false},"excerpt":{"rendered":"<p>Passend zum <a href=\"https:\/\/label.nl\/collectie\/fauteuils\/bobo\">Bobo-Liegesessel<\/a>, aber auch als eigenst\u00e4ndiger Pouffe sch\u00f6n.<\/p>\n","protected":false},"featured_media":45444,"template":"","meta":{"_acf_changed":false},"product_brand":[],"product_cat":[290],"product_tag":[],"class_list":{"0":"post-46377","1":"product","2":"type-product","3":"status-publish","4":"has-post-thumbnail","6":"product_cat-fusbanke","8":"first","9":"instock","10":"shipping-taxable","11":"product-type-simple"},"acf":[],"_links":{"self":[{"href":"https:\/\/label.nl\/de\/wp-json\/wp\/v2\/product\/46377","targetHints":{"allow":["GET"]}}],"collection":[{"href":"https:\/\/label.nl\/de\/wp-json\/wp\/v2\/product"}],"about":[{"href":"https:\/\/label.nl\/de\/wp-json\/wp\/v2\/types\/product"}],"version-history":[{"count":0,"href":"https:\/\/label.nl\/de\/wp-json\/wp\/v2\/product\/46377\/revisions"}],"wp:featuredmedia":[{"embeddable":true,"href":"https:\/\/label.nl\/de\/wp-json\/wp\/v2\/media\/45444"}],"wp:attachment":[{"href":"https:\/\/label.nl\/de\/wp-json\/wp\/v2\/media?parent=46377"}],"wp:term":[{"taxonomy":"product_brand","embeddable":true,"href":"https:\/\/label.nl\/de\/wp-json\/wp\/v2\/product_brand?post=46377"},{"taxonomy":"product_cat","embeddable":true,"href":"https:\/\/label.nl\/de\/wp-json\/wp\/v2\/product_cat?post=46377"},{"taxonomy":"product_tag","embeddable":true,"href":"https:\/\/label.nl\/de\/wp-json\/wp\/v2\/product_tag?post=46377"}],"curies":[{"name":"wp","href":"https:\/\/api.w.org\/{rel}","templated":true}]}}