{"id":46658,"date":"2020-12-08T02:40:06","date_gmt":"2020-12-08T00:40:06","guid":{"rendered":"https:\/\/label.nl\/collectie\/unkategorisiert\/cocoon-sofa"},"modified":"2023-05-12T13:23:45","modified_gmt":"2023-05-12T13:23:45","slug":"sofa-kokon","status":"publish","type":"product","link":"https:\/\/label.nl\/de\/collectie\/sofa\/sofa-kokon\/","title":{"rendered":"Cocoon-Sofa"},"content":{"rendered":"","protected":false},"excerpt":{"rendered":"<p style=\"font-weight: 400;\">Inspiriert von den weichen, warmen, gesteppten Winterm\u00e4nteln, die so sch\u00f6n sind, wenn es drau\u00dfen kalt ist. Durch den gesteppten Bezug sieht es super cool aus. Die Bank ist sch\u00f6n niedrig am Boden. Kurzum, ein Sofa zum Cocooning zu Hause. Auch mit 3 cm h\u00f6heren Beinen erh\u00e4ltlich. Als Babywippe hat das Sofa eine separate Armlehne, die nach Belieben genutzt und verschoben werden kann. Das Sofa bietet viele Gr\u00f6\u00dfenoptionen: 1, 2, 2,5, 3 und 4 Sitzer mit 2 Armlehnen und 1 Armlehne und einem Eckelement.<\/p>\n<p style=\"font-weight: 400;\">Zur Cocoon-Familie geh\u00f6ren au\u00dferdem: <a href=\"https:\/\/label.nl\/collectie\/eetkamerstoelen\/cocoon-dining-2\">Esszimmerstuhl<\/a>, <a href=\"https:\/\/label.nl\/collectie\/fauteuils\/cocoon-lounge\">Sessel<\/a>, <a href=\"https:\/\/label.nl\/collectie\/barstoelen\/cocoon-bar\">Barhocker<\/a>, <a href=\"https:\/\/label.nl\/collectie\/eetkamerbanken\/cocoon-bench\">Esszimmerbank<\/a>, <a href=\"https:\/\/label.nl\/collectie\/salontafel\/sidetable-cocoon\">Couchtisch<\/a> und <a href=\"https:\/\/label.nl\/collectie\/footstools\/footstool-cocoon\">Pouffe<\/a>.<\/p>\n","protected":false},"featured_media":43344,"template":"","meta":{"_acf_changed":false},"product_brand":[63],"product_cat":[331],"product_tag":[],"class_list":{"0":"post-46658","1":"product","2":"type-product","3":"status-publish","4":"has-post-thumbnail","6":"product_brand-brand-4","7":"product_cat-sofa","9":"first","10":"instock","11":"shipping-taxable","12":"product-type-simple"},"acf":[],"_links":{"self":[{"href":"https:\/\/label.nl\/de\/wp-json\/wp\/v2\/product\/46658","targetHints":{"allow":["GET"]}}],"collection":[{"href":"https:\/\/label.nl\/de\/wp-json\/wp\/v2\/product"}],"about":[{"href":"https:\/\/label.nl\/de\/wp-json\/wp\/v2\/types\/product"}],"version-history":[{"count":1,"href":"https:\/\/label.nl\/de\/wp-json\/wp\/v2\/product\/46658\/revisions"}],"predecessor-version":[{"id":48234,"href":"https:\/\/label.nl\/de\/wp-json\/wp\/v2\/product\/46658\/revisions\/48234"}],"wp:featuredmedia":[{"embeddable":true,"href":"https:\/\/label.nl\/de\/wp-json\/wp\/v2\/media\/43344"}],"wp:attachment":[{"href":"https:\/\/label.nl\/de\/wp-json\/wp\/v2\/media?parent=46658"}],"wp:term":[{"taxonomy":"product_brand","embeddable":true,"href":"https:\/\/label.nl\/de\/wp-json\/wp\/v2\/product_brand?post=46658"},{"taxonomy":"product_cat","embeddable":true,"href":"https:\/\/label.nl\/de\/wp-json\/wp\/v2\/product_cat?post=46658"},{"taxonomy":"product_tag","embeddable":true,"href":"https:\/\/label.nl\/de\/wp-json\/wp\/v2\/product_tag?post=46658"}],"curies":[{"name":"wp","href":"https:\/\/api.w.org\/{rel}","templated":true}]}}