{"id":46664,"date":"2023-02-22T09:24:04","date_gmt":"2023-02-22T07:24:04","guid":{"rendered":"https:\/\/label.nl\/collectie\/unkategorisiert\/nodi-esstisch"},"modified":"2023-02-22T09:24:04","modified_gmt":"2023-02-22T09:24:04","slug":"nodi","status":"publish","type":"product","link":"https:\/\/label.nl\/de\/collectie\/esszimmertisch\/nodi\/","title":{"rendered":"Nodi-Esstisch"},"content":{"rendered":"","protected":false},"excerpt":{"rendered":"<p>Runde Tische sind aufgrund ihrer flie\u00dfenden Form wahre Raumwunder. Sie sind platzsparend und passen \u00fcberall hin. Nodi ist fast ein Kunstwerk f\u00fcr sich. Die 4 Holzbeine kommen zusammen und verflechten sich zu einem sch\u00f6nen Knoten. Als Auszug kann Nodi zu einem Oval mit einem zus\u00e4tzlichen Regal in der Mitte erweitert werden. Seine Bedienung ist leicht und einfach.<\/p>\n","protected":false},"featured_media":45126,"template":"","meta":{"_acf_changed":false},"product_brand":[],"product_cat":[333],"product_tag":[],"class_list":{"0":"post-46664","1":"product","2":"type-product","3":"status-publish","4":"has-post-thumbnail","6":"product_cat-esszimmertisch","8":"first","9":"instock","10":"shipping-taxable","11":"product-type-simple"},"acf":[],"_links":{"self":[{"href":"https:\/\/label.nl\/de\/wp-json\/wp\/v2\/product\/46664","targetHints":{"allow":["GET"]}}],"collection":[{"href":"https:\/\/label.nl\/de\/wp-json\/wp\/v2\/product"}],"about":[{"href":"https:\/\/label.nl\/de\/wp-json\/wp\/v2\/types\/product"}],"version-history":[{"count":0,"href":"https:\/\/label.nl\/de\/wp-json\/wp\/v2\/product\/46664\/revisions"}],"wp:featuredmedia":[{"embeddable":true,"href":"https:\/\/label.nl\/de\/wp-json\/wp\/v2\/media\/45126"}],"wp:attachment":[{"href":"https:\/\/label.nl\/de\/wp-json\/wp\/v2\/media?parent=46664"}],"wp:term":[{"taxonomy":"product_brand","embeddable":true,"href":"https:\/\/label.nl\/de\/wp-json\/wp\/v2\/product_brand?post=46664"},{"taxonomy":"product_cat","embeddable":true,"href":"https:\/\/label.nl\/de\/wp-json\/wp\/v2\/product_cat?post=46664"},{"taxonomy":"product_tag","embeddable":true,"href":"https:\/\/label.nl\/de\/wp-json\/wp\/v2\/product_tag?post=46664"}],"curies":[{"name":"wp","href":"https:\/\/api.w.org\/{rel}","templated":true}]}}