{"id":46666,"date":"2023-02-17T10:23:39","date_gmt":"2023-02-17T10:23:39","guid":{"rendered":"https:\/\/label.nl\/collectie\/unkategorisiert\/buck-bank"},"modified":"2023-05-12T13:16:58","modified_gmt":"2023-05-12T13:16:58","slug":"buck-sofa","status":"publish","type":"product","link":"https:\/\/label.nl\/de\/collectie\/sofa\/buck-sofa\/","title":{"rendered":"Buck Sofa"},"content":{"rendered":"","protected":false},"excerpt":{"rendered":"<p>Die Inspiration f\u00fcr die Buck Sofa kam in Indonesien, als ich gro\u00dfe, massive Felsen im Wasser auf einem schmalen, durch Wassererosion entstandenen Sockel sah. Es schien, als w\u00fcrden diese robusten Felsen \u00fcber dem Wasser schweben.<\/p>\n<p>Beim Buck sind alle Teile kombinierbar: Rahmen, R\u00fccken, Armlehnen und Kissen lassen sich nach eigenem Geschmack zusammenstellen. Ein passender Tisch, der an verschiedenen Stellen montiert werden kann, vervollst\u00e4ndigt es. Die Bank ist eine Insel ohne sichtbare Beine, die gewisserma\u00dfen \u00fcber dem Boden schwebt.<\/p>\n<p>Auch sch\u00f6n zu kombinieren mit dem <a href=\"https:\/\/label.nl\/collectie\/footstools\/buck\">passenden Pouffe<\/a>!<\/p>\n","protected":false},"featured_media":48250,"template":"","meta":{"_acf_changed":false},"product_brand":[],"product_cat":[331],"product_tag":[],"class_list":{"0":"post-46666","1":"product","2":"type-product","3":"status-publish","4":"has-post-thumbnail","6":"product_cat-sofa","8":"first","9":"instock","10":"downloadable","11":"shipping-taxable","12":"product-type-simple"},"acf":[],"_links":{"self":[{"href":"https:\/\/label.nl\/de\/wp-json\/wp\/v2\/product\/46666","targetHints":{"allow":["GET"]}}],"collection":[{"href":"https:\/\/label.nl\/de\/wp-json\/wp\/v2\/product"}],"about":[{"href":"https:\/\/label.nl\/de\/wp-json\/wp\/v2\/types\/product"}],"version-history":[{"count":1,"href":"https:\/\/label.nl\/de\/wp-json\/wp\/v2\/product\/46666\/revisions"}],"predecessor-version":[{"id":48223,"href":"https:\/\/label.nl\/de\/wp-json\/wp\/v2\/product\/46666\/revisions\/48223"}],"wp:featuredmedia":[{"embeddable":true,"href":"https:\/\/label.nl\/de\/wp-json\/wp\/v2\/media\/48250"}],"wp:attachment":[{"href":"https:\/\/label.nl\/de\/wp-json\/wp\/v2\/media?parent=46666"}],"wp:term":[{"taxonomy":"product_brand","embeddable":true,"href":"https:\/\/label.nl\/de\/wp-json\/wp\/v2\/product_brand?post=46666"},{"taxonomy":"product_cat","embeddable":true,"href":"https:\/\/label.nl\/de\/wp-json\/wp\/v2\/product_cat?post=46666"},{"taxonomy":"product_tag","embeddable":true,"href":"https:\/\/label.nl\/de\/wp-json\/wp\/v2\/product_tag?post=46666"}],"curies":[{"name":"wp","href":"https:\/\/api.w.org\/{rel}","templated":true}]}}