{"id":46668,"date":"2023-02-17T09:59:34","date_gmt":"2023-02-17T07:59:34","guid":{"rendered":"https:\/\/label.nl\/collectie\/unkategorisiert\/jan-beistelltisch"},"modified":"2023-02-17T09:59:34","modified_gmt":"2023-02-17T09:59:34","slug":"gerade-jan","status":"publish","type":"product","link":"https:\/\/label.nl\/de\/collectie\/beistelltisch\/gerade-jan\/","title":{"rendered":"Jan Beistelltisch"},"content":{"rendered":"","protected":false},"excerpt":{"rendered":"<p>Runder Jan und gerader Jan.<br \/>\nDer Tisch ist in 2 Gr\u00f6\u00dfen erh\u00e4ltlich, einer runden und einer geraden Version. Und Sie k\u00f6nnen sich f\u00fcr eine Stahlplatte oder eine Holzplatte entscheiden. Die Tische k\u00f6nnen einzeln, aber auch zusammen verwendet werden, da sie teilweise zu einem sch\u00f6nen Duo zusammenpassen. Durch ihren H\u00f6henunterschied werden sie zu Inseln im Wohnzimmer.<\/p>\n","protected":false},"featured_media":44986,"template":"","meta":{"_acf_changed":false},"product_brand":[],"product_cat":[337],"product_tag":[],"class_list":{"0":"post-46668","1":"product","2":"type-product","3":"status-publish","4":"has-post-thumbnail","6":"product_cat-beistelltisch","8":"first","9":"instock","10":"shipping-taxable","11":"product-type-simple"},"acf":[],"_links":{"self":[{"href":"https:\/\/label.nl\/de\/wp-json\/wp\/v2\/product\/46668","targetHints":{"allow":["GET"]}}],"collection":[{"href":"https:\/\/label.nl\/de\/wp-json\/wp\/v2\/product"}],"about":[{"href":"https:\/\/label.nl\/de\/wp-json\/wp\/v2\/types\/product"}],"version-history":[{"count":0,"href":"https:\/\/label.nl\/de\/wp-json\/wp\/v2\/product\/46668\/revisions"}],"wp:featuredmedia":[{"embeddable":true,"href":"https:\/\/label.nl\/de\/wp-json\/wp\/v2\/media\/44986"}],"wp:attachment":[{"href":"https:\/\/label.nl\/de\/wp-json\/wp\/v2\/media?parent=46668"}],"wp:term":[{"taxonomy":"product_brand","embeddable":true,"href":"https:\/\/label.nl\/de\/wp-json\/wp\/v2\/product_brand?post=46668"},{"taxonomy":"product_cat","embeddable":true,"href":"https:\/\/label.nl\/de\/wp-json\/wp\/v2\/product_cat?post=46668"},{"taxonomy":"product_tag","embeddable":true,"href":"https:\/\/label.nl\/de\/wp-json\/wp\/v2\/product_tag?post=46668"}],"curies":[{"name":"wp","href":"https:\/\/api.w.org\/{rel}","templated":true}]}}