{"id":46670,"date":"2023-02-17T09:56:31","date_gmt":"2023-02-17T07:56:31","guid":{"rendered":"https:\/\/label.nl\/collectie\/unkategorisiert\/bobo-sessel"},"modified":"2024-04-30T17:10:08","modified_gmt":"2024-04-30T15:10:08","slug":"bobo","status":"publish","type":"product","link":"https:\/\/label.nl\/de\/collectie\/sessel\/bobo\/","title":{"rendered":"Bobo Sessel"},"content":{"rendered":"","protected":false},"excerpt":{"rendered":"<p>Der Designer wei\u00df sehr genau, wie Menschen sitzen und wie ein Sitzm\u00f6bel beschaffen sein muss. Die Kraft liegt in der Essenz der Pr\u00e4misse, nicht im Drumherum.<br \/>\nDer Bobo wurde erstmals 1990 entworfen. Es wurde 1997 sogar mit dem Preis f\u00fcr das <em>beste niederl\u00e4ndische M\u00f6beldesign<\/em> ausgezeichnet.<br \/>\nDer Bobo ist wieder in Mode. Sie ist an die heutige Zeit angepasst und l\u00e4dt zum Verweilen ein.<br \/>\nSch\u00f6ne runde Formen, \u00fcber die ein runder \u00c4rmel gezogen wird, der durch Schlaufen, die mit einem Haken befestigt sind, wie ein Hosentr\u00e4ger festgezogen wird.<br \/>\n<em>Die Inspiration kann erraten werden&#8230;.. <\/em><\/p>\n","protected":false},"featured_media":47857,"template":"","meta":{"_acf_changed":false},"product_brand":[],"product_cat":[327],"product_tag":[],"class_list":{"0":"post-46670","1":"product","2":"type-product","3":"status-publish","4":"has-post-thumbnail","6":"product_cat-sessel","8":"first","9":"instock","10":"shipping-taxable","11":"product-type-simple"},"acf":[],"_links":{"self":[{"href":"https:\/\/label.nl\/de\/wp-json\/wp\/v2\/product\/46670","targetHints":{"allow":["GET"]}}],"collection":[{"href":"https:\/\/label.nl\/de\/wp-json\/wp\/v2\/product"}],"about":[{"href":"https:\/\/label.nl\/de\/wp-json\/wp\/v2\/types\/product"}],"version-history":[{"count":1,"href":"https:\/\/label.nl\/de\/wp-json\/wp\/v2\/product\/46670\/revisions"}],"predecessor-version":[{"id":50808,"href":"https:\/\/label.nl\/de\/wp-json\/wp\/v2\/product\/46670\/revisions\/50808"}],"wp:featuredmedia":[{"embeddable":true,"href":"https:\/\/label.nl\/de\/wp-json\/wp\/v2\/media\/47857"}],"wp:attachment":[{"href":"https:\/\/label.nl\/de\/wp-json\/wp\/v2\/media?parent=46670"}],"wp:term":[{"taxonomy":"product_brand","embeddable":true,"href":"https:\/\/label.nl\/de\/wp-json\/wp\/v2\/product_brand?post=46670"},{"taxonomy":"product_cat","embeddable":true,"href":"https:\/\/label.nl\/de\/wp-json\/wp\/v2\/product_cat?post=46670"},{"taxonomy":"product_tag","embeddable":true,"href":"https:\/\/label.nl\/de\/wp-json\/wp\/v2\/product_tag?post=46670"}],"curies":[{"name":"wp","href":"https:\/\/api.w.org\/{rel}","templated":true}]}}