{"id":46676,"date":"2022-10-13T12:12:20","date_gmt":"2022-10-13T10:12:20","guid":{"rendered":"https:\/\/label.nl\/collectie\/unkategorisiert\/anrichte-passion"},"modified":"2022-10-13T12:12:20","modified_gmt":"2022-10-13T12:12:20","slug":"anrichte-passion","status":"publish","type":"product","link":"https:\/\/label.nl\/de\/collectie\/anrichte\/anrichte-passion\/","title":{"rendered":"Anrichte Passion"},"content":{"rendered":"","protected":false},"excerpt":{"rendered":"<p>Das Design des Passion Sideboards spielt mit den M\u00f6glichkeiten von Holz und Handwerkskunst. Ein unaufdringlicher Tisch, der durch seine leichten Rundungen und flie\u00dfenden \u00dcberg\u00e4nge besticht.<br \/>\nSch\u00f6ne Details, die dem Sideboard seine subtile Eleganz verleihen.<\/p>\n<p>Massivholz f\u00fchlt sich warm an und vermittelt ein Gef\u00fchl der Sicherheit. Er ist stabil, strapazierf\u00e4hig und widerstandsf\u00e4hig gegen die Turbulenzen des Alltags.<\/p>\n<p>Auch in der Familie: <a href=\"https:\/\/label.nl\/collectie\/eetkamertafel\/passion\">Passion Esstisch<\/a>, <a href=\"https:\/\/label.nl\/collectie\/bureau-secretair\/passion-secretair\">Passion Sekret\u00e4r<\/a>, <a href=\"https:\/\/label.nl\/collectie\/bureau-secretair\/passion-bureau\">Passion Schreibtisch<\/a><\/p>\n","protected":false},"featured_media":44780,"template":"","meta":{"_acf_changed":false},"product_brand":[],"product_cat":[343],"product_tag":[],"class_list":{"0":"post-46676","1":"product","2":"type-product","3":"status-publish","4":"has-post-thumbnail","6":"product_cat-anrichte","8":"first","9":"instock","10":"shipping-taxable","11":"product-type-simple"},"acf":[],"_links":{"self":[{"href":"https:\/\/label.nl\/de\/wp-json\/wp\/v2\/product\/46676","targetHints":{"allow":["GET"]}}],"collection":[{"href":"https:\/\/label.nl\/de\/wp-json\/wp\/v2\/product"}],"about":[{"href":"https:\/\/label.nl\/de\/wp-json\/wp\/v2\/types\/product"}],"version-history":[{"count":0,"href":"https:\/\/label.nl\/de\/wp-json\/wp\/v2\/product\/46676\/revisions"}],"wp:featuredmedia":[{"embeddable":true,"href":"https:\/\/label.nl\/de\/wp-json\/wp\/v2\/media\/44780"}],"wp:attachment":[{"href":"https:\/\/label.nl\/de\/wp-json\/wp\/v2\/media?parent=46676"}],"wp:term":[{"taxonomy":"product_brand","embeddable":true,"href":"https:\/\/label.nl\/de\/wp-json\/wp\/v2\/product_brand?post=46676"},{"taxonomy":"product_cat","embeddable":true,"href":"https:\/\/label.nl\/de\/wp-json\/wp\/v2\/product_cat?post=46676"},{"taxonomy":"product_tag","embeddable":true,"href":"https:\/\/label.nl\/de\/wp-json\/wp\/v2\/product_tag?post=46676"}],"curies":[{"name":"wp","href":"https:\/\/api.w.org\/{rel}","templated":true}]}}