{"id":46678,"date":"2022-10-13T10:02:16","date_gmt":"2022-10-13T08:02:16","guid":{"rendered":"https:\/\/label.nl\/collectie\/unkategorisiert\/passion-office"},"modified":"2022-10-13T10:02:16","modified_gmt":"2022-10-13T10:02:16","slug":"agentur-der-leidenschaft","status":"publish","type":"product","link":"https:\/\/label.nl\/de\/collectie\/buro-sekretar\/agentur-der-leidenschaft\/","title":{"rendered":"Passion Office"},"content":{"rendered":"","protected":false},"excerpt":{"rendered":"<p>Das Design von Passion Bureau spielt mit den M\u00f6glichkeiten von Holz und Handwerkskunst. Ein unaufdringlicher Tisch, der durch seine leichten Rundungen und flie\u00dfenden \u00dcberg\u00e4nge besticht.<br \/>\nSch\u00f6ne Details, die dem Sideboard seine subtile Eleganz verleihen.<\/p>\n<p>Massivholz f\u00fchlt sich warm an und vermittelt ein Gef\u00fchl der Sicherheit. Er ist stabil, strapazierf\u00e4hig und widerstandsf\u00e4hig gegen die Turbulenzen des Alltags.<\/p>\n<p>Auch in der Familie: <a href=\"https:\/\/label.nl\/collectie\/eetkamertafel\/passion\">Passion Esstisch<\/a>, <a href=\"https:\/\/label.nl\/collectie\/bureau-secretair\/passion-secretair\">Passion Sekret\u00e4r<\/a>, <a href=\"https:\/\/label.nl\/collectie\/dressoir\/passion-dressoir\">Passion Sideboard<\/a><\/p>\n","protected":false},"featured_media":44778,"template":"","meta":{"_acf_changed":false},"product_brand":[],"product_cat":[345],"product_tag":[],"class_list":{"0":"post-46678","1":"product","2":"type-product","3":"status-publish","4":"has-post-thumbnail","6":"product_cat-buro-sekretar","8":"first","9":"instock","10":"shipping-taxable","11":"product-type-simple"},"acf":[],"_links":{"self":[{"href":"https:\/\/label.nl\/de\/wp-json\/wp\/v2\/product\/46678","targetHints":{"allow":["GET"]}}],"collection":[{"href":"https:\/\/label.nl\/de\/wp-json\/wp\/v2\/product"}],"about":[{"href":"https:\/\/label.nl\/de\/wp-json\/wp\/v2\/types\/product"}],"version-history":[{"count":0,"href":"https:\/\/label.nl\/de\/wp-json\/wp\/v2\/product\/46678\/revisions"}],"wp:featuredmedia":[{"embeddable":true,"href":"https:\/\/label.nl\/de\/wp-json\/wp\/v2\/media\/44778"}],"wp:attachment":[{"href":"https:\/\/label.nl\/de\/wp-json\/wp\/v2\/media?parent=46678"}],"wp:term":[{"taxonomy":"product_brand","embeddable":true,"href":"https:\/\/label.nl\/de\/wp-json\/wp\/v2\/product_brand?post=46678"},{"taxonomy":"product_cat","embeddable":true,"href":"https:\/\/label.nl\/de\/wp-json\/wp\/v2\/product_cat?post=46678"},{"taxonomy":"product_tag","embeddable":true,"href":"https:\/\/label.nl\/de\/wp-json\/wp\/v2\/product_tag?post=46678"}],"curies":[{"name":"wp","href":"https:\/\/api.w.org\/{rel}","templated":true}]}}