{"id":46680,"date":"2022-10-13T09:39:24","date_gmt":"2022-10-13T07:39:24","guid":{"rendered":"https:\/\/label.nl\/collectie\/unkategorisiert\/passion-sekretaerin"},"modified":"2022-10-13T09:39:24","modified_gmt":"2022-10-13T09:39:24","slug":"passion-secretary","status":"publish","type":"product","link":"https:\/\/label.nl\/de\/collectie\/buro-sekretar\/passion-secretary\/","title":{"rendered":"Passion-Sekret\u00e4rin"},"content":{"rendered":"","protected":false},"excerpt":{"rendered":"<p>Das Design des Passion Secretair spielt mit den M\u00f6glichkeiten von Holz und Handwerkskunst. Ein unaufdringlicher Tisch, der durch seine leichten Rundungen und flie\u00dfenden \u00dcberg\u00e4nge besticht.<br \/>\nSch\u00f6ne Details, die dem Sideboard seine subtile Eleganz verleihen.<\/p>\n<p>Massivholz f\u00fchlt sich warm an und vermittelt ein Gef\u00fchl der Sicherheit. Er ist stabil, strapazierf\u00e4hig und widerstandsf\u00e4hig gegen die Turbulenzen des Alltags.<\/p>\n<p>Auch in der Familie: <a href=\"https:\/\/label.nl\/collectie\/eetkamertafel\/passion\">Passion Esstisch<\/a>, <a href=\"https:\/\/label.nl\/collectie\/dressoir\/passion-dressoir\">Passion Sideboard<\/a>, <a href=\"https:\/\/label.nl\/collectie\/bureau-secretair\/passion-bureau\">Passion Schreibtisch<\/a><\/p>\n","protected":false},"featured_media":44776,"template":"","meta":{"_acf_changed":false},"product_brand":[],"product_cat":[345],"product_tag":[],"class_list":{"0":"post-46680","1":"product","2":"type-product","3":"status-publish","4":"has-post-thumbnail","6":"product_cat-buro-sekretar","8":"first","9":"instock","10":"shipping-taxable","11":"product-type-simple"},"acf":[],"_links":{"self":[{"href":"https:\/\/label.nl\/de\/wp-json\/wp\/v2\/product\/46680","targetHints":{"allow":["GET"]}}],"collection":[{"href":"https:\/\/label.nl\/de\/wp-json\/wp\/v2\/product"}],"about":[{"href":"https:\/\/label.nl\/de\/wp-json\/wp\/v2\/types\/product"}],"version-history":[{"count":0,"href":"https:\/\/label.nl\/de\/wp-json\/wp\/v2\/product\/46680\/revisions"}],"wp:featuredmedia":[{"embeddable":true,"href":"https:\/\/label.nl\/de\/wp-json\/wp\/v2\/media\/44776"}],"wp:attachment":[{"href":"https:\/\/label.nl\/de\/wp-json\/wp\/v2\/media?parent=46680"}],"wp:term":[{"taxonomy":"product_brand","embeddable":true,"href":"https:\/\/label.nl\/de\/wp-json\/wp\/v2\/product_brand?post=46680"},{"taxonomy":"product_cat","embeddable":true,"href":"https:\/\/label.nl\/de\/wp-json\/wp\/v2\/product_cat?post=46680"},{"taxonomy":"product_tag","embeddable":true,"href":"https:\/\/label.nl\/de\/wp-json\/wp\/v2\/product_tag?post=46680"}],"curies":[{"name":"wp","href":"https:\/\/api.w.org\/{rel}","templated":true}]}}