{"id":46688,"date":"2022-07-15T11:30:48","date_gmt":"2022-07-15T09:30:48","guid":{"rendered":"https:\/\/label.nl\/collectie\/unkategorisiert\/lhasa-tasche"},"modified":"2022-07-15T11:30:48","modified_gmt":"2022-07-15T11:30:48","slug":"lhasa","status":"publish","type":"product","link":"https:\/\/label.nl\/de\/collectie\/taschen\/lhasa\/","title":{"rendered":"Lhasa Tasche"},"content":{"rendered":"","protected":false},"excerpt":{"rendered":"<p class=\"p1\">Unsere Taschen werden aus Materialresten aus der Fabrik hergestellt. Alle Taschen sind Unikate, die von unseren Designern sorgf\u00e4ltig entworfen wurden. Neben der Lhasa-Tasche gibt es viele andere Varianten: gr\u00f6\u00dfere, kleinere, l\u00e4ngere. F\u00fcr jeden etwas!<\/p>\n","protected":false},"featured_media":43320,"template":"","meta":{"_acf_changed":false},"product_brand":[],"product_cat":[347],"product_tag":[],"class_list":{"0":"post-46688","1":"product","2":"type-product","3":"status-publish","4":"has-post-thumbnail","6":"product_cat-taschen","8":"first","9":"instock","10":"shipping-taxable","11":"product-type-simple"},"acf":[],"_links":{"self":[{"href":"https:\/\/label.nl\/de\/wp-json\/wp\/v2\/product\/46688","targetHints":{"allow":["GET"]}}],"collection":[{"href":"https:\/\/label.nl\/de\/wp-json\/wp\/v2\/product"}],"about":[{"href":"https:\/\/label.nl\/de\/wp-json\/wp\/v2\/types\/product"}],"version-history":[{"count":0,"href":"https:\/\/label.nl\/de\/wp-json\/wp\/v2\/product\/46688\/revisions"}],"wp:featuredmedia":[{"embeddable":true,"href":"https:\/\/label.nl\/de\/wp-json\/wp\/v2\/media\/43320"}],"wp:attachment":[{"href":"https:\/\/label.nl\/de\/wp-json\/wp\/v2\/media?parent=46688"}],"wp:term":[{"taxonomy":"product_brand","embeddable":true,"href":"https:\/\/label.nl\/de\/wp-json\/wp\/v2\/product_brand?post=46688"},{"taxonomy":"product_cat","embeddable":true,"href":"https:\/\/label.nl\/de\/wp-json\/wp\/v2\/product_cat?post=46688"},{"taxonomy":"product_tag","embeddable":true,"href":"https:\/\/label.nl\/de\/wp-json\/wp\/v2\/product_tag?post=46688"}],"curies":[{"name":"wp","href":"https:\/\/api.w.org\/{rel}","templated":true}]}}