{"id":46694,"date":"2022-07-15T11:30:48","date_gmt":"2022-07-15T09:30:48","guid":{"rendered":"https:\/\/label.nl\/collectie\/unkategorisiert\/toba-tasche"},"modified":"2022-07-15T11:30:48","modified_gmt":"2022-07-15T11:30:48","slug":"tobacco","status":"publish","type":"product","link":"https:\/\/label.nl\/de\/collectie\/taschen\/tobacco\/","title":{"rendered":"Toba Tasche"},"content":{"rendered":"","protected":false},"excerpt":{"rendered":"<p class=\"p1\">Unsere Taschen werden aus Materialresten aus der Fabrik hergestellt. Alle Taschen sind Unikate, die von unseren Designern sorgf\u00e4ltig entworfen wurden. Neben dem Toba Bag gibt es noch viele andere Varianten: gr\u00f6\u00dfer, kleiner, l\u00e4nger. F\u00fcr jeden etwas!<\/p>\n","protected":false},"featured_media":43314,"template":"","meta":{"_acf_changed":false},"product_brand":[],"product_cat":[347],"product_tag":[],"class_list":{"0":"post-46694","1":"product","2":"type-product","3":"status-publish","4":"has-post-thumbnail","6":"product_cat-taschen","8":"first","9":"instock","10":"shipping-taxable","11":"product-type-simple"},"acf":[],"_links":{"self":[{"href":"https:\/\/label.nl\/de\/wp-json\/wp\/v2\/product\/46694","targetHints":{"allow":["GET"]}}],"collection":[{"href":"https:\/\/label.nl\/de\/wp-json\/wp\/v2\/product"}],"about":[{"href":"https:\/\/label.nl\/de\/wp-json\/wp\/v2\/types\/product"}],"version-history":[{"count":0,"href":"https:\/\/label.nl\/de\/wp-json\/wp\/v2\/product\/46694\/revisions"}],"wp:featuredmedia":[{"embeddable":true,"href":"https:\/\/label.nl\/de\/wp-json\/wp\/v2\/media\/43314"}],"wp:attachment":[{"href":"https:\/\/label.nl\/de\/wp-json\/wp\/v2\/media?parent=46694"}],"wp:term":[{"taxonomy":"product_brand","embeddable":true,"href":"https:\/\/label.nl\/de\/wp-json\/wp\/v2\/product_brand?post=46694"},{"taxonomy":"product_cat","embeddable":true,"href":"https:\/\/label.nl\/de\/wp-json\/wp\/v2\/product_cat?post=46694"},{"taxonomy":"product_tag","embeddable":true,"href":"https:\/\/label.nl\/de\/wp-json\/wp\/v2\/product_tag?post=46694"}],"curies":[{"name":"wp","href":"https:\/\/api.w.org\/{rel}","templated":true}]}}