{"id":46699,"date":"2022-07-15T11:30:47","date_gmt":"2022-07-15T09:30:47","guid":{"rendered":"https:\/\/label.nl\/collectie\/unkategorisiert\/buling-tasche"},"modified":"2022-07-15T11:30:47","modified_gmt":"2022-07-15T11:30:47","slug":"buling","status":"publish","type":"product","link":"https:\/\/label.nl\/de\/collectie\/taschen\/buling\/","title":{"rendered":"Buling Tasche"},"content":{"rendered":"","protected":false},"excerpt":{"rendered":"<p class=\"p1\">Unsere Taschen werden aus Materialresten aus der Fabrik hergestellt. Alle Taschen sind Unikate, die von unseren Designern sorgf\u00e4ltig entworfen wurden. Neben dem Buling Bag gibt es viele andere Varianten: gr\u00f6\u00dfer, kleiner, l\u00e4nger. F\u00fcr jeden etwas!<\/p>\n","protected":false},"featured_media":43310,"template":"","meta":{"_acf_changed":false},"product_brand":[],"product_cat":[347],"product_tag":[],"class_list":{"0":"post-46699","1":"product","2":"type-product","3":"status-publish","4":"has-post-thumbnail","6":"product_cat-taschen","8":"first","9":"instock","10":"shipping-taxable","11":"product-type-simple"},"acf":[],"_links":{"self":[{"href":"https:\/\/label.nl\/de\/wp-json\/wp\/v2\/product\/46699","targetHints":{"allow":["GET"]}}],"collection":[{"href":"https:\/\/label.nl\/de\/wp-json\/wp\/v2\/product"}],"about":[{"href":"https:\/\/label.nl\/de\/wp-json\/wp\/v2\/types\/product"}],"version-history":[{"count":0,"href":"https:\/\/label.nl\/de\/wp-json\/wp\/v2\/product\/46699\/revisions"}],"wp:featuredmedia":[{"embeddable":true,"href":"https:\/\/label.nl\/de\/wp-json\/wp\/v2\/media\/43310"}],"wp:attachment":[{"href":"https:\/\/label.nl\/de\/wp-json\/wp\/v2\/media?parent=46699"}],"wp:term":[{"taxonomy":"product_brand","embeddable":true,"href":"https:\/\/label.nl\/de\/wp-json\/wp\/v2\/product_brand?post=46699"},{"taxonomy":"product_cat","embeddable":true,"href":"https:\/\/label.nl\/de\/wp-json\/wp\/v2\/product_cat?post=46699"},{"taxonomy":"product_tag","embeddable":true,"href":"https:\/\/label.nl\/de\/wp-json\/wp\/v2\/product_tag?post=46699"}],"curies":[{"name":"wp","href":"https:\/\/api.w.org\/{rel}","templated":true}]}}