{"id":46708,"date":"2022-07-15T11:24:07","date_gmt":"2022-07-15T09:24:07","guid":{"rendered":"https:\/\/label.nl\/collectie\/unkategorisiert\/roter-kettenteppich"},"modified":"2022-07-15T11:24:07","modified_gmt":"2022-07-15T11:24:07","slug":"rote-ketten-teppich","status":"publish","type":"product","link":"https:\/\/label.nl\/de\/collectie\/teppiche\/rote-ketten-teppich\/","title":{"rendered":"Roter Kettenteppich"},"content":{"rendered":"","protected":false},"excerpt":{"rendered":"<p>Dieser handgekn\u00fcpfte Teppich aus 100% neuseel\u00e4ndischer Wolle ist mit einem passenden Band aus Lederresten eingefasst. Damit versuchen wir, Lederabf\u00e4lle in unserer Fabrik zu reduzieren.<br \/>\nDas Muster des Teppichs wurde von Floris Hovers entworfen. Typisch ist die rote Kette, die sich wie eine Bahn durch das Kleid zieht. Der Teppich ist auf beiden Seiten identisch, so dass er auch auf beiden Seiten verwendet werden kann.<\/p>\n<p>Der rote Kettenteppich ist in drei Farben erh\u00e4ltlich (Grau, Blau und Kupfer) und in 2 Gr\u00f6\u00dfen erh\u00e4ltlich: mittel und gro\u00df.<\/p>\n","protected":false},"featured_media":44618,"template":"","meta":{"_acf_changed":false},"product_brand":[],"product_cat":[351],"product_tag":[],"class_list":{"0":"post-46708","1":"product","2":"type-product","3":"status-publish","4":"has-post-thumbnail","6":"product_cat-teppiche","8":"first","9":"instock","10":"shipping-taxable","11":"product-type-simple"},"acf":[],"_links":{"self":[{"href":"https:\/\/label.nl\/de\/wp-json\/wp\/v2\/product\/46708","targetHints":{"allow":["GET"]}}],"collection":[{"href":"https:\/\/label.nl\/de\/wp-json\/wp\/v2\/product"}],"about":[{"href":"https:\/\/label.nl\/de\/wp-json\/wp\/v2\/types\/product"}],"version-history":[{"count":0,"href":"https:\/\/label.nl\/de\/wp-json\/wp\/v2\/product\/46708\/revisions"}],"wp:featuredmedia":[{"embeddable":true,"href":"https:\/\/label.nl\/de\/wp-json\/wp\/v2\/media\/44618"}],"wp:attachment":[{"href":"https:\/\/label.nl\/de\/wp-json\/wp\/v2\/media?parent=46708"}],"wp:term":[{"taxonomy":"product_brand","embeddable":true,"href":"https:\/\/label.nl\/de\/wp-json\/wp\/v2\/product_brand?post=46708"},{"taxonomy":"product_cat","embeddable":true,"href":"https:\/\/label.nl\/de\/wp-json\/wp\/v2\/product_cat?post=46708"},{"taxonomy":"product_tag","embeddable":true,"href":"https:\/\/label.nl\/de\/wp-json\/wp\/v2\/product_tag?post=46708"}],"curies":[{"name":"wp","href":"https:\/\/api.w.org\/{rel}","templated":true}]}}