{"id":46714,"date":"2022-07-14T22:10:02","date_gmt":"2022-07-14T20:10:02","guid":{"rendered":"https:\/\/label.nl\/collectie\/unkategorisiert\/koos-outdoor"},"modified":"2022-07-14T22:10:02","modified_gmt":"2022-07-14T22:10:02","slug":"wahlte-ausen","status":"publish","type":"product","link":"https:\/\/label.nl\/de\/collectie\/drausen\/wahlte-ausen\/","title":{"rendered":"Koos Outdoor"},"content":{"rendered":"","protected":false},"excerpt":{"rendered":"<p style=\"font-weight: 400;\">Das Formenspiel von <a href=\"https:\/\/label.nl\/collectie\/outdoor\/hidde-outdoor\">Hidde Outdoor<\/a> wurde f\u00fcr den kleinen Tisch Koos \u00fcbernommen. Koos ist ein Beistelltisch, der zu den Outdoor-Sesseln <a href=\"https:\/\/label.nl\/collectie\/outdoor\/hidde-outdoor\">Hidde<\/a> und <a href=\"https:\/\/label.nl\/collectie\/outdoor\/gigi-outdoor\">Gigi<\/a> passt. Der Deckel ist aus recyceltem PVC hergestellt. Durch eine Schutzbeschichtung ist es feuchtigkeitsbest\u00e4ndig und somit ideal f\u00fcr den Au\u00dfenbereich geeignet. Die Farbe des Sockels ist schwarz-grau. Der Rahmen ist mit einer speziellen Outdoor-Beschichtung versehen. So kann der Koos Outdoor dem wechselhaften niederl\u00e4ndischen Wetter trotzen.<\/p>\n","protected":false},"featured_media":43492,"template":"","meta":{"_acf_changed":false},"product_brand":[],"product_cat":[359],"product_tag":[],"class_list":{"0":"post-46714","1":"product","2":"type-product","3":"status-publish","4":"has-post-thumbnail","6":"product_cat-drausen","8":"first","9":"instock","10":"shipping-taxable","11":"product-type-simple"},"acf":[],"_links":{"self":[{"href":"https:\/\/label.nl\/de\/wp-json\/wp\/v2\/product\/46714","targetHints":{"allow":["GET"]}}],"collection":[{"href":"https:\/\/label.nl\/de\/wp-json\/wp\/v2\/product"}],"about":[{"href":"https:\/\/label.nl\/de\/wp-json\/wp\/v2\/types\/product"}],"version-history":[{"count":0,"href":"https:\/\/label.nl\/de\/wp-json\/wp\/v2\/product\/46714\/revisions"}],"wp:featuredmedia":[{"embeddable":true,"href":"https:\/\/label.nl\/de\/wp-json\/wp\/v2\/media\/43492"}],"wp:attachment":[{"href":"https:\/\/label.nl\/de\/wp-json\/wp\/v2\/media?parent=46714"}],"wp:term":[{"taxonomy":"product_brand","embeddable":true,"href":"https:\/\/label.nl\/de\/wp-json\/wp\/v2\/product_brand?post=46714"},{"taxonomy":"product_cat","embeddable":true,"href":"https:\/\/label.nl\/de\/wp-json\/wp\/v2\/product_cat?post=46714"},{"taxonomy":"product_tag","embeddable":true,"href":"https:\/\/label.nl\/de\/wp-json\/wp\/v2\/product_tag?post=46714"}],"curies":[{"name":"wp","href":"https:\/\/api.w.org\/{rel}","templated":true}]}}