{"id":46716,"date":"2022-07-14T22:09:44","date_gmt":"2022-07-14T20:09:44","guid":{"rendered":"https:\/\/label.nl\/collectie\/unkategorisiert\/gustav-outdoor"},"modified":"2022-07-14T22:09:44","modified_gmt":"2022-07-14T22:09:44","slug":"gustav-outdoor","status":"publish","type":"product","link":"https:\/\/label.nl\/de\/collectie\/drausen\/gustav-outdoor\/","title":{"rendered":"Gustav Outdoor"},"content":{"rendered":"","protected":false},"excerpt":{"rendered":"<p style=\"font-weight: 400;\">Peter van de Water unterzeichnete die erfolgreiche Gustav-Serie f\u00fcr das Label Vandenberg. Das Design dieses ber\u00fchmten Sessels und der St\u00fchle wurde durch das Falten eines St\u00fccks Pappe geschaffen. Diese Faltlinien machen den Gustav zu einem unverwechselbaren Design. Design ist etwas, das man nicht nur drinnen, sondern auch drau\u00dfen genie\u00dfen m\u00f6chte.<br \/>\nDaher dieser Outdoor-Sessel mit einem weichen Kissen und scharfen, kantigen Linien an der Au\u00dfenseite, die einen sch\u00f6nen Kontrast bilden. Ein Kunstwerk f\u00fcr sich.<\/p>\n<p>Der Sessel hat ein abnehmbares Kissen, kann aber einen Regenschauer gut vertragen. Denn das Kissen ist mit einem speziellen Outdoor-Gewebe bezogen, das wasserdurchl\u00e4ssig und zudem mit einer fungiziden Beschichtung versehen ist. Der verwendete Schaumstoff f\u00fchlt sich trocken an. Aufgrund der offenzelligen Struktur flie\u00dft das Wasser durch den Schaumstoff. So kann der Gustav Outdoor dem wechselhaften niederl\u00e4ndischen Wetter trotzen.<\/p>\n","protected":false},"featured_media":45526,"template":"","meta":{"_acf_changed":false},"product_brand":[],"product_cat":[359],"product_tag":[],"class_list":{"0":"post-46716","1":"product","2":"type-product","3":"status-publish","4":"has-post-thumbnail","6":"product_cat-drausen","8":"first","9":"instock","10":"shipping-taxable","11":"product-type-simple"},"acf":[],"_links":{"self":[{"href":"https:\/\/label.nl\/de\/wp-json\/wp\/v2\/product\/46716","targetHints":{"allow":["GET"]}}],"collection":[{"href":"https:\/\/label.nl\/de\/wp-json\/wp\/v2\/product"}],"about":[{"href":"https:\/\/label.nl\/de\/wp-json\/wp\/v2\/types\/product"}],"version-history":[{"count":0,"href":"https:\/\/label.nl\/de\/wp-json\/wp\/v2\/product\/46716\/revisions"}],"wp:featuredmedia":[{"embeddable":true,"href":"https:\/\/label.nl\/de\/wp-json\/wp\/v2\/media\/45526"}],"wp:attachment":[{"href":"https:\/\/label.nl\/de\/wp-json\/wp\/v2\/media?parent=46716"}],"wp:term":[{"taxonomy":"product_brand","embeddable":true,"href":"https:\/\/label.nl\/de\/wp-json\/wp\/v2\/product_brand?post=46716"},{"taxonomy":"product_cat","embeddable":true,"href":"https:\/\/label.nl\/de\/wp-json\/wp\/v2\/product_cat?post=46716"},{"taxonomy":"product_tag","embeddable":true,"href":"https:\/\/label.nl\/de\/wp-json\/wp\/v2\/product_tag?post=46716"}],"curies":[{"name":"wp","href":"https:\/\/api.w.org\/{rel}","templated":true}]}}