{"id":46718,"date":"2022-07-14T17:50:39","date_gmt":"2022-07-14T15:50:39","guid":{"rendered":"https:\/\/label.nl\/collectie\/unkategorisiert\/cocoon-bank"},"modified":"2024-04-30T16:31:15","modified_gmt":"2024-04-30T14:31:15","slug":"kokosnuss-bank","status":"publish","type":"product","link":"https:\/\/label.nl\/de\/collectie\/banke-fur-das-esszimmer\/kokosnuss-bank\/","title":{"rendered":"Cocoon Bank"},"content":{"rendered":"","protected":false},"excerpt":{"rendered":"<p style=\"font-weight: 400;\">Die Bank Cocoon ist von den weichen, warmen Steppm\u00e4nteln inspiriert, die so sch\u00f6n sind, wenn es drau\u00dfen kalt ist. Durch den gesteppten Bezug sieht es super cool aus.<\/p>\n<p style=\"font-weight: 400;\">Zur Cocoon-Familie geh\u00f6ren au\u00dferdem: <a href=\"https:\/\/label.nl\/collectie\/banken\/sofa-cocoon\">Sofa<\/a>, <a href=\"https:\/\/label.nl\/collectie\/eetkamerstoelen\/cocoon-dining-2\">Esszimmerstuhl<\/a>, <a href=\"https:\/\/label.nl\/collectie\/fauteuils\/cocoon-lounge\">Sessel<\/a>, <a href=\"https:\/\/label.nl\/collectie\/barstoelen\/cocoon-bar\">Barhocker<\/a> und <a href=\"https:\/\/label.nl\/collectie\/footstools\/footstool-cocoon\">Pouffe<\/a>.<\/p>\n","protected":false},"featured_media":43536,"template":"","meta":{"_acf_changed":false},"product_brand":[],"product_cat":[361],"product_tag":[],"class_list":{"0":"post-46718","1":"product","2":"type-product","3":"status-publish","4":"has-post-thumbnail","6":"product_cat-banke-fur-das-esszimmer","8":"first","9":"instock","10":"shipping-taxable","11":"product-type-simple"},"acf":[],"_links":{"self":[{"href":"https:\/\/label.nl\/de\/wp-json\/wp\/v2\/product\/46718","targetHints":{"allow":["GET"]}}],"collection":[{"href":"https:\/\/label.nl\/de\/wp-json\/wp\/v2\/product"}],"about":[{"href":"https:\/\/label.nl\/de\/wp-json\/wp\/v2\/types\/product"}],"version-history":[{"count":1,"href":"https:\/\/label.nl\/de\/wp-json\/wp\/v2\/product\/46718\/revisions"}],"predecessor-version":[{"id":50787,"href":"https:\/\/label.nl\/de\/wp-json\/wp\/v2\/product\/46718\/revisions\/50787"}],"wp:featuredmedia":[{"embeddable":true,"href":"https:\/\/label.nl\/de\/wp-json\/wp\/v2\/media\/43536"}],"wp:attachment":[{"href":"https:\/\/label.nl\/de\/wp-json\/wp\/v2\/media?parent=46718"}],"wp:term":[{"taxonomy":"product_brand","embeddable":true,"href":"https:\/\/label.nl\/de\/wp-json\/wp\/v2\/product_brand?post=46718"},{"taxonomy":"product_cat","embeddable":true,"href":"https:\/\/label.nl\/de\/wp-json\/wp\/v2\/product_cat?post=46718"},{"taxonomy":"product_tag","embeddable":true,"href":"https:\/\/label.nl\/de\/wp-json\/wp\/v2\/product_tag?post=46718"}],"curies":[{"name":"wp","href":"https:\/\/api.w.org\/{rel}","templated":true}]}}