{"id":46720,"date":"2022-07-14T16:48:47","date_gmt":"2022-07-14T14:48:47","guid":{"rendered":"https:\/\/label.nl\/collectie\/unkategorisiert\/cocoon-dining-esszimmerstuhl"},"modified":"2024-04-30T16:37:50","modified_gmt":"2024-04-30T14:37:50","slug":"cocoon-dining-2","status":"publish","type":"product","link":"https:\/\/label.nl\/de\/collectie\/esstischstuhle\/cocoon-dining-2\/","title":{"rendered":"Cocoon Dining Esszimmerstuhl"},"content":{"rendered":"","protected":false},"excerpt":{"rendered":"<p style=\"font-weight: 400;\">Cocoon Dining ist inspiriert von den weichen, warmen, gesteppten Winterm\u00e4nteln, die so sch\u00f6n sind, wenn es drau\u00dfen kalt ist. Durch den gesteppten Bezug sieht es super cool aus.<\/p>\n<p style=\"font-weight: 400;\">Zur Cocoon-Familie geh\u00f6ren au\u00dferdem: <a href=\"https:\/\/label.nl\/collectie\/banken\/sofa-cocoon\">Sofa<\/a>, <a href=\"https:\/\/label.nl\/collectie\/barstoelen\/cocoon-bar\">Barhocker<\/a>, <a href=\"https:\/\/label.nl\/collectie\/fauteuils\/cocoon-lounge\">Sessel<\/a>, <a href=\"https:\/\/label.nl\/collectie\/eetkamerbanken\/cocoon-bench\">Esszimmerbank<\/a> und <a href=\"https:\/\/label.nl\/collectie\/footstools\/footstool-cocoon\">Pouffe<\/a>.<\/p>\n","protected":false},"featured_media":43474,"template":"","meta":{"_acf_changed":false},"product_brand":[],"product_cat":[341],"product_tag":[],"class_list":{"0":"post-46720","1":"product","2":"type-product","3":"status-publish","4":"has-post-thumbnail","6":"product_cat-esstischstuhle","8":"first","9":"instock","10":"shipping-taxable","11":"product-type-simple"},"acf":[],"_links":{"self":[{"href":"https:\/\/label.nl\/de\/wp-json\/wp\/v2\/product\/46720","targetHints":{"allow":["GET"]}}],"collection":[{"href":"https:\/\/label.nl\/de\/wp-json\/wp\/v2\/product"}],"about":[{"href":"https:\/\/label.nl\/de\/wp-json\/wp\/v2\/types\/product"}],"version-history":[{"count":1,"href":"https:\/\/label.nl\/de\/wp-json\/wp\/v2\/product\/46720\/revisions"}],"predecessor-version":[{"id":50794,"href":"https:\/\/label.nl\/de\/wp-json\/wp\/v2\/product\/46720\/revisions\/50794"}],"wp:featuredmedia":[{"embeddable":true,"href":"https:\/\/label.nl\/de\/wp-json\/wp\/v2\/media\/43474"}],"wp:attachment":[{"href":"https:\/\/label.nl\/de\/wp-json\/wp\/v2\/media?parent=46720"}],"wp:term":[{"taxonomy":"product_brand","embeddable":true,"href":"https:\/\/label.nl\/de\/wp-json\/wp\/v2\/product_brand?post=46720"},{"taxonomy":"product_cat","embeddable":true,"href":"https:\/\/label.nl\/de\/wp-json\/wp\/v2\/product_cat?post=46720"},{"taxonomy":"product_tag","embeddable":true,"href":"https:\/\/label.nl\/de\/wp-json\/wp\/v2\/product_tag?post=46720"}],"curies":[{"name":"wp","href":"https:\/\/api.w.org\/{rel}","templated":true}]}}