{"id":46722,"date":"2022-07-13T14:46:36","date_gmt":"2022-07-13T12:46:36","guid":{"rendered":"https:\/\/label.nl\/collectie\/unkategorisiert\/cheo-sessel"},"modified":"2024-04-30T17:12:46","modified_gmt":"2024-04-30T15:12:46","slug":"cheo","status":"publish","type":"product","link":"https:\/\/label.nl\/de\/collectie\/sessel\/cheo\/","title":{"rendered":"Cheo Sessel"},"content":{"rendered":"","protected":false},"excerpt":{"rendered":"<p style=\"font-weight: 400;\">Cheo ist ein sch\u00f6ner, kompakter Clubsessel, der mit einem Holzbein eher klassisch und mit einem Stahlbein eher modern wirkt. Ein sch\u00f6nes Detail sind die N\u00e4hte auf der Vorderseite des Arms, die in Leder besonders sch\u00f6n aussehen.<br \/>\nDazu gibt es auch ein passendes Puff.<\/p>\n","protected":false},"featured_media":44596,"template":"","meta":{"_acf_changed":false},"product_brand":[],"product_cat":[327],"product_tag":[],"class_list":{"0":"post-46722","1":"product","2":"type-product","3":"status-publish","4":"has-post-thumbnail","6":"product_cat-sessel","8":"first","9":"instock","10":"shipping-taxable","11":"product-type-simple"},"acf":[],"_links":{"self":[{"href":"https:\/\/label.nl\/de\/wp-json\/wp\/v2\/product\/46722","targetHints":{"allow":["GET"]}}],"collection":[{"href":"https:\/\/label.nl\/de\/wp-json\/wp\/v2\/product"}],"about":[{"href":"https:\/\/label.nl\/de\/wp-json\/wp\/v2\/types\/product"}],"version-history":[{"count":1,"href":"https:\/\/label.nl\/de\/wp-json\/wp\/v2\/product\/46722\/revisions"}],"predecessor-version":[{"id":50811,"href":"https:\/\/label.nl\/de\/wp-json\/wp\/v2\/product\/46722\/revisions\/50811"}],"wp:featuredmedia":[{"embeddable":true,"href":"https:\/\/label.nl\/de\/wp-json\/wp\/v2\/media\/44596"}],"wp:attachment":[{"href":"https:\/\/label.nl\/de\/wp-json\/wp\/v2\/media?parent=46722"}],"wp:term":[{"taxonomy":"product_brand","embeddable":true,"href":"https:\/\/label.nl\/de\/wp-json\/wp\/v2\/product_brand?post=46722"},{"taxonomy":"product_cat","embeddable":true,"href":"https:\/\/label.nl\/de\/wp-json\/wp\/v2\/product_cat?post=46722"},{"taxonomy":"product_tag","embeddable":true,"href":"https:\/\/label.nl\/de\/wp-json\/wp\/v2\/product_tag?post=46722"}],"curies":[{"name":"wp","href":"https:\/\/api.w.org\/{rel}","templated":true}]}}