{"id":46727,"date":"2022-07-12T23:02:32","date_gmt":"2022-07-12T23:02:32","guid":{"rendered":"https:\/\/label.nl\/collectie\/unkategorisiert\/ginny-bank"},"modified":"2023-05-12T13:19:34","modified_gmt":"2023-05-12T13:19:34","slug":"sofa-ginny","status":"publish","type":"product","link":"https:\/\/label.nl\/de\/collectie\/sofa\/sofa-ginny\/","title":{"rendered":"Ginny Sofa"},"content":{"rendered":"","protected":false},"excerpt":{"rendered":"<p style=\"font-weight: 400;\">Ginny ist ein sch\u00f6nes modulares Loungesofa, das von einem Bett inspiriert wurde! Das Sofa l\u00e4sst sich ganz nach Belieben zusammenstellen, wobei Sie auch Ihre eigenen Ecken gestalten k\u00f6nnen. Der weiche Schaumstoff in der obersten Schicht der Sitzfl\u00e4che sorgt daf\u00fcr, dass man ein wenig einsinkt und nicht von einer flachen Sitzfl\u00e4che wegrollt, genau wie eine gute Matratze. Die verschiedenen R\u00fcckenkissen sind mit Polyetherflocken gef\u00fcllt, die aus dem Restmaterial des Schaumstoffzuschnitts f\u00fcr unsere M\u00f6bel hergestellt werden.<\/p>\n<p style=\"font-weight: 400;\">Die Sitztiefe kann je nach Geschmack mit einem zus\u00e4tzlichen losen Lendenkissen flacher gestaltet werden. Kurz gesagt, ein modulares Sofa, das Sie genau so zusammenstellen k\u00f6nnen, wie Sie es w\u00fcnschen. Das Modell bietet viele Gr\u00f6\u00dfenoptionen: 1, 2, 2,5 und 3 Sitzer mit 2 Armlehnen und 1 Armlehne oder ohne Armlehnen, eine Chaise Longue und ein Pouffe.<\/p>\n","protected":false},"featured_media":44898,"template":"","meta":{"_acf_changed":false},"product_brand":[],"product_cat":[331],"product_tag":[],"class_list":{"0":"post-46727","1":"product","2":"type-product","3":"status-publish","4":"has-post-thumbnail","6":"product_cat-sofa","8":"first","9":"instock","10":"shipping-taxable","11":"product-type-simple"},"acf":[],"_links":{"self":[{"href":"https:\/\/label.nl\/de\/wp-json\/wp\/v2\/product\/46727","targetHints":{"allow":["GET"]}}],"collection":[{"href":"https:\/\/label.nl\/de\/wp-json\/wp\/v2\/product"}],"about":[{"href":"https:\/\/label.nl\/de\/wp-json\/wp\/v2\/types\/product"}],"version-history":[{"count":1,"href":"https:\/\/label.nl\/de\/wp-json\/wp\/v2\/product\/46727\/revisions"}],"predecessor-version":[{"id":48225,"href":"https:\/\/label.nl\/de\/wp-json\/wp\/v2\/product\/46727\/revisions\/48225"}],"wp:featuredmedia":[{"embeddable":true,"href":"https:\/\/label.nl\/de\/wp-json\/wp\/v2\/media\/44898"}],"wp:attachment":[{"href":"https:\/\/label.nl\/de\/wp-json\/wp\/v2\/media?parent=46727"}],"wp:term":[{"taxonomy":"product_brand","embeddable":true,"href":"https:\/\/label.nl\/de\/wp-json\/wp\/v2\/product_brand?post=46727"},{"taxonomy":"product_cat","embeddable":true,"href":"https:\/\/label.nl\/de\/wp-json\/wp\/v2\/product_cat?post=46727"},{"taxonomy":"product_tag","embeddable":true,"href":"https:\/\/label.nl\/de\/wp-json\/wp\/v2\/product_tag?post=46727"}],"curies":[{"name":"wp","href":"https:\/\/api.w.org\/{rel}","templated":true}]}}