{"id":46729,"date":"2022-03-27T21:04:05","date_gmt":"2022-03-27T19:04:05","guid":{"rendered":"https:\/\/label.nl\/collectie\/unkategorisiert\/hidde-outdoor"},"modified":"2022-03-27T21:04:05","modified_gmt":"2022-03-27T21:04:05","slug":"hidde-outdoor","status":"publish","type":"product","link":"https:\/\/label.nl\/de\/collectie\/drausen\/hidde-outdoor\/","title":{"rendered":"Hidde Outdoor"},"content":{"rendered":"","protected":false},"excerpt":{"rendered":"<p>Der &#8222;\u00e4u\u00dfere Bruder&#8220; des Hidde stammt aus der Hand von Gerard van den Berg. Die H\u00e4ngemattenkonstruktion sorgt f\u00fcr einen hohen Sitzkomfort und die Hidde hat ein leicht abnehmbares Kissen. Sollte es doch einmal in einen Regenschauer geraten, ist das Kissen im Handumdrehen wieder trocken. Das liegt daran, dass das Kissen mit einem speziellen Outdoor-Gewebe bezogen ist, das wasserdurchl\u00e4ssig ist. Im Schaumstoff wurde auch Dry-feel-Schaum verwendet. Aufgrund der offenzelligen Struktur flie\u00dft das Wasser durch den Schaumstoff.<\/p>\n<p>Der Hidde Outdoor ist in 7 Stoffvarianten erh\u00e4ltlich, die Grundfarbe ist schwarz-grau. Der Rahmen ist mit einer speziellen Outdoor-Beschichtung versehen. So kann der Hidde Outdoor dem wechselhaften niederl\u00e4ndischen Wetter trotzen.<\/p>\n","protected":false},"featured_media":43490,"template":"","meta":{"_acf_changed":false},"product_brand":[],"product_cat":[359],"product_tag":[],"class_list":{"0":"post-46729","1":"product","2":"type-product","3":"status-publish","4":"has-post-thumbnail","6":"product_cat-drausen","8":"first","9":"instock","10":"shipping-taxable","11":"product-type-simple"},"acf":[],"_links":{"self":[{"href":"https:\/\/label.nl\/de\/wp-json\/wp\/v2\/product\/46729","targetHints":{"allow":["GET"]}}],"collection":[{"href":"https:\/\/label.nl\/de\/wp-json\/wp\/v2\/product"}],"about":[{"href":"https:\/\/label.nl\/de\/wp-json\/wp\/v2\/types\/product"}],"version-history":[{"count":0,"href":"https:\/\/label.nl\/de\/wp-json\/wp\/v2\/product\/46729\/revisions"}],"wp:featuredmedia":[{"embeddable":true,"href":"https:\/\/label.nl\/de\/wp-json\/wp\/v2\/media\/43490"}],"wp:attachment":[{"href":"https:\/\/label.nl\/de\/wp-json\/wp\/v2\/media?parent=46729"}],"wp:term":[{"taxonomy":"product_brand","embeddable":true,"href":"https:\/\/label.nl\/de\/wp-json\/wp\/v2\/product_brand?post=46729"},{"taxonomy":"product_cat","embeddable":true,"href":"https:\/\/label.nl\/de\/wp-json\/wp\/v2\/product_cat?post=46729"},{"taxonomy":"product_tag","embeddable":true,"href":"https:\/\/label.nl\/de\/wp-json\/wp\/v2\/product_tag?post=46729"}],"curies":[{"name":"wp","href":"https:\/\/api.w.org\/{rel}","templated":true}]}}