{"id":46731,"date":"2022-03-27T21:04:05","date_gmt":"2022-03-27T19:04:05","guid":{"rendered":"https:\/\/label.nl\/collectie\/unkategorisiert\/gigi-outdoor"},"modified":"2022-03-27T21:04:05","modified_gmt":"2022-03-27T21:04:05","slug":"gigi-outdoor","status":"publish","type":"product","link":"https:\/\/label.nl\/de\/collectie\/drausen\/gigi-outdoor\/","title":{"rendered":"Gigi Outdoor"},"content":{"rendered":"","protected":false},"excerpt":{"rendered":"<p>Die &#8218;Outdoor-Schwester&#8216; des bekannten <a href=\"https:\/\/label.nl\/collectie\/fauteuils\/gigi\">Sessels Gigi<\/a> stammt von Designer Gerard van den Berg. Die H\u00e4ngemattenkonstruktion sorgt f\u00fcr einen hohen Sitzkomfort und das Gigi Outdoor hat ein leicht abnehmbares Kissen, so dass es bei Bedarf t\u00e4glich mit nach drinnen genommen werden kann.<br \/>\nSollte der Gigi Outdoor einmal in den Regen kommen, ist das Kissen im Handumdrehen wieder trocken. Denn das Kissen ist mit einem speziellen Outdoor-Gewebe bezogen, das wasserdurchl\u00e4ssig und zudem mit einer fungiziden Beschichtung versehen ist. Der verwendete Schaumstoff f\u00fchlt sich trocken an. Aufgrund der offenzelligen Struktur flie\u00dft das Wasser durch den Schaumstoff.<\/p>\n<p>Der Gigi Outdoor ist in 7 Stoffvarianten erh\u00e4ltlich, die Grundfarbe ist schwarz-grau. Der Rahmen ist mit einer speziellen Outdoor-Beschichtung versehen. So kann der Gigi Outdoor dem wechselhaften niederl\u00e4ndischen Wetter trotzen.<\/p>\n","protected":false},"featured_media":44196,"template":"","meta":{"_acf_changed":false},"product_brand":[],"product_cat":[359],"product_tag":[],"class_list":{"0":"post-46731","1":"product","2":"type-product","3":"status-publish","4":"has-post-thumbnail","6":"product_cat-drausen","8":"first","9":"instock","10":"shipping-taxable","11":"product-type-simple"},"acf":[],"_links":{"self":[{"href":"https:\/\/label.nl\/de\/wp-json\/wp\/v2\/product\/46731","targetHints":{"allow":["GET"]}}],"collection":[{"href":"https:\/\/label.nl\/de\/wp-json\/wp\/v2\/product"}],"about":[{"href":"https:\/\/label.nl\/de\/wp-json\/wp\/v2\/types\/product"}],"version-history":[{"count":0,"href":"https:\/\/label.nl\/de\/wp-json\/wp\/v2\/product\/46731\/revisions"}],"wp:featuredmedia":[{"embeddable":true,"href":"https:\/\/label.nl\/de\/wp-json\/wp\/v2\/media\/44196"}],"wp:attachment":[{"href":"https:\/\/label.nl\/de\/wp-json\/wp\/v2\/media?parent=46731"}],"wp:term":[{"taxonomy":"product_brand","embeddable":true,"href":"https:\/\/label.nl\/de\/wp-json\/wp\/v2\/product_brand?post=46731"},{"taxonomy":"product_cat","embeddable":true,"href":"https:\/\/label.nl\/de\/wp-json\/wp\/v2\/product_cat?post=46731"},{"taxonomy":"product_tag","embeddable":true,"href":"https:\/\/label.nl\/de\/wp-json\/wp\/v2\/product_tag?post=46731"}],"curies":[{"name":"wp","href":"https:\/\/api.w.org\/{rel}","templated":true}]}}