{"id":46733,"date":"2022-03-27T21:04:05","date_gmt":"2022-03-27T19:04:05","guid":{"rendered":"https:\/\/label.nl\/collectie\/unkategorisiert\/soft-side-pillow"},"modified":"2022-03-27T21:04:05","modified_gmt":"2022-03-27T21:04:05","slug":"soft-side-pillow","status":"publish","type":"product","link":"https:\/\/label.nl\/de\/collectie\/kissen\/soft-side-pillow\/","title":{"rendered":"Soft Side Pillow"},"content":{"rendered":"","protected":false},"excerpt":{"rendered":"<p style=\"font-weight: 400;\">Soft Side Pillow ist eines unserer dekorativen Kissen, das wir mit zwei kontrastierenden Stoffen kombiniert haben, n\u00e4mlich einem robusten stonewashed Leinen und einer kuschelig weichen W\u00e4sche. Das ergibt einen sch\u00f6nen Kontrast. Grob und weich in einem.<\/p>\n","protected":false},"featured_media":43352,"template":"","meta":{"_acf_changed":false},"product_brand":[],"product_cat":[355],"product_tag":[],"class_list":{"0":"post-46733","1":"product","2":"type-product","3":"status-publish","4":"has-post-thumbnail","6":"product_cat-kissen","8":"first","9":"instock","10":"shipping-taxable","11":"product-type-simple"},"acf":[],"_links":{"self":[{"href":"https:\/\/label.nl\/de\/wp-json\/wp\/v2\/product\/46733","targetHints":{"allow":["GET"]}}],"collection":[{"href":"https:\/\/label.nl\/de\/wp-json\/wp\/v2\/product"}],"about":[{"href":"https:\/\/label.nl\/de\/wp-json\/wp\/v2\/types\/product"}],"version-history":[{"count":0,"href":"https:\/\/label.nl\/de\/wp-json\/wp\/v2\/product\/46733\/revisions"}],"wp:featuredmedia":[{"embeddable":true,"href":"https:\/\/label.nl\/de\/wp-json\/wp\/v2\/media\/43352"}],"wp:attachment":[{"href":"https:\/\/label.nl\/de\/wp-json\/wp\/v2\/media?parent=46733"}],"wp:term":[{"taxonomy":"product_brand","embeddable":true,"href":"https:\/\/label.nl\/de\/wp-json\/wp\/v2\/product_brand?post=46733"},{"taxonomy":"product_cat","embeddable":true,"href":"https:\/\/label.nl\/de\/wp-json\/wp\/v2\/product_cat?post=46733"},{"taxonomy":"product_tag","embeddable":true,"href":"https:\/\/label.nl\/de\/wp-json\/wp\/v2\/product_tag?post=46733"}],"curies":[{"name":"wp","href":"https:\/\/api.w.org\/{rel}","templated":true}]}}