{"id":46739,"date":"2022-03-27T21:04:03","date_gmt":"2022-03-27T19:04:03","guid":{"rendered":"https:\/\/label.nl\/collectie\/unkategorisiert\/tabu-beistelltisch"},"modified":"2022-03-27T21:04:03","modified_gmt":"2022-03-27T21:04:03","slug":"tabu","status":"publish","type":"product","link":"https:\/\/label.nl\/de\/collectie\/beistelltisch\/tabu\/","title":{"rendered":"Tabu Beistelltisch"},"content":{"rendered":"","protected":false},"excerpt":{"rendered":"<p style=\"font-weight: 400;\">Ein skurriler Beistelltisch, der zu jeder Einrichtung passt. Kombinieren Sie so viele, wie Sie m\u00f6chten. Die Tische sind in verschiedenen Farben erh\u00e4ltlich. Eine Farbe f\u00fcr jedes Interieur&#8220;. Der Taboo ist in verschiedenen Gr\u00f6\u00dfen erh\u00e4ltlich: Klein und Salon.<\/p>\n","protected":false},"featured_media":43252,"template":"","meta":{"_acf_changed":false},"product_brand":[],"product_cat":[337],"product_tag":[],"class_list":{"0":"post-46739","1":"product","2":"type-product","3":"status-publish","4":"has-post-thumbnail","6":"product_cat-beistelltisch","8":"first","9":"instock","10":"shipping-taxable","11":"product-type-simple"},"acf":[],"_links":{"self":[{"href":"https:\/\/label.nl\/de\/wp-json\/wp\/v2\/product\/46739","targetHints":{"allow":["GET"]}}],"collection":[{"href":"https:\/\/label.nl\/de\/wp-json\/wp\/v2\/product"}],"about":[{"href":"https:\/\/label.nl\/de\/wp-json\/wp\/v2\/types\/product"}],"version-history":[{"count":0,"href":"https:\/\/label.nl\/de\/wp-json\/wp\/v2\/product\/46739\/revisions"}],"wp:featuredmedia":[{"embeddable":true,"href":"https:\/\/label.nl\/de\/wp-json\/wp\/v2\/media\/43252"}],"wp:attachment":[{"href":"https:\/\/label.nl\/de\/wp-json\/wp\/v2\/media?parent=46739"}],"wp:term":[{"taxonomy":"product_brand","embeddable":true,"href":"https:\/\/label.nl\/de\/wp-json\/wp\/v2\/product_brand?post=46739"},{"taxonomy":"product_cat","embeddable":true,"href":"https:\/\/label.nl\/de\/wp-json\/wp\/v2\/product_cat?post=46739"},{"taxonomy":"product_tag","embeddable":true,"href":"https:\/\/label.nl\/de\/wp-json\/wp\/v2\/product_tag?post=46739"}],"curies":[{"name":"wp","href":"https:\/\/api.w.org\/{rel}","templated":true}]}}