{"id":46741,"date":"2022-03-27T21:04:03","date_gmt":"2022-03-27T19:04:03","guid":{"rendered":"https:\/\/label.nl\/collectie\/unkategorisiert\/passion-esstisch"},"modified":"2022-03-27T21:04:03","modified_gmt":"2022-03-27T21:04:03","slug":"leidenschaft","status":"publish","type":"product","link":"https:\/\/label.nl\/de\/collectie\/esszimmertisch\/leidenschaft\/","title":{"rendered":"Passion Esstisch"},"content":{"rendered":"","protected":false},"excerpt":{"rendered":"<p>Das Design von Passion spielt mit den M\u00f6glichkeiten von Holz und Handwerkskunst. Ein unaufdringlicher Tisch, der durch seine leichten Rundungen und flie\u00dfenden \u00dcberg\u00e4nge besticht. Die Tischbeine von Passion sind spitz zulaufend und an der Vorderseite abgerundet. Diese Kurve findet sich in der Tischplatte wieder, die durch die sich verj\u00fcngenden Kopfkanten \u00fcber dem Gestell zu schweben scheint. Sch\u00f6ne Details, die dem Esstisch seine subtile Eleganz verleihen. Mit bis zu zwei klappbaren Verl\u00e4ngerungen hat er eine maximale L\u00e4nge von 350 cm und garantiert Stabilit\u00e4t in allen Verl\u00e4ngerungsphasen. Die Auszugstechnik ist optisch auf ein Minimum reduziert und die Klapprahmen und Eins\u00e4tze decken das Schienensystem im ausgezogenen Zustand vollst\u00e4ndig ab. F\u00fcr einen langen Tisch mit Platz f\u00fcr Freunde und Familie ist Passion ein Gewinn!<\/p>\n<p>Massivholz f\u00fchlt sich warm an und vermittelt ein Gef\u00fchl der Sicherheit. Er ist stabil, strapazierf\u00e4hig und widerstandsf\u00e4hig gegen die Turbulenzen des Alltags.<\/p>\n","protected":false},"featured_media":43462,"template":"","meta":{"_acf_changed":false},"product_brand":[],"product_cat":[333],"product_tag":[],"class_list":{"0":"post-46741","1":"product","2":"type-product","3":"status-publish","4":"has-post-thumbnail","6":"product_cat-esszimmertisch","8":"first","9":"instock","10":"shipping-taxable","11":"product-type-simple"},"acf":[],"_links":{"self":[{"href":"https:\/\/label.nl\/de\/wp-json\/wp\/v2\/product\/46741","targetHints":{"allow":["GET"]}}],"collection":[{"href":"https:\/\/label.nl\/de\/wp-json\/wp\/v2\/product"}],"about":[{"href":"https:\/\/label.nl\/de\/wp-json\/wp\/v2\/types\/product"}],"version-history":[{"count":0,"href":"https:\/\/label.nl\/de\/wp-json\/wp\/v2\/product\/46741\/revisions"}],"wp:featuredmedia":[{"embeddable":true,"href":"https:\/\/label.nl\/de\/wp-json\/wp\/v2\/media\/43462"}],"wp:attachment":[{"href":"https:\/\/label.nl\/de\/wp-json\/wp\/v2\/media?parent=46741"}],"wp:term":[{"taxonomy":"product_brand","embeddable":true,"href":"https:\/\/label.nl\/de\/wp-json\/wp\/v2\/product_brand?post=46741"},{"taxonomy":"product_cat","embeddable":true,"href":"https:\/\/label.nl\/de\/wp-json\/wp\/v2\/product_cat?post=46741"},{"taxonomy":"product_tag","embeddable":true,"href":"https:\/\/label.nl\/de\/wp-json\/wp\/v2\/product_tag?post=46741"}],"curies":[{"name":"wp","href":"https:\/\/api.w.org\/{rel}","templated":true}]}}