{"id":46743,"date":"2022-03-27T21:04:03","date_gmt":"2022-03-27T19:04:03","guid":{"rendered":"https:\/\/label.nl\/collectie\/unkategorisiert\/mikado-esstisch"},"modified":"2022-03-27T21:04:03","modified_gmt":"2022-03-27T21:04:03","slug":"mikado","status":"publish","type":"product","link":"https:\/\/label.nl\/de\/collectie\/esszimmertisch\/mikado\/","title":{"rendered":"Mikado-Esstisch"},"content":{"rendered":"","protected":false},"excerpt":{"rendered":"<p style=\"font-weight: 400;\">Vor allem runde Tische sind aufgrund ihrer flie\u00dfenden Form kleine Raumwunder. Sie sind platzsparend und f\u00fcgen sich optisch sehr gut in das Gesamtbild ein. Mikado ist fast ein Kunstwerk f\u00fcr sich. Die diagonalen Holzstreben lassen den Sockel besonders dynamisch wirken. Es ist inspiriert von dem Brettspiel Mikado. Als Auszug kann Mikado zu einem Oval mit einem zus\u00e4tzlichen Regal in der Mitte erweitert werden.<\/p>\n","protected":false},"featured_media":43456,"template":"","meta":{"_acf_changed":false},"product_brand":[],"product_cat":[333],"product_tag":[],"class_list":{"0":"post-46743","1":"product","2":"type-product","3":"status-publish","4":"has-post-thumbnail","6":"product_cat-esszimmertisch","8":"first","9":"instock","10":"shipping-taxable","11":"product-type-simple"},"acf":[],"_links":{"self":[{"href":"https:\/\/label.nl\/de\/wp-json\/wp\/v2\/product\/46743","targetHints":{"allow":["GET"]}}],"collection":[{"href":"https:\/\/label.nl\/de\/wp-json\/wp\/v2\/product"}],"about":[{"href":"https:\/\/label.nl\/de\/wp-json\/wp\/v2\/types\/product"}],"version-history":[{"count":0,"href":"https:\/\/label.nl\/de\/wp-json\/wp\/v2\/product\/46743\/revisions"}],"wp:featuredmedia":[{"embeddable":true,"href":"https:\/\/label.nl\/de\/wp-json\/wp\/v2\/media\/43456"}],"wp:attachment":[{"href":"https:\/\/label.nl\/de\/wp-json\/wp\/v2\/media?parent=46743"}],"wp:term":[{"taxonomy":"product_brand","embeddable":true,"href":"https:\/\/label.nl\/de\/wp-json\/wp\/v2\/product_brand?post=46743"},{"taxonomy":"product_cat","embeddable":true,"href":"https:\/\/label.nl\/de\/wp-json\/wp\/v2\/product_cat?post=46743"},{"taxonomy":"product_tag","embeddable":true,"href":"https:\/\/label.nl\/de\/wp-json\/wp\/v2\/product_tag?post=46743"}],"curies":[{"name":"wp","href":"https:\/\/api.w.org\/{rel}","templated":true}]}}