{"id":46745,"date":"2022-03-27T21:04:03","date_gmt":"2022-03-27T19:04:03","guid":{"rendered":"https:\/\/label.nl\/collectie\/unkategorisiert\/kameo-couchtisch"},"modified":"2022-03-27T21:04:03","modified_gmt":"2022-03-27T21:04:03","slug":"beistelltisch-kameo","status":"publish","type":"product","link":"https:\/\/label.nl\/de\/collectie\/couchtisch\/beistelltisch-kameo\/","title":{"rendered":"Kameo Couchtisch"},"content":{"rendered":"","protected":false},"excerpt":{"rendered":"<p style=\"font-weight: 400;\">Der Couchtisch Kameo sieht zusammen mit dem Sofa Kameo gro\u00dfartig aus. Der Couchtisch ist in drei verschiedenen Gr\u00f6\u00dfen erh\u00e4ltlich: klein, mittel und gro\u00df. Alle drei Gr\u00f6\u00dfen haben eine gro\u00dfz\u00fcgige Tischplatte mit einer gro\u00dfen Ablagefl\u00e4che darunter. Der Stauraum erg\u00e4nzt das Design des Couchtisches und vervollst\u00e4ndigt das Bild. Der Couchtisch ist aus Eichenholz gefertigt und der Sockel kann aus Holz oder Metall sein.<\/p>\n","protected":false},"featured_media":43778,"template":"","meta":{"_acf_changed":false},"product_brand":[],"product_cat":[363],"product_tag":[],"class_list":{"0":"post-46745","1":"product","2":"type-product","3":"status-publish","4":"has-post-thumbnail","6":"product_cat-couchtisch","8":"first","9":"instock","10":"shipping-taxable","11":"product-type-simple"},"acf":[],"_links":{"self":[{"href":"https:\/\/label.nl\/de\/wp-json\/wp\/v2\/product\/46745","targetHints":{"allow":["GET"]}}],"collection":[{"href":"https:\/\/label.nl\/de\/wp-json\/wp\/v2\/product"}],"about":[{"href":"https:\/\/label.nl\/de\/wp-json\/wp\/v2\/types\/product"}],"version-history":[{"count":0,"href":"https:\/\/label.nl\/de\/wp-json\/wp\/v2\/product\/46745\/revisions"}],"wp:featuredmedia":[{"embeddable":true,"href":"https:\/\/label.nl\/de\/wp-json\/wp\/v2\/media\/43778"}],"wp:attachment":[{"href":"https:\/\/label.nl\/de\/wp-json\/wp\/v2\/media?parent=46745"}],"wp:term":[{"taxonomy":"product_brand","embeddable":true,"href":"https:\/\/label.nl\/de\/wp-json\/wp\/v2\/product_brand?post=46745"},{"taxonomy":"product_cat","embeddable":true,"href":"https:\/\/label.nl\/de\/wp-json\/wp\/v2\/product_cat?post=46745"},{"taxonomy":"product_tag","embeddable":true,"href":"https:\/\/label.nl\/de\/wp-json\/wp\/v2\/product_tag?post=46745"}],"curies":[{"name":"wp","href":"https:\/\/api.w.org\/{rel}","templated":true}]}}