{"id":46751,"date":"2022-03-27T10:36:47","date_gmt":"2022-03-27T08:36:47","guid":{"rendered":"https:\/\/label.nl\/collectie\/unkategorisiert\/zium-pouffe"},"modified":"2022-03-27T10:36:47","modified_gmt":"2022-03-27T10:36:47","slug":"fushocker-zium","status":"publish","type":"product","link":"https:\/\/label.nl\/de\/collectie\/pouffes-de\/fushocker-zium\/","title":{"rendered":"Zium Pouffe"},"content":{"rendered":"","protected":false},"excerpt":{"rendered":"<p style=\"font-weight: 400;\">Ein zweifarbiger Sitzsack, der sich \u00fcberall anbietet, auch am Tisch! Der Kontrast von Leder und Stoff verleiht dem Zium ein sympathisches und kraftvolles Aussehen.<br \/>\nGleichzeitig handelt es sich um ein verspieltes Design, bei dem das Gewicht bewusst niedrig gehalten wurde, so dass der Pouffe leicht zu bewegen ist. Mit zwei verschiedenen Gr\u00f6\u00dfen findet sich immer ein Platz f\u00fcr das Zium: neben dem Sofa, unter dem Tisch, im Schlafzimmer oder sogar im Flur!<\/p>\n","protected":false},"featured_media":43248,"template":"","meta":{"_acf_changed":false},"product_brand":[],"product_cat":[292],"product_tag":[],"class_list":{"0":"post-46751","1":"product","2":"type-product","3":"status-publish","4":"has-post-thumbnail","6":"product_cat-pouffes-de","8":"first","9":"instock","10":"shipping-taxable","11":"product-type-simple"},"acf":[],"_links":{"self":[{"href":"https:\/\/label.nl\/de\/wp-json\/wp\/v2\/product\/46751","targetHints":{"allow":["GET"]}}],"collection":[{"href":"https:\/\/label.nl\/de\/wp-json\/wp\/v2\/product"}],"about":[{"href":"https:\/\/label.nl\/de\/wp-json\/wp\/v2\/types\/product"}],"version-history":[{"count":0,"href":"https:\/\/label.nl\/de\/wp-json\/wp\/v2\/product\/46751\/revisions"}],"wp:featuredmedia":[{"embeddable":true,"href":"https:\/\/label.nl\/de\/wp-json\/wp\/v2\/media\/43248"}],"wp:attachment":[{"href":"https:\/\/label.nl\/de\/wp-json\/wp\/v2\/media?parent=46751"}],"wp:term":[{"taxonomy":"product_brand","embeddable":true,"href":"https:\/\/label.nl\/de\/wp-json\/wp\/v2\/product_brand?post=46751"},{"taxonomy":"product_cat","embeddable":true,"href":"https:\/\/label.nl\/de\/wp-json\/wp\/v2\/product_cat?post=46751"},{"taxonomy":"product_tag","embeddable":true,"href":"https:\/\/label.nl\/de\/wp-json\/wp\/v2\/product_tag?post=46751"}],"curies":[{"name":"wp","href":"https:\/\/api.w.org\/{rel}","templated":true}]}}