{"id":46753,"date":"2022-03-27T10:36:46","date_gmt":"2022-03-27T08:36:46","guid":{"rendered":"https:\/\/label.nl\/collectie\/unkategorisiert\/tonka-esszimmerstuhl"},"modified":"2024-04-30T16:38:40","modified_gmt":"2024-04-30T14:38:40","slug":"tonka","status":"publish","type":"product","link":"https:\/\/label.nl\/de\/collectie\/esstischstuhle\/tonka\/","title":{"rendered":"Tonka Esszimmerstuhl"},"content":{"rendered":"","protected":false},"excerpt":{"rendered":"<p style=\"font-weight: 400;\">Auf dem Gestell, das sein Vater f\u00fcr den Stuhl <a href=\"https:\/\/label.nl\/collectie\/eetkamerstoelen\/mali\">Mali<\/a> entworfen hatte, entwarf Jasper van den Berg einen neuen Mantel. Das Ergebnis ist der Stuhl Tonka! Beim Tonka-Stuhl k\u00f6nnen Sie sich f\u00fcr Leder, Stoff oder eine Kombination aus diesen Materialien entscheiden. Spielen Sie mit den unz\u00e4hligen Variationsm\u00f6glichkeiten.<br \/>\nJaspis <em>ist der Meinung, dass es beim Design um die richtige Kombination von Form, Material und Komfort geht. Der Kontrast der Kombination von Stoff und Leder macht die Form spannend. Hart und weich, glatt und rau, aber in ausgewogener Weise angewendet.<\/em><\/p>\n","protected":false},"featured_media":43210,"template":"","meta":{"_acf_changed":false},"product_brand":[],"product_cat":[341],"product_tag":[],"class_list":{"0":"post-46753","1":"product","2":"type-product","3":"status-publish","4":"has-post-thumbnail","6":"product_cat-esstischstuhle","8":"first","9":"instock","10":"shipping-taxable","11":"product-type-simple"},"acf":[],"_links":{"self":[{"href":"https:\/\/label.nl\/de\/wp-json\/wp\/v2\/product\/46753","targetHints":{"allow":["GET"]}}],"collection":[{"href":"https:\/\/label.nl\/de\/wp-json\/wp\/v2\/product"}],"about":[{"href":"https:\/\/label.nl\/de\/wp-json\/wp\/v2\/types\/product"}],"version-history":[{"count":1,"href":"https:\/\/label.nl\/de\/wp-json\/wp\/v2\/product\/46753\/revisions"}],"predecessor-version":[{"id":50795,"href":"https:\/\/label.nl\/de\/wp-json\/wp\/v2\/product\/46753\/revisions\/50795"}],"wp:featuredmedia":[{"embeddable":true,"href":"https:\/\/label.nl\/de\/wp-json\/wp\/v2\/media\/43210"}],"wp:attachment":[{"href":"https:\/\/label.nl\/de\/wp-json\/wp\/v2\/media?parent=46753"}],"wp:term":[{"taxonomy":"product_brand","embeddable":true,"href":"https:\/\/label.nl\/de\/wp-json\/wp\/v2\/product_brand?post=46753"},{"taxonomy":"product_cat","embeddable":true,"href":"https:\/\/label.nl\/de\/wp-json\/wp\/v2\/product_cat?post=46753"},{"taxonomy":"product_tag","embeddable":true,"href":"https:\/\/label.nl\/de\/wp-json\/wp\/v2\/product_tag?post=46753"}],"curies":[{"name":"wp","href":"https:\/\/api.w.org\/{rel}","templated":true}]}}