{"id":46755,"date":"2022-03-27T10:36:46","date_gmt":"2022-03-27T08:36:46","guid":{"rendered":"https:\/\/label.nl\/collectie\/unkategorisiert\/togo-sessel"},"modified":"2024-04-30T17:19:58","modified_gmt":"2024-04-30T15:19:58","slug":"togo","status":"publish","type":"product","link":"https:\/\/label.nl\/de\/collectie\/sessel\/togo\/","title":{"rendered":"Togo Sessel"},"content":{"rendered":"","protected":false},"excerpt":{"rendered":"<p style=\"font-weight: 400;\">Der R\u00fccken des Togo erinnert an das Sitzen in einer H\u00e4ngematte. Aber mit zus\u00e4tzlicher Lendenwirbelst\u00fctze f\u00fcr den unteren R\u00fccken, was lange Mahlzeiten sehr entspannend macht. Die lockere Polsterung verleiht diesem vielseitigen Stuhl einen l\u00e4ssigen Look. Vor allem der lockere R\u00fccken sorgt f\u00fcr ein sehr angenehmes Tragegef\u00fchl.<\/p>\n<p style=\"font-weight: 400;\">Ebenfalls in dieser Familie erh\u00e4ltlich sind: <a href=\"https:\/\/label.nl\/collectie\/eetkamerstoelen\/gabon\">Esszimmerstuhl Gabon<\/a>, <a href=\"https:\/\/label.nl\/collectie\/barstoelen\/barstool-gabon\">Barhocker Gabon<\/a> und <a href=\"https:\/\/label.nl\/collectie\/eetkamerstoelen\/mali\">Esszimmerstuhl Mali.<\/a><\/p>\n","protected":false},"featured_media":43208,"template":"","meta":{"_acf_changed":false},"product_brand":[],"product_cat":[327],"product_tag":[],"class_list":{"0":"post-46755","1":"product","2":"type-product","3":"status-publish","4":"has-post-thumbnail","6":"product_cat-sessel","8":"first","9":"instock","10":"shipping-taxable","11":"product-type-simple"},"acf":[],"_links":{"self":[{"href":"https:\/\/label.nl\/de\/wp-json\/wp\/v2\/product\/46755","targetHints":{"allow":["GET"]}}],"collection":[{"href":"https:\/\/label.nl\/de\/wp-json\/wp\/v2\/product"}],"about":[{"href":"https:\/\/label.nl\/de\/wp-json\/wp\/v2\/types\/product"}],"version-history":[{"count":1,"href":"https:\/\/label.nl\/de\/wp-json\/wp\/v2\/product\/46755\/revisions"}],"predecessor-version":[{"id":50813,"href":"https:\/\/label.nl\/de\/wp-json\/wp\/v2\/product\/46755\/revisions\/50813"}],"wp:featuredmedia":[{"embeddable":true,"href":"https:\/\/label.nl\/de\/wp-json\/wp\/v2\/media\/43208"}],"wp:attachment":[{"href":"https:\/\/label.nl\/de\/wp-json\/wp\/v2\/media?parent=46755"}],"wp:term":[{"taxonomy":"product_brand","embeddable":true,"href":"https:\/\/label.nl\/de\/wp-json\/wp\/v2\/product_brand?post=46755"},{"taxonomy":"product_cat","embeddable":true,"href":"https:\/\/label.nl\/de\/wp-json\/wp\/v2\/product_cat?post=46755"},{"taxonomy":"product_tag","embeddable":true,"href":"https:\/\/label.nl\/de\/wp-json\/wp\/v2\/product_tag?post=46755"}],"curies":[{"name":"wp","href":"https:\/\/api.w.org\/{rel}","templated":true}]}}