{"id":46757,"date":"2022-03-27T10:36:46","date_gmt":"2022-03-27T08:36:46","guid":{"rendered":"https:\/\/label.nl\/collectie\/unkategorisiert\/tiba-esszimmerstuhl"},"modified":"2024-04-30T16:39:21","modified_gmt":"2024-04-30T14:39:21","slug":"tiba","status":"publish","type":"product","link":"https:\/\/label.nl\/de\/collectie\/esstischstuhle\/tiba\/","title":{"rendered":"Tiba Esszimmerstuhl"},"content":{"rendered":"","protected":false},"excerpt":{"rendered":"<p style=\"font-weight: 400;\">Der Tiba ist ein sch\u00f6ner Freizeitstuhl. Die leicht verl\u00e4ngerte Armlehne bietet zus\u00e4tzliche Beinfreiheit und erleichtert das Aufstehen. Der Tiba bringt Atmosph\u00e4re auf den Tisch, eignet sich aber auch hervorragend f\u00fcr den gesch\u00e4ftlichen Gebrauch. Durch die niedrige R\u00fcckenlehne des Tiba bleiben das Licht und der Blick in den Raum erhalten.<\/p>\n","protected":false},"featured_media":43222,"template":"","meta":{"_acf_changed":false},"product_brand":[],"product_cat":[341],"product_tag":[],"class_list":{"0":"post-46757","1":"product","2":"type-product","3":"status-publish","4":"has-post-thumbnail","6":"product_cat-esstischstuhle","8":"first","9":"instock","10":"shipping-taxable","11":"product-type-simple"},"acf":[],"_links":{"self":[{"href":"https:\/\/label.nl\/de\/wp-json\/wp\/v2\/product\/46757","targetHints":{"allow":["GET"]}}],"collection":[{"href":"https:\/\/label.nl\/de\/wp-json\/wp\/v2\/product"}],"about":[{"href":"https:\/\/label.nl\/de\/wp-json\/wp\/v2\/types\/product"}],"version-history":[{"count":1,"href":"https:\/\/label.nl\/de\/wp-json\/wp\/v2\/product\/46757\/revisions"}],"predecessor-version":[{"id":50796,"href":"https:\/\/label.nl\/de\/wp-json\/wp\/v2\/product\/46757\/revisions\/50796"}],"wp:featuredmedia":[{"embeddable":true,"href":"https:\/\/label.nl\/de\/wp-json\/wp\/v2\/media\/43222"}],"wp:attachment":[{"href":"https:\/\/label.nl\/de\/wp-json\/wp\/v2\/media?parent=46757"}],"wp:term":[{"taxonomy":"product_brand","embeddable":true,"href":"https:\/\/label.nl\/de\/wp-json\/wp\/v2\/product_brand?post=46757"},{"taxonomy":"product_cat","embeddable":true,"href":"https:\/\/label.nl\/de\/wp-json\/wp\/v2\/product_cat?post=46757"},{"taxonomy":"product_tag","embeddable":true,"href":"https:\/\/label.nl\/de\/wp-json\/wp\/v2\/product_tag?post=46757"}],"curies":[{"name":"wp","href":"https:\/\/api.w.org\/{rel}","templated":true}]}}