{"id":46769,"date":"2022-03-27T10:36:45","date_gmt":"2022-03-27T08:36:45","guid":{"rendered":"https:\/\/label.nl\/collectie\/unkategorisiert\/seat24-sessel"},"modified":"2024-04-30T17:22:30","modified_gmt":"2024-04-30T15:22:30","slug":"sitzplatz24","status":"publish","type":"product","link":"https:\/\/label.nl\/de\/collectie\/sessel\/sitzplatz24\/","title":{"rendered":"Seat24 Sessel"},"content":{"rendered":"","protected":false},"excerpt":{"rendered":"<p style=\"font-weight: 400;\">Seat24 ist ein drehbarer und neigbarer Sessel, der von Gerard van den Berg entworfen wurde. Vor einigen Jahren, w\u00e4hrend des Fluges UA132 in den Vereinigten Staaten, wurde Gerard van den Berg durch den Flugzeugsitz inspiriert, auf dem er sa\u00df.<br \/>\nDer Stuhl hatte einen tiefen Schalensitz und eine hohe, d\u00fcnne R\u00fcckenlehne.<\/p>\n<p style=\"font-weight: 400;\">W\u00e4hrend des Fluges holte Gerard einen Stift aus seiner Tasche und schrieb mit einer Serviette seine Inspiration darauf. Die Skizze auf der Serviette bildete die Grundidee f\u00fcr diesen neuen Sessel. Die Form der Armlehnen des Sessels ist den Tragfl\u00e4chen des Flugzeugs nachempfunden, die des Sitzes und der R\u00fcckenlehne dem fraglichen Flugzeugsitz mit der Nummer 24, in dem Gerard van den Berg sa\u00df.<\/p>\n<p style=\"font-weight: 400;\">Der Stuhl hat eine verstellbare Kopfst\u00fctze und ein separates Kopfkissen. Das passende Sitzkissen erh\u00f6ht den Sitzkomfort.<\/p>\n<p>Sehen Sie sich auch die niedrige Version dieses Sessels an: <a href=\"https:\/\/label.nl\/collectie\/fauteuils\/seat24-low\">Seat24-low<\/a><\/p>\n","protected":false},"featured_media":43258,"template":"","meta":{"_acf_changed":false},"product_brand":[],"product_cat":[327],"product_tag":[],"class_list":{"0":"post-46769","1":"product","2":"type-product","3":"status-publish","4":"has-post-thumbnail","6":"product_cat-sessel","8":"first","9":"instock","10":"shipping-taxable","11":"product-type-simple"},"acf":[],"_links":{"self":[{"href":"https:\/\/label.nl\/de\/wp-json\/wp\/v2\/product\/46769","targetHints":{"allow":["GET"]}}],"collection":[{"href":"https:\/\/label.nl\/de\/wp-json\/wp\/v2\/product"}],"about":[{"href":"https:\/\/label.nl\/de\/wp-json\/wp\/v2\/types\/product"}],"version-history":[{"count":1,"href":"https:\/\/label.nl\/de\/wp-json\/wp\/v2\/product\/46769\/revisions"}],"predecessor-version":[{"id":50815,"href":"https:\/\/label.nl\/de\/wp-json\/wp\/v2\/product\/46769\/revisions\/50815"}],"wp:featuredmedia":[{"embeddable":true,"href":"https:\/\/label.nl\/de\/wp-json\/wp\/v2\/media\/43258"}],"wp:attachment":[{"href":"https:\/\/label.nl\/de\/wp-json\/wp\/v2\/media?parent=46769"}],"wp:term":[{"taxonomy":"product_brand","embeddable":true,"href":"https:\/\/label.nl\/de\/wp-json\/wp\/v2\/product_brand?post=46769"},{"taxonomy":"product_cat","embeddable":true,"href":"https:\/\/label.nl\/de\/wp-json\/wp\/v2\/product_cat?post=46769"},{"taxonomy":"product_tag","embeddable":true,"href":"https:\/\/label.nl\/de\/wp-json\/wp\/v2\/product_tag?post=46769"}],"curies":[{"name":"wp","href":"https:\/\/api.w.org\/{rel}","templated":true}]}}