{"id":46773,"date":"2022-03-27T10:36:45","date_gmt":"2022-03-27T08:36:45","guid":{"rendered":"https:\/\/label.nl\/collectie\/unkategorisiert\/santiago-bank"},"modified":"2023-05-12T13:20:51","modified_gmt":"2023-05-12T13:20:51","slug":"sofa-santiago","status":"publish","type":"product","link":"https:\/\/label.nl\/de\/collectie\/sofa\/sofa-santiago\/","title":{"rendered":"Santiago Sofa"},"content":{"rendered":"","protected":false},"excerpt":{"rendered":"<p>Das Santiago ist ein echtes Label Vandenberg-Sofa: einladend und bequem. Mit besonders sch\u00f6nen Beinen aus rostfreiem Stahl. Gepolstert mit sch\u00f6nem Leder oder einem k\u00fchlen Stoff.<br \/>\nGerard van den Berg: &#8222;Ein gro\u00dfer Teil der Kunden von LABEL Vandenberg ist mit mir gewachsen und braucht jetzt wie ich ein sch\u00f6nes Sofa mit einer etwas flacheren und etwas h\u00f6heren Sitzfl\u00e4che, die das Hinsetzen und Aufstehen einfach leichter macht.&#8220;<\/p>\n","protected":false},"featured_media":43776,"template":"","meta":{"_acf_changed":false},"product_brand":[],"product_cat":[331],"product_tag":[],"class_list":{"0":"post-46773","1":"product","2":"type-product","3":"status-publish","4":"has-post-thumbnail","6":"product_cat-sofa","8":"first","9":"instock","10":"shipping-taxable","11":"product-type-simple"},"acf":[],"_links":{"self":[{"href":"https:\/\/label.nl\/de\/wp-json\/wp\/v2\/product\/46773","targetHints":{"allow":["GET"]}}],"collection":[{"href":"https:\/\/label.nl\/de\/wp-json\/wp\/v2\/product"}],"about":[{"href":"https:\/\/label.nl\/de\/wp-json\/wp\/v2\/types\/product"}],"version-history":[{"count":1,"href":"https:\/\/label.nl\/de\/wp-json\/wp\/v2\/product\/46773\/revisions"}],"predecessor-version":[{"id":48229,"href":"https:\/\/label.nl\/de\/wp-json\/wp\/v2\/product\/46773\/revisions\/48229"}],"wp:featuredmedia":[{"embeddable":true,"href":"https:\/\/label.nl\/de\/wp-json\/wp\/v2\/media\/43776"}],"wp:attachment":[{"href":"https:\/\/label.nl\/de\/wp-json\/wp\/v2\/media?parent=46773"}],"wp:term":[{"taxonomy":"product_brand","embeddable":true,"href":"https:\/\/label.nl\/de\/wp-json\/wp\/v2\/product_brand?post=46773"},{"taxonomy":"product_cat","embeddable":true,"href":"https:\/\/label.nl\/de\/wp-json\/wp\/v2\/product_cat?post=46773"},{"taxonomy":"product_tag","embeddable":true,"href":"https:\/\/label.nl\/de\/wp-json\/wp\/v2\/product_tag?post=46773"}],"curies":[{"name":"wp","href":"https:\/\/api.w.org\/{rel}","templated":true}]}}