{"id":46777,"date":"2022-03-27T10:36:45","date_gmt":"2022-03-27T08:36:45","guid":{"rendered":"https:\/\/label.nl\/collectie\/unkategorisiert\/moby-dick-bank"},"modified":"2023-05-12T13:21:26","modified_gmt":"2023-05-12T13:21:26","slug":"moby-dick","status":"publish","type":"product","link":"https:\/\/label.nl\/de\/collectie\/sofa\/moby-dick\/","title":{"rendered":"Moby Dick Sofa"},"content":{"rendered":"","protected":false},"excerpt":{"rendered":"<p style=\"font-weight: 400;\">Unser gro\u00dfer Freund! Moby Dick l\u00e4dt mit seiner weichen Dacron-Deckschicht dazu ein, sich zu setzen und zu entspannen. Die feste untere Schaumstoffschicht erm\u00f6glicht die sch\u00f6nen runden Formen. Das Sofa mit Komfort f\u00fcr alle! Erh\u00e4ltlich als Sessel, 2-Sitzer, 2,5-, 3- und 4-Sitzer oder als Ecksofa.<\/p>\n","protected":false},"featured_media":43458,"template":"","meta":{"_acf_changed":false},"product_brand":[],"product_cat":[331],"product_tag":[],"class_list":{"0":"post-46777","1":"product","2":"type-product","3":"status-publish","4":"has-post-thumbnail","6":"product_cat-sofa","8":"first","9":"instock","10":"shipping-taxable","11":"product-type-simple"},"acf":[],"_links":{"self":[{"href":"https:\/\/label.nl\/de\/wp-json\/wp\/v2\/product\/46777","targetHints":{"allow":["GET"]}}],"collection":[{"href":"https:\/\/label.nl\/de\/wp-json\/wp\/v2\/product"}],"about":[{"href":"https:\/\/label.nl\/de\/wp-json\/wp\/v2\/types\/product"}],"version-history":[{"count":1,"href":"https:\/\/label.nl\/de\/wp-json\/wp\/v2\/product\/46777\/revisions"}],"predecessor-version":[{"id":48231,"href":"https:\/\/label.nl\/de\/wp-json\/wp\/v2\/product\/46777\/revisions\/48231"}],"wp:featuredmedia":[{"embeddable":true,"href":"https:\/\/label.nl\/de\/wp-json\/wp\/v2\/media\/43458"}],"wp:attachment":[{"href":"https:\/\/label.nl\/de\/wp-json\/wp\/v2\/media?parent=46777"}],"wp:term":[{"taxonomy":"product_brand","embeddable":true,"href":"https:\/\/label.nl\/de\/wp-json\/wp\/v2\/product_brand?post=46777"},{"taxonomy":"product_cat","embeddable":true,"href":"https:\/\/label.nl\/de\/wp-json\/wp\/v2\/product_cat?post=46777"},{"taxonomy":"product_tag","embeddable":true,"href":"https:\/\/label.nl\/de\/wp-json\/wp\/v2\/product_tag?post=46777"}],"curies":[{"name":"wp","href":"https:\/\/api.w.org\/{rel}","templated":true}]}}