{"id":46779,"date":"2022-03-27T10:36:44","date_gmt":"2022-03-27T08:36:44","guid":{"rendered":"https:\/\/label.nl\/collectie\/unkategorisiert\/moby-dick-fusshocker"},"modified":"2022-03-27T10:36:44","modified_gmt":"2022-03-27T10:36:44","slug":"fushocker-moby-dick","status":"publish","type":"product","link":"https:\/\/label.nl\/de\/collectie\/fusbanke\/fushocker-moby-dick\/","title":{"rendered":"Moby Dick Fu\u00dfhocker"},"content":{"rendered":"","protected":false},"excerpt":{"rendered":"<p style=\"font-weight: 400;\">Passend zum <a href=\"https:\/\/label.nl\/collectie\/banken\/moby-dick\">Moby Dick-Sofa<\/a>, aber auch als eigenst\u00e4ndiger Pouffe sch\u00f6n. Die Kombination aus Sofa und Pouffe erm\u00f6glicht es Ihnen, sich noch mehr zu entspannen. Komfort f\u00fcr alle!<\/p>\n<p>Auch in dieser Familie: <a href=\"https:\/\/label.nl\/collectie\/fauteuils\/fauteuil-moby-dick\">Moby Dick Sessel<\/a><\/p>\n","protected":false},"featured_media":43460,"template":"","meta":{"_acf_changed":false},"product_brand":[],"product_cat":[290],"product_tag":[],"class_list":{"0":"post-46779","1":"product","2":"type-product","3":"status-publish","4":"has-post-thumbnail","6":"product_cat-fusbanke","8":"first","9":"instock","10":"shipping-taxable","11":"product-type-simple"},"acf":[],"_links":{"self":[{"href":"https:\/\/label.nl\/de\/wp-json\/wp\/v2\/product\/46779","targetHints":{"allow":["GET"]}}],"collection":[{"href":"https:\/\/label.nl\/de\/wp-json\/wp\/v2\/product"}],"about":[{"href":"https:\/\/label.nl\/de\/wp-json\/wp\/v2\/types\/product"}],"version-history":[{"count":0,"href":"https:\/\/label.nl\/de\/wp-json\/wp\/v2\/product\/46779\/revisions"}],"wp:featuredmedia":[{"embeddable":true,"href":"https:\/\/label.nl\/de\/wp-json\/wp\/v2\/media\/43460"}],"wp:attachment":[{"href":"https:\/\/label.nl\/de\/wp-json\/wp\/v2\/media?parent=46779"}],"wp:term":[{"taxonomy":"product_brand","embeddable":true,"href":"https:\/\/label.nl\/de\/wp-json\/wp\/v2\/product_brand?post=46779"},{"taxonomy":"product_cat","embeddable":true,"href":"https:\/\/label.nl\/de\/wp-json\/wp\/v2\/product_cat?post=46779"},{"taxonomy":"product_tag","embeddable":true,"href":"https:\/\/label.nl\/de\/wp-json\/wp\/v2\/product_tag?post=46779"}],"curies":[{"name":"wp","href":"https:\/\/api.w.org\/{rel}","templated":true}]}}